{"id":130671,"date":"2023-12-31T06:15:49","date_gmt":"2023-12-31T06:15:49","guid":{"rendered":"https:\/\/juritrans.ca\/qc\/?page_id=130671"},"modified":"2026-03-22T19:55:26","modified_gmt":"2026-03-22T23:55:26","slug":"accueil","status":"publish","type":"page","link":"https:\/\/juritrans.ca\/qc\/fr\/","title":{"rendered":"Accueil"},"content":{"rendered":"<div class=\"wpb-content-wrapper\"><p>[vc_row][vc_column width=&#8221;1\/1&#8243;][\/vc_column][\/vc_row][vc_row row_height_percent=&#8221;0&#8243; override_padding=&#8221;yes&#8221; h_padding=&#8221;2&#8243; top_padding=&#8221;0&#8243; bottom_padding=&#8221;0&#8243; overlay_alpha=&#8221;50&#8243; equal_height=&#8221;yes&#8221; gutter_size=&#8221;3&#8243; column_width_percent=&#8221;100&#8243; shift_y=&#8221;0&#8243; z_index=&#8221;0&#8243; uncode_shortcode_id=&#8221;776204&#8243;][vc_column column_width_percent=&#8221;100&#8243; gutter_size=&#8221;2&#8243; overlay_alpha=&#8221;50&#8243; shift_x=&#8221;0&#8243; shift_y=&#8221;0&#8243; shift_y_down=&#8221;0&#8243; z_index=&#8221;0&#8243; medium_width=&#8221;0&#8243; mobile_width=&#8221;0&#8243; width=&#8221;1\/12&#8243; uncode_shortcode_id=&#8221;745770&#8243;][\/vc_column][vc_column column_width_percent=&#8221;100&#8243; gutter_size=&#8221;2&#8243; overlay_alpha=&#8221;50&#8243; shift_x=&#8221;0&#8243; shift_y=&#8221;0&#8243; shift_y_down=&#8221;0&#8243; z_index=&#8221;0&#8243; medium_width=&#8221;0&#8243; mobile_width=&#8221;0&#8243; width=&#8221;5\/12&#8243; uncode_shortcode_id=&#8221;195668&#8243; css=&#8221;.vc_custom_1704002490966{padding-right: 1em !important;padding-left: 1em !important;}&#8221;][vc_custom_heading heading_semantic=&#8221;h4&#8243; text_size=&#8221;h4&#8243; uncode_shortcode_id=&#8221;881580&#8243;]Service d&#8217;aide \u00e0 la transition l\u00e9gale[\/vc_custom_heading][vc_column_text uncode_shortcode_id=&#8221;926665&#8243; css=&#8221;.vc_custom_1703998510878{padding-bottom: 0.5em !important;}&#8221;]Nous offrons de l&#8217;information, de l&#8217;accompagnement et de l&#8217;aide concernant le processus de changement de nom et\/ou de la mention du sexe au Qu\u00e9bec pour toute personne en ayant besoin.<\/p>\n<p>Ce service est disponible \u00e0 distance partout au Qu\u00e9bec (et partout \u00e0 travers le monde dans certains cas), et en pr\u00e9sentiel \u00e0 Montr\u00e9al et \u00e0 Qu\u00e9bec (parfois plus).[\/vc_column_text][vc_button border_width=&#8221;0&#8243; uncode_shortcode_id=&#8221;168006&#8243; link=&#8221;url:https%3A%2F%2Fjuritrans.ca%2Fqc%2Ffr%2Fclinique-juridique-en-presentiel%2F|title:Clinique%20juridique%20en%20pr%C3%A9sentiel|target:_blank&#8221;]Clinique juridique en pr\u00e9sentiel[\/vc_button][vc_button border_width=&#8221;0&#8243; uncode_shortcode_id=&#8221;191322&#8243; link=&#8221;url:https%3A%2F%2Fjuritrans.ca%2Fqc%2Ffr%2Fclinique-juridique-a-distance%2F|title:Clinique%20juridique%20%C3%A0%20distance&#8221;]Clinique juridique \u00e0 distance[\/vc_button][vc_empty_space empty_h=&#8221;3&#8243; medium_visibility=&#8221;yes&#8221; mobile_visibility=&#8221;yes&#8221;][vc_empty_space empty_h=&#8221;2&#8243; desktop_visibility=&#8221;yes&#8221;][vc_custom_heading heading_semantic=&#8221;h4&#8243; text_size=&#8221;h4&#8243; uncode_shortcode_id=&#8221;143661&#8243;]La mention du sexe X au Qu\u00e9bec[\/vc_custom_heading][vc_column_text uncode_shortcode_id=&#8221;213633&#8243;]\u00c0 nos connaissances, la mention du sexe X sera impl\u00e9ment\u00e9e sur les cartes de la SAAQ (et potentiellement la RAMQ) le 8 mai prochain. Plus \u00e0 venir&#8230;[\/vc_column_text][vc_button border_width=&#8221;0&#8243; uncode_shortcode_id=&#8221;388755&#8243; link=&#8221;url:https%3A%2F%2Fjuritrans.ca%2Fmention-x%2F|target:_blank&#8221;]Consulter[\/vc_button][vc_empty_space empty_h=&#8221;2&#8243; desktop_visibility=&#8221;yes&#8221;][\/vc_column][vc_column column_width_percent=&#8221;100&#8243; gutter_size=&#8221;2&#8243; overlay_alpha=&#8221;50&#8243; shift_x=&#8221;0&#8243; shift_y=&#8221;0&#8243; shift_y_down=&#8221;0&#8243; z_index=&#8221;0&#8243; medium_width=&#8221;0&#8243; mobile_width=&#8221;0&#8243; width=&#8221;5\/12&#8243; uncode_shortcode_id=&#8221;188516&#8243; css=&#8221;.vc_custom_1704002499538{padding-right: 1em !important;padding-left: 1em !important;}&#8221;][vc_custom_heading heading_semantic=&#8221;h4&#8243; text_size=&#8221;h4&#8243; uncode_shortcode_id=&#8221;189676&#8243;]Loi 21: intervention \u00e0 la Cour supr\u00eame[\/vc_custom_heading][vc_column_text uncode_shortcode_id=&#8221;994058&#8243;]Notre sortie publique sur notre intervention concernant la loi 21 \u00e0 la Cour supr\u00eame du Canada[\/vc_column_text][vc_button border_width=&#8221;0&#8243; uncode_shortcode_id=&#8221;124494&#8243; link=&#8221;url:https%3A%2F%2Fjuritrans.ca%2Fqc%2Ffr%2Fpourquoi-nous-intervenons-a-la-cour-supreme-dans-laffaire-de-la-loi-21%2F|title:Pourquoi%20nous%20intervenons%20%C3%A0%20la%20Cour%20supr%C3%AAme%20dans%20l%E2%80%99affaire%20de%20la%20Loi%2021&#8243;]Consulter[\/vc_button][vc_empty_space empty_h=&#8221;2&#8243;][vc_custom_heading heading_semantic=&#8221;h4&#8243; text_size=&#8221;h4&#8243; uncode_shortcode_id=&#8221;157980&#8243;]Point d&#8217;information sur l&#8217;\u00e9tat civil[\/vc_custom_heading][vc_column_text uncode_shortcode_id=&#8221;942924&#8243;]Informations \u00e9crites, r\u00e9dig\u00e9es par des juristes, concernant le processus de changement de nom et\/ou de la mention du sexe au Qu\u00e9bec, ainsi que l&#8217;impl\u00e9mentation de la mention du sexe X dans ladite province.[\/vc_column_text][vc_button border_width=&#8221;0&#8243; uncode_shortcode_id=&#8221;118626&#8243; link=&#8221;url:https%3A%2F%2Fjuritrans.ca%2Fqc%2Ffr%2Fkb%2F|title:Point%20d&#8217;information%20sur%20l&#8217;%C3%A9tat%20civil%20en%20contexte%20qu%C3%A9b%C3%A9cois&#8221;]Consulter (b\u00eata)[\/vc_button][vc_empty_space empty_h=&#8221;2&#8243;][vc_custom_heading heading_semantic=&#8221;h4&#8243; text_size=&#8221;h4&#8243; uncode_shortcode_id=&#8221;116243&#8243;]R\u00e9pertoire de commissaires \u00e0 l&#8217;assermentation[\/vc_custom_heading][vc_column_text uncode_shortcode_id=&#8221;100543&#8243;]R\u00e9pertoire de commissaires \u00e0 l&#8217;assermentation certifi\u00e9\u00b7es <em>trans-friendly<\/em> au Qu\u00e9bec.[\/vc_column_text][vc_button border_width=&#8221;0&#8243; uncode_shortcode_id=&#8221;175303&#8243; link=&#8221;url:https%3A%2F%2Fjuritrans.ca%2Fqc%2Ffr%2Fliste-de-commissaires-a-lassermentation%2F|title:Liste%20de%20commissaires%20%C3%A0%20l&#8217;assermentation&#8221;]Liste de commissaires \u00e0 l&#8217;assermentation[\/vc_button][vc_empty_space empty_h=&#8221;3&#8243;][\/vc_column][vc_column width=&#8221;1\/12&#8243;][\/vc_column][\/vc_row][vc_row row_height_percent=&#8221;0&#8243; override_padding=&#8221;yes&#8221; h_padding=&#8221;2&#8243; top_padding=&#8221;2&#8243; bottom_padding=&#8221;2&#8243; back_color=&#8221;color-lxmt&#8221; overlay_alpha=&#8221;50&#8243; equal_height=&#8221;yes&#8221; gutter_size=&#8221;3&#8243; column_width_percent=&#8221;100&#8243; shift_y=&#8221;0&#8243; z_index=&#8221;0&#8243; uncode_shortcode_id=&#8221;410897&#8243; back_color_type=&#8221;uncode-palette&#8221;][vc_column width=&#8221;1\/12&#8243;][\/vc_column][vc_column column_width_percent=&#8221;100&#8243; gutter_size=&#8221;3&#8243; overlay_alpha=&#8221;50&#8243; shift_x=&#8221;0&#8243; shift_y=&#8221;0&#8243; shift_y_down=&#8221;0&#8243; z_index=&#8221;0&#8243; medium_width=&#8221;0&#8243; mobile_width=&#8221;0&#8243; width=&#8221;5\/12&#8243; uncode_shortcode_id=&#8221;288662&#8243; css=&#8221;.vc_custom_1704002516859{padding-right: 1em !important;padding-left: 1em !important;}&#8221;][vc_custom_heading heading_semantic=&#8221;h3&#8243; text_size=&#8221;h3&#8243; uncode_shortcode_id=&#8221;922131&#8243;]Opportunit\u00e9s d&#8217;implication[\/vc_custom_heading][vc_column_text uncode_shortcode_id=&#8221;140897&#8243;]L&#8217;acc\u00e8s \u00e0 la justice, \u00e7a ne sort pas de nulle part \u2013 c&#8217;est plut\u00f4t un ph\u00e9nom\u00e8ne qui requiert la participation d&#8217;autant d&#8217;acteur\u00b7rices dans la soci\u00e9t\u00e9 civile que possible. Ceci est en particulier le cas pour les avocat\u00b7es, notaires, et \u00e9tudiant\u00b7es en droit, qui souvent, ont acc\u00e8s \u00e0 des ressources que peu d&#8217;autres personnes n&#8217;ont.<\/p>\n<p>Voulez-vous aider \u00e0 b\u00e2tir une soci\u00e9t\u00e9 plus juste pour les personnes trans et non-binaires? \u00c9crivez-nous, nous pourrions vous donner des opportunit\u00e9s pour faire ainsi![\/vc_column_text][vc_empty_space empty_h=&#8221;1&#8243;][\/vc_column][vc_column column_width_percent=&#8221;100&#8243; gutter_size=&#8221;3&#8243; overlay_alpha=&#8221;50&#8243; shift_x=&#8221;0&#8243; shift_y=&#8221;0&#8243; shift_y_down=&#8221;0&#8243; z_index=&#8221;0&#8243; medium_width=&#8221;0&#8243; mobile_width=&#8221;0&#8243; width=&#8221;5\/12&#8243; uncode_shortcode_id=&#8221;136410&#8243; css=&#8221;.vc_custom_1704002524465{padding-right: 1em !important;padding-left: 1em !important;}&#8221;][vc_custom_heading heading_semantic=&#8221;h3&#8243; text_size=&#8221;h3&#8243; uncode_shortcode_id=&#8221;180853&#8243;]Nouvelles[\/vc_custom_heading][vc_empty_space empty_h=&#8221;2&#8243;][uncode_index el_id=&#8221;index-109717&#8243; isotope_mode=&#8221;vertical&#8221; loop=&#8221;size:5|order_by:date|post_type:post|taxonomy_count:10&#8243; screen_lg=&#8221;1000&#8243; screen_md=&#8221;600&#8243; screen_sm=&#8221;480&#8243; gutter_size=&#8221;3&#8243; single_overlay_opacity=&#8221;50&#8243; single_padding=&#8221;2&#8243; uncode_shortcode_id=&#8221;180787&#8243;][vc_empty_space empty_h=&#8221;1&#8243;][\/vc_column][vc_column width=&#8221;1\/12&#8243;][\/vc_column][\/vc_row][vc_row row_height_percent=&#8221;50&#8243; override_padding=&#8221;yes&#8221; h_padding=&#8221;2&#8243; top_padding=&#8221;5&#8243; bottom_padding=&#8221;5&#8243; back_color=&#8221;color-xsdn&#8221; back_image=&#8221;130732&#8243; overlay_color=&#8221;color-xsdn&#8221; overlay_alpha=&#8221;50&#8243; gutter_size=&#8221;3&#8243; column_width_percent=&#8221;100&#8243; shift_y=&#8221;0&#8243; z_index=&#8221;0&#8243; uncode_shortcode_id=&#8221;329661&#8243; back_color_type=&#8221;uncode-palette&#8221; overlay_color_type=&#8221;uncode-palette&#8221;][vc_column column_width_use_pixel=&#8221;yes&#8221; position_vertical=&#8221;middle&#8221; gutter_size=&#8221;3&#8243; overlay_alpha=&#8221;50&#8243; shift_x=&#8221;0&#8243; shift_y=&#8221;0&#8243; shift_y_down=&#8221;0&#8243; z_index=&#8221;0&#8243; medium_width=&#8221;0&#8243; mobile_width=&#8221;0&#8243; css_animation=&#8221;top-t-bottom&#8221; width=&#8221;1\/1&#8243; column_width_pixel=&#8221;900&#8243; uncode_shortcode_id=&#8221;525080&#8243;][vc_custom_heading text_size=&#8221;h1&#8243; uncode_shortcode_id=&#8221;574212&#8243;]B\u00e2tissons ensemble un monde plus juste, un monde dans lequel personne ne sera laiss\u00e9e en arri\u00e8re par raison de sa transitude.[\/vc_custom_heading][\/vc_column][\/vc_row]<\/p>\n<\/div>","protected":false},"excerpt":{"rendered":"<p>[vc_row][vc_column width=&#8221;1\/1&#8243;][\/vc_column][\/vc_row][vc_row row_height_percent=&#8221;0&#8243; override_padding=&#8221;yes&#8221; h_padding=&#8221;2&#8243; top_padding=&#8221;0&#8243; bottom_padding=&#8221;0&#8243; overlay_alpha=&#8221;50&#8243; equal_height=&#8221;yes&#8221; gutter_size=&#8221;3&#8243; column_width_percent=&#8221;100&#8243; shift_y=&#8221;0&#8243; z_index=&#8221;0&#8243; uncode_shortcode_id=&#8221;776204&#8243;][vc_column column_width_percent=&#8221;100&#8243; gutter_size=&#8221;2&#8243; overlay_alpha=&#8221;50&#8243; shift_x=&#8221;0&#8243; shift_y=&#8221;0&#8243; shift_y_down=&#8221;0&#8243; [&hellip;]<\/p>\n","protected":false},"author":1,"featured_media":0,"parent":0,"menu_order":0,"comment_status":"closed","ping_status":"closed","template":"","meta":{"footnotes":""},"class_list":["post-130671","page","type-page","status-publish","hentry"],"yoast_head":"<!-- This site is optimized with the Yoast SEO plugin v27.1.1 - https:\/\/yoast.com\/product\/yoast-seo-wordpress\/ -->\n<title>Accueil - Juritrans (Qu\u00e9bec)<\/title>\n<meta name=\"description\" content=\"Juritrans est une clinique juridique et organisme de d\u00e9fense des droits desservant les besoins des personnes trans, notamment au Qu\u00e9bec.\" \/>\n<meta name=\"robots\" content=\"index, follow, max-snippet:-1, max-image-preview:large, max-video-preview:-1\" \/>\n<link rel=\"canonical\" href=\"https:\/\/juritrans.ca\/qc\/fr\/\" \/>\n<meta property=\"og:locale\" content=\"en_US\" \/>\n<meta property=\"og:type\" content=\"article\" \/>\n<meta property=\"og:title\" content=\"Accueil - Juritrans (Qu\u00e9bec)\" \/>\n<meta property=\"og:description\" content=\"Juritrans est une clinique juridique et organisme de d\u00e9fense des droits desservant les besoins des personnes trans, notamment au Qu\u00e9bec.\" \/>\n<meta property=\"og:url\" content=\"https:\/\/juritrans.ca\/qc\/fr\/\" \/>\n<meta property=\"og:site_name\" content=\"Juritrans\" \/>\n<meta property=\"article:modified_time\" content=\"2026-03-22T23:55:26+00:00\" \/>\n<meta name=\"twitter:card\" content=\"summary_large_image\" \/>\n<meta name=\"twitter:label1\" content=\"Est. reading time\" \/>\n\t<meta name=\"twitter:data1\" content=\"3 minutes\" \/>\n<script type=\"application\/ld+json\" class=\"yoast-schema-graph\">{\"@context\":\"https:\/\/schema.org\",\"@graph\":[{\"@type\":\"WebPage\",\"@id\":\"https:\/\/juritrans.ca\/qc\/fr\/\",\"url\":\"https:\/\/juritrans.ca\/qc\/fr\/\",\"name\":\"Accueil - Juritrans (Qu\u00e9bec)\",\"isPartOf\":{\"@id\":\"https:\/\/juritrans.ca\/qc\/#website\"},\"datePublished\":\"2023-12-31T06:15:49+00:00\",\"dateModified\":\"2026-03-22T23:55:26+00:00\",\"description\":\"Juritrans est une clinique juridique et organisme de d\u00e9fense des droits desservant les besoins des personnes trans, notamment au Qu\u00e9bec.\",\"breadcrumb\":{\"@id\":\"https:\/\/juritrans.ca\/qc\/fr\/#breadcrumb\"},\"inLanguage\":\"en-US\",\"potentialAction\":[{\"@type\":\"ReadAction\",\"target\":[\"https:\/\/juritrans.ca\/qc\/fr\/\"]}]},{\"@type\":\"BreadcrumbList\",\"@id\":\"https:\/\/juritrans.ca\/qc\/fr\/#breadcrumb\",\"itemListElement\":[{\"@type\":\"ListItem\",\"position\":1,\"name\":\"Home\",\"item\":\"https:\/\/juritrans.ca\/qc\/en\/\"},{\"@type\":\"ListItem\",\"position\":2,\"name\":\"Accueil\"}]},{\"@type\":\"WebSite\",\"@id\":\"https:\/\/juritrans.ca\/qc\/#website\",\"url\":\"https:\/\/juritrans.ca\/qc\/\",\"name\":\"Juritrans - Qu\u00e9bec\",\"description\":\"\",\"publisher\":{\"@id\":\"https:\/\/juritrans.ca\/qc\/#organization\"},\"potentialAction\":[{\"@type\":\"SearchAction\",\"target\":{\"@type\":\"EntryPoint\",\"urlTemplate\":\"https:\/\/juritrans.ca\/qc\/?s={search_term_string}\"},\"query-input\":{\"@type\":\"PropertyValueSpecification\",\"valueRequired\":true,\"valueName\":\"search_term_string\"}}],\"inLanguage\":\"en-US\"},{\"@type\":\"Organization\",\"@id\":\"https:\/\/juritrans.ca\/qc\/#organization\",\"name\":\"Juritrans\",\"url\":\"https:\/\/juritrans.ca\/qc\/\",\"logo\":{\"@type\":\"ImageObject\",\"inLanguage\":\"en-US\",\"@id\":\"https:\/\/juritrans.ca\/qc\/#\/schema\/logo\/image\/\",\"url\":\"https:\/\/i0.wp.com\/juritrans.ca\/qc\/wp-content\/uploads\/sites\/3\/2024\/01\/Untitled-design.png?fit=1080%2C1080&ssl=1\",\"contentUrl\":\"https:\/\/i0.wp.com\/juritrans.ca\/qc\/wp-content\/uploads\/sites\/3\/2024\/01\/Untitled-design.png?fit=1080%2C1080&ssl=1\",\"width\":1080,\"height\":1080,\"caption\":\"Juritrans\"},\"image\":{\"@id\":\"https:\/\/juritrans.ca\/qc\/#\/schema\/logo\/image\/\"}}]}<\/script>\n<!-- \/ Yoast SEO plugin. -->","yoast_head_json":{"title":"Accueil - Juritrans (Qu\u00e9bec)","description":"Juritrans est une clinique juridique et organisme de d\u00e9fense des droits desservant les besoins des personnes trans, notamment au Qu\u00e9bec.","robots":{"index":"index","follow":"follow","max-snippet":"max-snippet:-1","max-image-preview":"max-image-preview:large","max-video-preview":"max-video-preview:-1"},"canonical":"https:\/\/juritrans.ca\/qc\/fr\/","og_locale":"en_US","og_type":"article","og_title":"Accueil - Juritrans (Qu\u00e9bec)","og_description":"Juritrans est une clinique juridique et organisme de d\u00e9fense des droits desservant les besoins des personnes trans, notamment au Qu\u00e9bec.","og_url":"https:\/\/juritrans.ca\/qc\/fr\/","og_site_name":"Juritrans","article_modified_time":"2026-03-22T23:55:26+00:00","twitter_card":"summary_large_image","twitter_misc":{"Est. reading time":"3 minutes"},"schema":{"@context":"https:\/\/schema.org","@graph":[{"@type":"WebPage","@id":"https:\/\/juritrans.ca\/qc\/fr\/","url":"https:\/\/juritrans.ca\/qc\/fr\/","name":"Accueil - Juritrans (Qu\u00e9bec)","isPartOf":{"@id":"https:\/\/juritrans.ca\/qc\/#website"},"datePublished":"2023-12-31T06:15:49+00:00","dateModified":"2026-03-22T23:55:26+00:00","description":"Juritrans est une clinique juridique et organisme de d\u00e9fense des droits desservant les besoins des personnes trans, notamment au Qu\u00e9bec.","breadcrumb":{"@id":"https:\/\/juritrans.ca\/qc\/fr\/#breadcrumb"},"inLanguage":"en-US","potentialAction":[{"@type":"ReadAction","target":["https:\/\/juritrans.ca\/qc\/fr\/"]}]},{"@type":"BreadcrumbList","@id":"https:\/\/juritrans.ca\/qc\/fr\/#breadcrumb","itemListElement":[{"@type":"ListItem","position":1,"name":"Home","item":"https:\/\/juritrans.ca\/qc\/en\/"},{"@type":"ListItem","position":2,"name":"Accueil"}]},{"@type":"WebSite","@id":"https:\/\/juritrans.ca\/qc\/#website","url":"https:\/\/juritrans.ca\/qc\/","name":"Juritrans - Qu\u00e9bec","description":"","publisher":{"@id":"https:\/\/juritrans.ca\/qc\/#organization"},"potentialAction":[{"@type":"SearchAction","target":{"@type":"EntryPoint","urlTemplate":"https:\/\/juritrans.ca\/qc\/?s={search_term_string}"},"query-input":{"@type":"PropertyValueSpecification","valueRequired":true,"valueName":"search_term_string"}}],"inLanguage":"en-US"},{"@type":"Organization","@id":"https:\/\/juritrans.ca\/qc\/#organization","name":"Juritrans","url":"https:\/\/juritrans.ca\/qc\/","logo":{"@type":"ImageObject","inLanguage":"en-US","@id":"https:\/\/juritrans.ca\/qc\/#\/schema\/logo\/image\/","url":"https:\/\/i0.wp.com\/juritrans.ca\/qc\/wp-content\/uploads\/sites\/3\/2024\/01\/Untitled-design.png?fit=1080%2C1080&ssl=1","contentUrl":"https:\/\/i0.wp.com\/juritrans.ca\/qc\/wp-content\/uploads\/sites\/3\/2024\/01\/Untitled-design.png?fit=1080%2C1080&ssl=1","width":1080,"height":1080,"caption":"Juritrans"},"image":{"@id":"https:\/\/juritrans.ca\/qc\/#\/schema\/logo\/image\/"}}]}},"jetpack_sharing_enabled":true,"_links":{"self":[{"href":"https:\/\/juritrans.ca\/qc\/wp-json\/wp\/v2\/pages\/130671","targetHints":{"allow":["GET"]}}],"collection":[{"href":"https:\/\/juritrans.ca\/qc\/wp-json\/wp\/v2\/pages"}],"about":[{"href":"https:\/\/juritrans.ca\/qc\/wp-json\/wp\/v2\/types\/page"}],"author":[{"embeddable":true,"href":"https:\/\/juritrans.ca\/qc\/wp-json\/wp\/v2\/users\/1"}],"replies":[{"embeddable":true,"href":"https:\/\/juritrans.ca\/qc\/wp-json\/wp\/v2\/comments?post=130671"}],"version-history":[{"count":80,"href":"https:\/\/juritrans.ca\/qc\/wp-json\/wp\/v2\/pages\/130671\/revisions"}],"predecessor-version":[{"id":131321,"href":"https:\/\/juritrans.ca\/qc\/wp-json\/wp\/v2\/pages\/130671\/revisions\/131321"}],"wp:attachment":[{"href":"https:\/\/juritrans.ca\/qc\/wp-json\/wp\/v2\/media?parent=130671"}],"curies":[{"name":"wp","href":"https:\/\/api.w.org\/{rel}","templated":true}]}}