{"id":130781,"date":"2024-01-05T21:39:44","date_gmt":"2024-01-05T21:39:44","guid":{"rendered":"https:\/\/juritrans.ca\/qc\/?page_id=130781"},"modified":"2026-03-07T20:14:33","modified_gmt":"2026-03-08T01:14:33","slug":"a-propos","status":"publish","type":"page","link":"https:\/\/juritrans.ca\/qc\/fr\/a-propos\/","title":{"rendered":"\u00c0 propos"},"content":{"rendered":"<div class=\"wpb-content-wrapper\"><p>[vc_row row_height_percent=&#8221;0&#8243; override_padding=&#8221;yes&#8221; h_padding=&#8221;7&#8243; top_padding=&#8221;3&#8243; bottom_padding=&#8221;0&#8243; overlay_alpha=&#8221;50&#8243; gutter_size=&#8221;3&#8243; column_width_percent=&#8221;100&#8243; shift_y=&#8221;0&#8243; z_index=&#8221;0&#8243; uncode_shortcode_id=&#8221;116098&#8243;][vc_column width=&#8221;1\/1&#8243;][vc_custom_heading text_font=&#8221;font-396876&#8243; text_size=&#8221;h1&#8243; uncode_shortcode_id=&#8221;106419&#8243;]\u00c0 propos de nous[\/vc_custom_heading][\/vc_column][\/vc_row][vc_row row_height_percent=&#8221;0&#8243; override_padding=&#8221;yes&#8221; h_padding=&#8221;7&#8243; top_padding=&#8221;2&#8243; bottom_padding=&#8221;2&#8243; overlay_alpha=&#8221;50&#8243; gutter_size=&#8221;3&#8243; column_width_percent=&#8221;100&#8243; shift_y=&#8221;0&#8243; z_index=&#8221;0&#8243; uncode_shortcode_id=&#8221;196091&#8243;][vc_column column_width_percent=&#8221;100&#8243; gutter_size=&#8221;0&#8243; overlay_alpha=&#8221;50&#8243; shift_x=&#8221;0&#8243; shift_y=&#8221;0&#8243; shift_y_down=&#8221;0&#8243; z_index=&#8221;0&#8243; medium_width=&#8221;0&#8243; mobile_width=&#8221;0&#8243; width=&#8221;1\/1&#8243; uncode_shortcode_id=&#8221;287993&#8243;][vc_custom_heading heading_semantic=&#8221;h4&#8243; text_font=&#8221;font-249179&#8243; text_size=&#8221;h3&#8243; uncode_shortcode_id=&#8221;618761&#8243;]Notre mission est simple:[\/vc_custom_heading][vc_custom_heading heading_semantic=&#8221;h4&#8243; text_font=&#8221;font-249179&#8243; text_size=&#8221;h3&#8243; uncode_shortcode_id=&#8221;156557&#8243;]B\u00e2tir un monde plus juste pour les personnes trans et non-binaires.[\/vc_custom_heading][vc_empty_space empty_h=&#8221;1&#8243;][vc_custom_heading heading_semantic=&#8221;h4&#8243; text_font=&#8221;font-213484&#8243; text_size=&#8221;h4&#8243; uncode_shortcode_id=&#8221;134165&#8243;]Dans un monde qui rejette syst\u00e9matique les personnes trans et non-binaires, notre mission, c&#8217;est d&#8217;assurer que ces personnes-ci \u2014 parmi les plus vuln\u00e9rables de la soci\u00e9t\u00e9, surtout dans un contexte rempli de haine anti-trans sans pr\u00e9c\u00e9dent \u2014 puissent reprendre le contr\u00f4le de leurs vies, et ce, en faisant travailler le droit pour e\u00b7lles\u00b7ux.[\/vc_custom_heading][vc_empty_space empty_h=&#8221;2&#8243;][\/vc_column][\/vc_row][vc_row row_height_percent=&#8221;0&#8243; back_color=&#8221;color-lxmt&#8221; overlay_alpha=&#8221;50&#8243; gutter_size=&#8221;3&#8243; column_width_percent=&#8221;100&#8243; shift_y=&#8221;0&#8243; z_index=&#8221;0&#8243; uncode_shortcode_id=&#8221;158218&#8243; back_color_type=&#8221;uncode-palette&#8221;][vc_column width=&#8221;1\/1&#8243;][vc_custom_heading text_font=&#8221;font-249179&#8243; uncode_shortcode_id=&#8221;106670&#8243;]Notre histoire[\/vc_custom_heading][vc_column_text uncode_shortcode_id=&#8221;671334&#8243;]L&#8217;histoire de Juritrans commence avec la Clinique juridique trans de Montr\u00e9al, son pr\u00e9d\u00e9cesseur imm\u00e9diat. Celle-ci, fond\u00e9 par Mtre Samuel Singer en 2014 en partenariat avec la Facult\u00e9 de droit de l&#8217;Universit\u00e9 McGill, dessert la communaut\u00e9 trans montr\u00e9alaise jusqu&#8217;en 2018 \u2014 \u00e9tant un point d&#8217;ancrage important pour les personnes trans qu\u00e9b\u00e9coises, notamment les plus marginalis\u00e9es.<\/p>\n<p>\u00c0 l&#8217;\u00e9poque, les mineur\u00b7es trans ne pouvaient pas obtenir de changement de la mention du sexe \u2014 leur emprisonnant dans une mauvaise identit\u00e9 jusqu&#8217;\u00e0 l&#8217;\u00e2ge adulte. Les personnes trans non citoyennes \u00e9taient \u00e9galement incapables de changer leur nom ou leur mention du sexe l\u00e9gale (sans d\u00e9m\u00e9nager), faute de l&#8217;inaction du gouvernement \u00e0 l&#8217;\u00e9poque. Les personnes non-binaires n&#8217;avaient aucune option sur leurs pi\u00e8ces d&#8217;identit\u00e9, point. Celles\u00b7ux-ci doivent attendre jusqu&#8217;en 2016, 2021 et 2022 respectivement afin d&#8217;\u00eatre \u00e9ligible pour un tel changement.<\/p>\n<p>Suite aux changements l\u00e9gislatifs au projet de loi n\u00b0 2, et l&#8217;impl\u00e9mentation de la mention du sexe X sur les actes de naissance qu\u00e9b\u00e9cois, un besoin appara\u00eet: plusieurs attendaient depuis des ann\u00e9es pour obtenir ledit changement! Ainsi, la \u00ab nouvelle clinique juridique trans \u00bb de Montr\u00e9al na\u00eetra alors, en tant que service affect\u00e9 \u00e0 d&#8217;autres organismes 2SLGBTQ+ du Qu\u00e9bec. Celui-ci, plus tard, deviendra un service ind\u00e9pendant de tout organisme, et subs\u00e9quemment, sera incorpor\u00e9 en tant qu&#8217;organisme \u00e0 but non lucratif, sous le nom de <em>Juritrans<\/em>.[\/vc_column_text][vc_row_inner row_inner_height_percent=&#8221;0&#8243; overlay_alpha=&#8221;50&#8243; gutter_size=&#8221;3&#8243; border_color=&#8221;color-prif&#8221; border_style=&#8221;solid&#8221; shift_y=&#8221;0&#8243; z_index=&#8221;0&#8243; uncode_shortcode_id=&#8221;722949&#8243; border_color_type=&#8221;uncode-palette&#8221;][vc_column_inner column_width_percent=&#8221;100&#8243; align_horizontal=&#8221;align_center&#8221; gutter_size=&#8221;2&#8243; overlay_alpha=&#8221;50&#8243; border_color=&#8221;color-jevc&#8221; border_style=&#8221;solid&#8221; shift_x=&#8221;0&#8243; shift_y=&#8221;0&#8243; shift_y_down=&#8221;0&#8243; z_index=&#8221;0&#8243; medium_width=&#8221;0&#8243; mobile_width=&#8221;0&#8243; width=&#8221;1\/3&#8243; uncode_shortcode_id=&#8221;199790&#8243; border_color_type=&#8221;uncode-palette&#8221; css=&#8221;.vc_custom_1704074140496{border-right-width: 1px !important;}&#8221;][uncode_counter prefix=&#8221;Plus de\u3164\u200e \u200e&#8221; counter_color=&#8221;&#8221; font=&#8221;font-249179&#8243; size=&#8221;h1&#8243; uncode_shortcode_id=&#8221;199275&#8243;][vc_column_text uncode_shortcode_id=&#8221;152111&#8243;]personnes trans aid\u00e9es depuis 2022[\/vc_column_text][\/vc_column_inner][vc_column_inner column_width_percent=&#8221;100&#8243; align_horizontal=&#8221;align_center&#8221; gutter_size=&#8221;2&#8243; overlay_alpha=&#8221;50&#8243; shift_x=&#8221;0&#8243; shift_y=&#8221;0&#8243; shift_y_down=&#8221;0&#8243; z_index=&#8221;0&#8243; medium_width=&#8221;0&#8243; mobile_width=&#8221;0&#8243; width=&#8221;1\/3&#8243; uncode_shortcode_id=&#8221;112726&#8243;][uncode_counter value=&#8221;7&#8243; counter_color=&#8221;&#8221; font=&#8221;font-249179&#8243; size=&#8221;h1&#8243; uncode_shortcode_id=&#8221;106463&#8243;][vc_column_text uncode_shortcode_id=&#8221;110623&#8243;]villes d\u00e9j\u00e0 desservies par nos services, dans quatre provinces canadiennes[\/vc_column_text][\/vc_column_inner][vc_column_inner column_width_percent=&#8221;100&#8243; align_horizontal=&#8221;align_center&#8221; gutter_size=&#8221;2&#8243; overlay_alpha=&#8221;50&#8243; border_color=&#8221;color-jevc&#8221; border_style=&#8221;solid&#8221; shift_x=&#8221;0&#8243; shift_y=&#8221;0&#8243; shift_y_down=&#8221;0&#8243; z_index=&#8221;0&#8243; medium_width=&#8221;0&#8243; mobile_width=&#8221;0&#8243; width=&#8221;1\/3&#8243; uncode_shortcode_id=&#8221;800540&#8243; border_color_type=&#8221;uncode-palette&#8221; css=&#8221;.vc_custom_1704074149052{border-left-width: 1px !important;}&#8221;][uncode_counter value=&#8221;29500&#8243; counter_color=&#8221;&#8221; font=&#8221;font-249179&#8243; size=&#8221;h1&#8243; uncode_shortcode_id=&#8221;114549&#8243; suffix=&#8221;\u3164\u200e \u200e$&#8221;][vc_column_text uncode_shortcode_id=&#8221;129971&#8243;](approx.) redistribu\u00e9 \u00e0 des personnes trans en besoin[\/vc_column_text][\/vc_column_inner][\/vc_row_inner][vc_column_text uncode_shortcode_id=&#8221;411081&#8243;]C&#8217;est dans une optique d&#8217;innovation, mais \u00e9galement dans l&#8217;esprit de continuer le travail incroyable d&#8217;acc\u00e8s \u00e0 la justice qui a d\u00e9j\u00e0 \u00e9t\u00e9 effectu\u00e9 au Qu\u00e9bec, que nous poursuivions notre travail. Notre direction est devenue r\u00e9pondante de premi\u00e8re ligne contre la mont\u00e9e de la haine anti-trans ici. Pr\u00e9sentement, nous travaillons un projet de vulgarisation du droit visant \u00e0 s&#8217;attaquer aux barri\u00e8res d&#8217;acc\u00e8s \u00e0 la justice que font face les victimes de discrimination anti-trans. Nous sommes \u00e9galement impliqu\u00e9es dans des dossiers judiciaris\u00e9s, d\u00e9fendant les int\u00e9r\u00eats des jeunes trans devant les tribunaux. Ce travail est de longue haleine&#8230; mais faut se le dire, est essentiel![\/vc_column_text][\/vc_column][\/vc_row][vc_row][vc_column width=&#8221;1\/1&#8243;][vc_custom_heading text_font=&#8221;font-249179&#8243; uncode_shortcode_id=&#8221;157864&#8243;]L&#8217;\u00e9quipe \u00e0 Juritrans[\/vc_custom_heading][vc_column_text uncode_shortcode_id=&#8221;108889&#8243;]Notre \u00e9quipe consiste pr\u00e9sentement enti\u00e8rement de personnes b\u00e9n\u00e9voles. Nommons parmi ceux-ci les membres de notre conseil administration:<\/p>\n<ul>\n<li>C\u00e9leste Trianon<\/li>\n<li>Arwyn Jordan Regimbal<\/li>\n<li>Emma Gurney<\/li>\n<li>Marina Li-Pook-Than<\/li>\n<li>Brody Weaver<\/li>\n<\/ul>\n<p>Note que cette liste est incompl\u00e8te et demeure en construction.[\/vc_column_text][\/vc_column][\/vc_row][vc_row row_height_percent=&#8221;0&#8243; back_color=&#8221;color-lxmt&#8221; overlay_alpha=&#8221;50&#8243; gutter_size=&#8221;3&#8243; column_width_percent=&#8221;100&#8243; shift_y=&#8221;0&#8243; z_index=&#8221;0&#8243; uncode_shortcode_id=&#8221;207020&#8243; back_color_type=&#8221;uncode-palette&#8221;][vc_column width=&#8221;1\/1&#8243;][vc_custom_heading text_font=&#8221;font-249179&#8243; uncode_shortcode_id=&#8221;180085&#8243;]Nos partenaires[\/vc_custom_heading][vc_gallery el_id=&#8221;gallery-4&#8243; isotope_mode=&#8221;packery&#8221; medias=&#8221;130878,130873,130876,130870,130869,130871,130877,131060,131070&#8243; gutter_size=&#8221;3&#8243; inner_padding=&#8221;yes&#8221; media_items=&#8221;media|custom_link|original&#8221; screen_lg=&#8221;1000&#8243; screen_md=&#8221;600&#8243; screen_sm=&#8221;480&#8243; single_text=&#8221;under&#8221; single_width=&#8221;2&#8243; single_overlay_opacity=&#8221;50&#8243; single_overlay_anim=&#8221;no&#8221; single_padding=&#8221;1&#8243; single_text_reduced=&#8221;yes&#8221; single_icon=&#8221;fa fa-plus2&#8243; single_border=&#8221;yes&#8221; lbox_transparency=&#8221;opaque&#8221; lbox_title=&#8221;yes&#8221; lbox_caption=&#8221;yes&#8221; lbox_social=&#8221;yes&#8221; lbox_no_tmb=&#8221;yes&#8221; lbox_transition=&#8221;lg-fade&#8221; no_double_tap=&#8221;yes&#8221; carousel_rtl=&#8221;&#8221; single_title_uppercase=&#8221;&#8221; single_title_bold=&#8221;yes&#8221; single_title_serif=&#8221;&#8221; onclick=&#8221;link_image&#8221; custom_links_target=&#8221;_self&#8221; single_half_padding=&#8221;yes&#8221; single_no_background=&#8221;yes&#8221; uncode_shortcode_id=&#8221;968353&#8243; items=&#8221;eyIxMzEwNjBfaSI6eyJzaW5nbGVfbGluayI6InVybDpodHRwcyUzQSUyRiUyRmp1cmlwb3Aub3JnJTJGfHRhcmdldDpfYmxhbmsifSwiMTMwODc4X2kiOnsic2luZ2xlX2xpbmsiOiJ1cmw6aHR0cHMlM0ElMkYlMkZ3d3cuZXR1ZGlhbnRzcHJvYm9uby5jYSUyRnx0YXJnZXQ6X2JsYW5rIn0sIjEzMDg3M19pIjp7InNpbmdsZV9saW5rIjoidXJsOmh0dHBzJTNBJTJGJTJGY29uc2VpbC1sZ2J0LmNhJTJGfHRhcmdldDpfYmxhbmsifSwiMTMwODc2X2kiOnsic2luZ2xlX2xpbmsiOiJ1cmw6aHR0cHMlM0ElMkYlMkZlbmNoYW50ZW5ldHdvcmsuY2ElMkZmciUyRnx0YXJnZXQ6X2JsYW5rIn0sIjEzMDg3MV9pIjp7InNpbmdsZV9saW5rIjoidXJsOmh0dHBzJTNBJTJGJTJGd3d3LmpldW5lc3NlbGFtYmRhLmNvbSUyRnx0YXJnZXQ6X2JsYW5rIn0sIjEzMDg3N19pIjp7InNpbmdsZV9saW5rIjoidXJsOmh0dHBzJTNBJTJGJTJGYWx0ZXJoZXJvcy5jb20lMkZhbHRlcmhlcm9zJTJGfHRhcmdldDpfYmxhbmsifSwiMTMxMDcwX2kiOnsic2luZ2xlX2xpbmsiOiJ1cmw6aHR0cCUzQSUyRiUyRnNvcXVpai5xYy5jYXx0YXJnZXQ6X2JsYW5rIn19&#8243;][\/vc_column][\/vc_row]<\/p>\n<\/div>","protected":false},"excerpt":{"rendered":"<p>[vc_row row_height_percent=&#8221;0&#8243; override_padding=&#8221;yes&#8221; h_padding=&#8221;7&#8243; top_padding=&#8221;3&#8243; bottom_padding=&#8221;0&#8243; overlay_alpha=&#8221;50&#8243; gutter_size=&#8221;3&#8243; column_width_percent=&#8221;100&#8243; shift_y=&#8221;0&#8243; z_index=&#8221;0&#8243; uncode_shortcode_id=&#8221;116098&#8243;][vc_column width=&#8221;1\/1&#8243;][vc_custom_heading text_font=&#8221;font-396876&#8243; text_size=&#8221;h1&#8243; uncode_shortcode_id=&#8221;106419&#8243;]\u00c0 propos de nous[\/vc_custom_heading][\/vc_column][\/vc_row][vc_row row_height_percent=&#8221;0&#8243; [&hellip;]<\/p>\n","protected":false},"author":1,"featured_media":0,"parent":0,"menu_order":0,"comment_status":"closed","ping_status":"closed","template":"","meta":{"footnotes":""},"class_list":["post-130781","page","type-page","status-publish","hentry"],"yoast_head":"<!-- This site is optimized with the Yoast SEO plugin v27.1.1 - https:\/\/yoast.com\/product\/yoast-seo-wordpress\/ -->\n<title>\u00c0 propos - Juritrans<\/title>\n<meta name=\"robots\" content=\"index, follow, max-snippet:-1, max-image-preview:large, max-video-preview:-1\" \/>\n<link rel=\"canonical\" href=\"https:\/\/juritrans.ca\/qc\/fr\/a-propos\/\" \/>\n<meta property=\"og:locale\" content=\"en_US\" \/>\n<meta property=\"og:type\" content=\"article\" \/>\n<meta property=\"og:title\" content=\"\u00c0 propos - Juritrans\" \/>\n<meta property=\"og:description\" content=\"[vc_row row_height_percent=&#8221;0&#8243; override_padding=&#8221;yes&#8221; h_padding=&#8221;7&#8243; top_padding=&#8221;3&#8243; bottom_padding=&#8221;0&#8243; overlay_alpha=&#8221;50&#8243; gutter_size=&#8221;3&#8243; column_width_percent=&#8221;100&#8243; shift_y=&#8221;0&#8243; z_index=&#8221;0&#8243; uncode_shortcode_id=&#8221;116098&#8243;][vc_column width=&#8221;1\/1&#8243;][vc_custom_heading text_font=&#8221;font-396876&#8243; text_size=&#8221;h1&#8243; uncode_shortcode_id=&#8221;106419&#8243;]\u00c0 propos de nous[\/vc_custom_heading][\/vc_column][\/vc_row][vc_row row_height_percent=&#8221;0&#8243; [&hellip;]\" \/>\n<meta property=\"og:url\" content=\"https:\/\/juritrans.ca\/qc\/fr\/a-propos\/\" \/>\n<meta property=\"og:site_name\" content=\"Juritrans\" \/>\n<meta property=\"article:modified_time\" content=\"2026-03-08T01:14:33+00:00\" \/>\n<meta name=\"twitter:card\" content=\"summary_large_image\" \/>\n<meta name=\"twitter:label1\" content=\"Est. reading time\" \/>\n\t<meta name=\"twitter:data1\" content=\"3 minutes\" \/>\n<script type=\"application\/ld+json\" class=\"yoast-schema-graph\">{\"@context\":\"https:\/\/schema.org\",\"@graph\":[{\"@type\":\"WebPage\",\"@id\":\"https:\/\/juritrans.ca\/qc\/fr\/a-propos\/\",\"url\":\"https:\/\/juritrans.ca\/qc\/fr\/a-propos\/\",\"name\":\"\u00c0 propos - Juritrans\",\"isPartOf\":{\"@id\":\"https:\/\/juritrans.ca\/qc\/#website\"},\"datePublished\":\"2024-01-05T21:39:44+00:00\",\"dateModified\":\"2026-03-08T01:14:33+00:00\",\"breadcrumb\":{\"@id\":\"https:\/\/juritrans.ca\/qc\/fr\/a-propos\/#breadcrumb\"},\"inLanguage\":\"en-US\",\"potentialAction\":[{\"@type\":\"ReadAction\",\"target\":[\"https:\/\/juritrans.ca\/qc\/fr\/a-propos\/\"]}]},{\"@type\":\"BreadcrumbList\",\"@id\":\"https:\/\/juritrans.ca\/qc\/fr\/a-propos\/#breadcrumb\",\"itemListElement\":[{\"@type\":\"ListItem\",\"position\":1,\"name\":\"Home\",\"item\":\"https:\/\/juritrans.ca\/qc\/en\/\"},{\"@type\":\"ListItem\",\"position\":2,\"name\":\"\u00c0 propos\"}]},{\"@type\":\"WebSite\",\"@id\":\"https:\/\/juritrans.ca\/qc\/#website\",\"url\":\"https:\/\/juritrans.ca\/qc\/\",\"name\":\"Juritrans - Qu\u00e9bec\",\"description\":\"\",\"publisher\":{\"@id\":\"https:\/\/juritrans.ca\/qc\/#organization\"},\"potentialAction\":[{\"@type\":\"SearchAction\",\"target\":{\"@type\":\"EntryPoint\",\"urlTemplate\":\"https:\/\/juritrans.ca\/qc\/?s={search_term_string}\"},\"query-input\":{\"@type\":\"PropertyValueSpecification\",\"valueRequired\":true,\"valueName\":\"search_term_string\"}}],\"inLanguage\":\"en-US\"},{\"@type\":\"Organization\",\"@id\":\"https:\/\/juritrans.ca\/qc\/#organization\",\"name\":\"Juritrans\",\"url\":\"https:\/\/juritrans.ca\/qc\/\",\"logo\":{\"@type\":\"ImageObject\",\"inLanguage\":\"en-US\",\"@id\":\"https:\/\/juritrans.ca\/qc\/#\/schema\/logo\/image\/\",\"url\":\"https:\/\/i0.wp.com\/juritrans.ca\/qc\/wp-content\/uploads\/sites\/3\/2024\/01\/Untitled-design.png?fit=1080%2C1080&ssl=1\",\"contentUrl\":\"https:\/\/i0.wp.com\/juritrans.ca\/qc\/wp-content\/uploads\/sites\/3\/2024\/01\/Untitled-design.png?fit=1080%2C1080&ssl=1\",\"width\":1080,\"height\":1080,\"caption\":\"Juritrans\"},\"image\":{\"@id\":\"https:\/\/juritrans.ca\/qc\/#\/schema\/logo\/image\/\"}}]}<\/script>\n<!-- \/ Yoast SEO plugin. -->","yoast_head_json":{"title":"\u00c0 propos - Juritrans","robots":{"index":"index","follow":"follow","max-snippet":"max-snippet:-1","max-image-preview":"max-image-preview:large","max-video-preview":"max-video-preview:-1"},"canonical":"https:\/\/juritrans.ca\/qc\/fr\/a-propos\/","og_locale":"en_US","og_type":"article","og_title":"\u00c0 propos - Juritrans","og_description":"[vc_row row_height_percent=&#8221;0&#8243; override_padding=&#8221;yes&#8221; h_padding=&#8221;7&#8243; top_padding=&#8221;3&#8243; bottom_padding=&#8221;0&#8243; overlay_alpha=&#8221;50&#8243; gutter_size=&#8221;3&#8243; column_width_percent=&#8221;100&#8243; shift_y=&#8221;0&#8243; z_index=&#8221;0&#8243; uncode_shortcode_id=&#8221;116098&#8243;][vc_column width=&#8221;1\/1&#8243;][vc_custom_heading text_font=&#8221;font-396876&#8243; text_size=&#8221;h1&#8243; uncode_shortcode_id=&#8221;106419&#8243;]\u00c0 propos de nous[\/vc_custom_heading][\/vc_column][\/vc_row][vc_row row_height_percent=&#8221;0&#8243; [&hellip;]","og_url":"https:\/\/juritrans.ca\/qc\/fr\/a-propos\/","og_site_name":"Juritrans","article_modified_time":"2026-03-08T01:14:33+00:00","twitter_card":"summary_large_image","twitter_misc":{"Est. reading time":"3 minutes"},"schema":{"@context":"https:\/\/schema.org","@graph":[{"@type":"WebPage","@id":"https:\/\/juritrans.ca\/qc\/fr\/a-propos\/","url":"https:\/\/juritrans.ca\/qc\/fr\/a-propos\/","name":"\u00c0 propos - Juritrans","isPartOf":{"@id":"https:\/\/juritrans.ca\/qc\/#website"},"datePublished":"2024-01-05T21:39:44+00:00","dateModified":"2026-03-08T01:14:33+00:00","breadcrumb":{"@id":"https:\/\/juritrans.ca\/qc\/fr\/a-propos\/#breadcrumb"},"inLanguage":"en-US","potentialAction":[{"@type":"ReadAction","target":["https:\/\/juritrans.ca\/qc\/fr\/a-propos\/"]}]},{"@type":"BreadcrumbList","@id":"https:\/\/juritrans.ca\/qc\/fr\/a-propos\/#breadcrumb","itemListElement":[{"@type":"ListItem","position":1,"name":"Home","item":"https:\/\/juritrans.ca\/qc\/en\/"},{"@type":"ListItem","position":2,"name":"\u00c0 propos"}]},{"@type":"WebSite","@id":"https:\/\/juritrans.ca\/qc\/#website","url":"https:\/\/juritrans.ca\/qc\/","name":"Juritrans - Qu\u00e9bec","description":"","publisher":{"@id":"https:\/\/juritrans.ca\/qc\/#organization"},"potentialAction":[{"@type":"SearchAction","target":{"@type":"EntryPoint","urlTemplate":"https:\/\/juritrans.ca\/qc\/?s={search_term_string}"},"query-input":{"@type":"PropertyValueSpecification","valueRequired":true,"valueName":"search_term_string"}}],"inLanguage":"en-US"},{"@type":"Organization","@id":"https:\/\/juritrans.ca\/qc\/#organization","name":"Juritrans","url":"https:\/\/juritrans.ca\/qc\/","logo":{"@type":"ImageObject","inLanguage":"en-US","@id":"https:\/\/juritrans.ca\/qc\/#\/schema\/logo\/image\/","url":"https:\/\/i0.wp.com\/juritrans.ca\/qc\/wp-content\/uploads\/sites\/3\/2024\/01\/Untitled-design.png?fit=1080%2C1080&ssl=1","contentUrl":"https:\/\/i0.wp.com\/juritrans.ca\/qc\/wp-content\/uploads\/sites\/3\/2024\/01\/Untitled-design.png?fit=1080%2C1080&ssl=1","width":1080,"height":1080,"caption":"Juritrans"},"image":{"@id":"https:\/\/juritrans.ca\/qc\/#\/schema\/logo\/image\/"}}]}},"jetpack_sharing_enabled":true,"_links":{"self":[{"href":"https:\/\/juritrans.ca\/qc\/wp-json\/wp\/v2\/pages\/130781","targetHints":{"allow":["GET"]}}],"collection":[{"href":"https:\/\/juritrans.ca\/qc\/wp-json\/wp\/v2\/pages"}],"about":[{"href":"https:\/\/juritrans.ca\/qc\/wp-json\/wp\/v2\/types\/page"}],"author":[{"embeddable":true,"href":"https:\/\/juritrans.ca\/qc\/wp-json\/wp\/v2\/users\/1"}],"replies":[{"embeddable":true,"href":"https:\/\/juritrans.ca\/qc\/wp-json\/wp\/v2\/comments?post=130781"}],"version-history":[{"count":63,"href":"https:\/\/juritrans.ca\/qc\/wp-json\/wp\/v2\/pages\/130781\/revisions"}],"predecessor-version":[{"id":131306,"href":"https:\/\/juritrans.ca\/qc\/wp-json\/wp\/v2\/pages\/130781\/revisions\/131306"}],"wp:attachment":[{"href":"https:\/\/juritrans.ca\/qc\/wp-json\/wp\/v2\/media?parent=130781"}],"curies":[{"name":"wp","href":"https:\/\/api.w.org\/{rel}","templated":true}]}}