{"id":131005,"date":"2024-03-20T19:52:06","date_gmt":"2024-03-20T23:52:06","guid":{"rendered":"https:\/\/juritrans.ca\/qc\/?page_id=131005"},"modified":"2025-05-19T02:45:40","modified_gmt":"2025-05-19T06:45:40","slug":"liste-de-commissaires-a-lassermentation","status":"publish","type":"page","link":"https:\/\/juritrans.ca\/qc\/fr\/liste-de-commissaires-a-lassermentation\/","title":{"rendered":"Liste de commissaires \u00e0 l&#8217;assermentation"},"content":{"rendered":"<div class=\"wpb-content-wrapper\"><p>[vc_row row_height_percent=&#8221;50&#8243; override_padding=&#8221;yes&#8221; h_padding=&#8221;2&#8243; top_padding=&#8221;5&#8243; bottom_padding=&#8221;5&#8243; back_color=&#8221;color-wayh&#8221; back_image=&#8221;131011&#8243; back_position=&#8221;center bottom&#8221; kburns=&#8221;yes&#8221; overlay_color=&#8221;color-wayh&#8221; overlay_alpha=&#8221;50&#8243; gutter_size=&#8221;3&#8243; column_width_percent=&#8221;100&#8243; shift_y=&#8221;0&#8243; z_index=&#8221;0&#8243; bottom_divider=&#8221;gradient&#8221; uncode_shortcode_id=&#8221;146937&#8243; back_color_type=&#8221;uncode-palette&#8221; overlay_color_type=&#8221;uncode-palette&#8221;][vc_column column_width_use_pixel=&#8221;yes&#8221; position_vertical=&#8221;middle&#8221; align_horizontal=&#8221;align_center&#8221; gutter_size=&#8221;0&#8243; style=&#8221;dark&#8221; overlay_alpha=&#8221;50&#8243; shift_x=&#8221;0&#8243; shift_y=&#8221;0&#8243; shift_y_down=&#8221;0&#8243; z_index=&#8221;0&#8243; medium_width=&#8221;0&#8243; mobile_width=&#8221;0&#8243; css_animation=&#8221;bottom-t-top&#8221; animation_speed=&#8221;1000&#8243; animation_delay=&#8221;200&#8243; width=&#8221;1\/1&#8243; uncode_shortcode_id=&#8221;783658&#8243; column_width_pixel=&#8221;1000&#8243;][vc_custom_heading text_font=&#8221;font-249179&#8243; uncode_shortcode_id=&#8221;622570&#8243; el_id=&#8221;le-droit-0092741&#8243;]<span style=\"font-size: 2em;\">Liste de commissaires \u00e0 l&#8217;assermentation<\/span>[\/vc_custom_heading][vc_custom_heading text_font=&#8221;font-213484&#8243; text_size=&#8221;h1&#8243; uncode_shortcode_id=&#8221;112579&#8243;]<em>certifi\u00e9\u00b7es trans-friendly<\/em>[\/vc_custom_heading][\/vc_column][\/vc_row][vc_row row_height_percent=&#8221;0&#8243; override_padding=&#8221;yes&#8221; h_padding=&#8221;2&#8243; top_padding=&#8221;0&#8243; bottom_padding=&#8221;2&#8243; overlay_alpha=&#8221;50&#8243; gutter_size=&#8221;3&#8243; column_width_percent=&#8221;100&#8243; shift_y=&#8221;0&#8243; z_index=&#8221;0&#8243; uncode_shortcode_id=&#8221;452387&#8243;][vc_column column_width_percent=&#8221;100&#8243; gutter_size=&#8221;2&#8243; overlay_alpha=&#8221;50&#8243; shift_x=&#8221;0&#8243; shift_y=&#8221;0&#8243; shift_y_down=&#8221;0&#8243; z_index=&#8221;0&#8243; medium_width=&#8221;0&#8243; mobile_width=&#8221;0&#8243; width=&#8221;1\/1&#8243; uncode_shortcode_id=&#8221;845396&#8243;][vc_empty_space empty_h=&#8221;2&#8243;][vc_column_text uncode_shortcode_id=&#8221;379710&#8243; css=&#8221;.vc_custom_1710993752559{padding-bottom: 0px !important;}&#8221;]Afin de rendre l&#8217;acc\u00e8s \u00e0 la justice et \u00e0 certaines proc\u00e9dures juridiques et administratives plus facile, nous fournissons et maintenons une liste de commissaires \u00e0 l&#8217;assermentation qui travaillent pour, ou veulent sp\u00e9cifiquement desservir, des communaut\u00e9s trans et 2SLGBTQ+. Des plus, cette liste comprend des commissaires qui sont elles\u00b7ux-m\u00eame trans, non-binaires ou bispirituelles.<\/p>\n<p>Voulez-vous vous ajouter \u00e0 cette liste, ou faire une plainte au sujet d&#8217;un\u00b7e des commissaires dans la pr\u00e9sente liste? \u00c9crivez \u00e0 Celeste Trianon \u00e0 <a href=\"mailto:celeste@juritrans.ca\">celeste@juritrans.ca<\/a>.[\/vc_column_text][\/vc_column][\/vc_row][vc_row row_height_percent=&#8221;0&#8243; override_padding=&#8221;yes&#8221; h_padding=&#8221;2&#8243; top_padding=&#8221;0&#8243; bottom_padding=&#8221;2&#8243; overlay_alpha=&#8221;50&#8243; gutter_size=&#8221;3&#8243; column_width_percent=&#8221;100&#8243; shift_y=&#8221;0&#8243; z_index=&#8221;0&#8243; uncode_shortcode_id=&#8221;452387&#8243;][vc_column column_width_percent=&#8221;100&#8243; gutter_size=&#8221;2&#8243; overlay_alpha=&#8221;50&#8243; shift_x=&#8221;0&#8243; shift_y=&#8221;0&#8243; shift_y_down=&#8221;0&#8243; z_index=&#8221;0&#8243; medium_width=&#8221;0&#8243; mobile_width=&#8221;0&#8243; width=&#8221;1\/1&#8243; uncode_shortcode_id=&#8221;845396&#8243;][vc_column_text uncode_shortcode_id=&#8221;141296&#8243; css=&#8221;.vc_custom_1710993541371{padding-bottom: 0px !important;}&#8221;]<iframe width=\"100%\" height=\"600px\" frameborder=\"0\" allowfullscreen allow=\"geolocation\" src=\"\/\/umap.openstreetmap.fr\/en\/map\/liste-de-commissaires-a-lassermentation-qc_1039796?scaleControl=false&miniMap=false&scrollWheelZoom=false&zoomControl=true&editMode=disabled&moreControl=true&searchControl=null&tilelayersControl=null&embedControl=null&datalayersControl=true&onLoadPanel=undefined&captionBar=false&captionMenus=true\"><\/iframe><\/p>\n<p>Vous pouvez \u00e9galement <a href=\"https:\/\/umap.openstreetmap.fr\/en\/map\/liste-de-commissaires-a-lassermentation-qc_1039796\" target=\"_blank\" rel=\"noopener\">visualiser la pr\u00e9sente carte dans un nouvel onglet<\/a>.[\/vc_column_text][\/vc_column][\/vc_row][vc_row row_height_percent=&#8221;0&#8243; override_padding=&#8221;yes&#8221; h_padding=&#8221;2&#8243; top_padding=&#8221;0&#8243; bottom_padding=&#8221;2&#8243; overlay_alpha=&#8221;50&#8243; gutter_size=&#8221;3&#8243; column_width_percent=&#8221;100&#8243; shift_y=&#8221;0&#8243; z_index=&#8221;0&#8243; uncode_shortcode_id=&#8221;452387&#8243;][vc_column column_width_percent=&#8221;100&#8243; gutter_size=&#8221;2&#8243; overlay_alpha=&#8221;50&#8243; shift_x=&#8221;0&#8243; shift_y=&#8221;0&#8243; shift_y_down=&#8221;0&#8243; z_index=&#8221;0&#8243; medium_width=&#8221;0&#8243; mobile_width=&#8221;0&#8243; width=&#8221;1\/1&#8243; uncode_shortcode_id=&#8221;845396&#8243;][vc_column_text uncode_shortcode_id=&#8221;982182&#8243; css=&#8221;.vc_custom_1710990823220{padding-bottom: 0px !important;}&#8221;]<\/p>\n<h3>Quand contacter un\u00b7e commissaire?<\/h3>\n<p>Vous devez notamment contacter un\u00b7e commissaire \u00e0 l&#8217;assermentation pour compl\u00e9ter certaines d\u00e9marches:<\/p>\n<ul>\n<li>des affaires judiciaires (par exemple: pour d\u00e9clarer la v\u00e9racit\u00e9 des faits \u00e0 un tribunal)<\/li>\n<li>une demande de changement de nom et\/ou de la mention du sexe<\/li>\n<li>des lettres d&#8217;autorisation pour voyage (pour personnes mineures)<\/li>\n<li>l&#8217;obtention de certains documents, tel que des copies\/remplacements de dipl\u00f4mes et le certificat de naissance albertain<\/li>\n<\/ul>\n<p>Tous les commissaires \u00e0 l&#8217;assermentation dans la pr\u00e9sente liste sont suppos\u00e9es d&#8217;offrir leurs services gratuitement. Par contre, \u00e0 noter que les commissaires \u00e0 l&#8217;assermentation, en g\u00e9n\u00e9ral, sont autoris\u00e9s \u00e0 charger un prix de 5$ pour chaque serment pr\u00eat\u00e9 (pas plus!).[\/vc_column_text][vc_empty_space empty_h=&#8221;1&#8243;][\/vc_column][\/vc_row][vc_row row_height_percent=&#8221;0&#8243; override_padding=&#8221;yes&#8221; h_padding=&#8221;2&#8243; top_padding=&#8221;0&#8243; bottom_padding=&#8221;2&#8243; overlay_alpha=&#8221;50&#8243; gutter_size=&#8221;3&#8243; column_width_percent=&#8221;100&#8243; shift_y=&#8221;0&#8243; z_index=&#8221;0&#8243; uncode_shortcode_id=&#8221;452387&#8243;][vc_column column_width_percent=&#8221;100&#8243; gutter_size=&#8221;2&#8243; overlay_alpha=&#8221;50&#8243; shift_x=&#8221;0&#8243; shift_y=&#8221;0&#8243; shift_y_down=&#8221;0&#8243; z_index=&#8221;0&#8243; medium_width=&#8221;0&#8243; mobile_width=&#8221;0&#8243; width=&#8221;1\/1&#8243; uncode_shortcode_id=&#8221;845396&#8243;][vc_column_text uncode_shortcode_id=&#8221;250081&#8243; css=&#8221;.vc_custom_1747637138175{padding-bottom: 0px !important;}&#8221;]<\/p>\n<h3>Contactez un\u00b7e commissaire \u00e0 Juritrans<\/h3>\n<p>Si vous d\u00e9sirez rejoindre un\u00b7e commissaire \u00e0 l&#8217;assermentation avec nous, vous pouvez utiliser les services que nous offrons \u00e0 travers notre <a href=\"https:\/\/juritrans.ca\/qc\/fr\/clinique-juridique-en-presentiel\/\">Service d&#8217;aide \u00e0 la transition l\u00e9gale en pr\u00e9sentiel<\/a> (offert notamment \u00e0 Montr\u00e9al et \u00e0 Qu\u00e9bec).<\/p>\n<p>Le service \u00e0 distance est en pause pour l&#8217;instant, et ce, jusqu&#8217;en automne 2024 (vu que ce programme d\u00e9pend de nos stagiaires, qui n\u2019\u0153uvrent que durant l&#8217;ann\u00e9e scolaire!)[\/vc_column_text][vc_empty_space empty_h=&#8221;1&#8243;][\/vc_column][\/vc_row][vc_row row_height_percent=&#8221;0&#8243; override_padding=&#8221;yes&#8221; h_padding=&#8221;2&#8243; top_padding=&#8221;0&#8243; bottom_padding=&#8221;2&#8243; overlay_alpha=&#8221;50&#8243; gutter_size=&#8221;3&#8243; column_width_percent=&#8221;100&#8243; shift_y=&#8221;0&#8243; z_index=&#8221;0&#8243; uncode_shortcode_id=&#8221;452387&#8243;][vc_column column_width_percent=&#8221;100&#8243; gutter_size=&#8221;2&#8243; overlay_alpha=&#8221;50&#8243; shift_x=&#8221;0&#8243; shift_y=&#8221;0&#8243; shift_y_down=&#8221;0&#8243; z_index=&#8221;0&#8243; medium_width=&#8221;0&#8243; mobile_width=&#8221;0&#8243; width=&#8221;1\/1&#8243; uncode_shortcode_id=&#8221;845396&#8243;][vc_column_text uncode_shortcode_id=&#8221;170276&#8243; css=&#8221;.vc_custom_1710993121559{padding-bottom: 0px !important;}&#8221;]<\/p>\n<h3>Cette carte est rendue possible par&#8230;<\/h3>\n<p>[\/vc_column_text][vc_row_inner][vc_column_inner width=&#8221;1\/4&#8243;][vc_single_image media=&#8221;130870&#8243; media_width_percent=&#8221;100&#8243; uncode_shortcode_id=&#8221;137440&#8243;][\/vc_column_inner][vc_column_inner width=&#8221;1\/4&#8243;][vc_column_text uncode_shortcode_id=&#8221;547465&#8243;]La Coalition des groupes jeunesse LGBTQ+ a g\u00e9r\u00e9 le projet menant, entre autres, \u00e0 la pr\u00e9sente carte.[\/vc_column_text][\/vc_column_inner][vc_column_inner width=&#8221;1\/4&#8243;][vc_single_image media=&#8221;131024&#8243; media_width_percent=&#8221;100&#8243; uncode_shortcode_id=&#8221;149810&#8243;][\/vc_column_inner][vc_column_inner width=&#8221;1\/4&#8243;][vc_column_text uncode_shortcode_id=&#8221;962304&#8243;]Le Secr\u00e9tariat \u00e0 la condition f\u00e9minine a contribu\u00e9 financi\u00e8rement \u00e0 ladite Coalition, permettant ainsi la cr\u00e9ation de la pr\u00e9sente carte.[\/vc_column_text][\/vc_column_inner][\/vc_row_inner][\/vc_column][\/vc_row]<\/p>\n<\/div>","protected":false},"excerpt":{"rendered":"<p>[vc_row row_height_percent=&#8221;50&#8243; override_padding=&#8221;yes&#8221; h_padding=&#8221;2&#8243; top_padding=&#8221;5&#8243; bottom_padding=&#8221;5&#8243; back_color=&#8221;color-wayh&#8221; back_image=&#8221;131011&#8243; back_position=&#8221;center bottom&#8221; kburns=&#8221;yes&#8221; overlay_color=&#8221;color-wayh&#8221; overlay_alpha=&#8221;50&#8243; gutter_size=&#8221;3&#8243; column_width_percent=&#8221;100&#8243; shift_y=&#8221;0&#8243; z_index=&#8221;0&#8243; bottom_divider=&#8221;gradient&#8221; uncode_shortcode_id=&#8221;146937&#8243; back_color_type=&#8221;uncode-palette&#8221; [&hellip;]<\/p>\n","protected":false},"author":1,"featured_media":0,"parent":0,"menu_order":0,"comment_status":"closed","ping_status":"closed","template":"","meta":{"footnotes":""},"class_list":["post-131005","page","type-page","status-publish","hentry"],"yoast_head":"<!-- This site is optimized with the Yoast SEO plugin v27.1.1 - https:\/\/yoast.com\/product\/yoast-seo-wordpress\/ -->\n<title>Liste de commissaires \u00e0 l&#039;assermentation - Juritrans<\/title>\n<meta name=\"description\" content=\"Liste de commissaires \u00e0 l&#039;assermentation &quot;trans-friendly&quot; (qui acceptent ouvertement de desservir les communaut\u00e9s 2SLGBTQ+ et surtout trans).\" \/>\n<meta name=\"robots\" content=\"index, follow, max-snippet:-1, max-image-preview:large, max-video-preview:-1\" \/>\n<link rel=\"canonical\" href=\"https:\/\/juritrans.ca\/qc\/fr\/liste-de-commissaires-a-lassermentation\/\" \/>\n<meta property=\"og:locale\" content=\"en_US\" \/>\n<meta property=\"og:type\" content=\"article\" \/>\n<meta property=\"og:title\" content=\"Liste de commissaires \u00e0 l&#039;assermentation - Juritrans\" \/>\n<meta property=\"og:description\" content=\"Liste de commissaires \u00e0 l&#039;assermentation &quot;trans-friendly&quot; (qui acceptent ouvertement de desservir les communaut\u00e9s 2SLGBTQ+ et surtout trans).\" \/>\n<meta property=\"og:url\" content=\"https:\/\/juritrans.ca\/qc\/fr\/liste-de-commissaires-a-lassermentation\/\" \/>\n<meta property=\"og:site_name\" content=\"Juritrans\" \/>\n<meta property=\"article:modified_time\" content=\"2025-05-19T06:45:40+00:00\" \/>\n<meta name=\"twitter:card\" content=\"summary_large_image\" \/>\n<meta name=\"twitter:label1\" content=\"Est. reading time\" \/>\n\t<meta name=\"twitter:data1\" content=\"3 minutes\" \/>\n<script type=\"application\/ld+json\" class=\"yoast-schema-graph\">{\"@context\":\"https:\/\/schema.org\",\"@graph\":[{\"@type\":\"WebPage\",\"@id\":\"https:\/\/juritrans.ca\/qc\/fr\/liste-de-commissaires-a-lassermentation\/\",\"url\":\"https:\/\/juritrans.ca\/qc\/fr\/liste-de-commissaires-a-lassermentation\/\",\"name\":\"Liste de commissaires \u00e0 l'assermentation - Juritrans\",\"isPartOf\":{\"@id\":\"https:\/\/juritrans.ca\/qc\/#website\"},\"datePublished\":\"2024-03-20T23:52:06+00:00\",\"dateModified\":\"2025-05-19T06:45:40+00:00\",\"description\":\"Liste de commissaires \u00e0 l'assermentation \\\"trans-friendly\\\" (qui acceptent ouvertement de desservir les communaut\u00e9s 2SLGBTQ+ et surtout trans).\",\"breadcrumb\":{\"@id\":\"https:\/\/juritrans.ca\/qc\/fr\/liste-de-commissaires-a-lassermentation\/#breadcrumb\"},\"inLanguage\":\"en-US\",\"potentialAction\":[{\"@type\":\"ReadAction\",\"target\":[\"https:\/\/juritrans.ca\/qc\/fr\/liste-de-commissaires-a-lassermentation\/\"]}]},{\"@type\":\"BreadcrumbList\",\"@id\":\"https:\/\/juritrans.ca\/qc\/fr\/liste-de-commissaires-a-lassermentation\/#breadcrumb\",\"itemListElement\":[{\"@type\":\"ListItem\",\"position\":1,\"name\":\"Home\",\"item\":\"https:\/\/juritrans.ca\/qc\/en\/\"},{\"@type\":\"ListItem\",\"position\":2,\"name\":\"Liste de commissaires \u00e0 l&#8217;assermentation\"}]},{\"@type\":\"WebSite\",\"@id\":\"https:\/\/juritrans.ca\/qc\/#website\",\"url\":\"https:\/\/juritrans.ca\/qc\/\",\"name\":\"Juritrans - Qu\u00e9bec\",\"description\":\"\",\"publisher\":{\"@id\":\"https:\/\/juritrans.ca\/qc\/#organization\"},\"potentialAction\":[{\"@type\":\"SearchAction\",\"target\":{\"@type\":\"EntryPoint\",\"urlTemplate\":\"https:\/\/juritrans.ca\/qc\/?s={search_term_string}\"},\"query-input\":{\"@type\":\"PropertyValueSpecification\",\"valueRequired\":true,\"valueName\":\"search_term_string\"}}],\"inLanguage\":\"en-US\"},{\"@type\":\"Organization\",\"@id\":\"https:\/\/juritrans.ca\/qc\/#organization\",\"name\":\"Juritrans\",\"url\":\"https:\/\/juritrans.ca\/qc\/\",\"logo\":{\"@type\":\"ImageObject\",\"inLanguage\":\"en-US\",\"@id\":\"https:\/\/juritrans.ca\/qc\/#\/schema\/logo\/image\/\",\"url\":\"https:\/\/i0.wp.com\/juritrans.ca\/qc\/wp-content\/uploads\/sites\/3\/2024\/01\/Untitled-design.png?fit=1080%2C1080&ssl=1\",\"contentUrl\":\"https:\/\/i0.wp.com\/juritrans.ca\/qc\/wp-content\/uploads\/sites\/3\/2024\/01\/Untitled-design.png?fit=1080%2C1080&ssl=1\",\"width\":1080,\"height\":1080,\"caption\":\"Juritrans\"},\"image\":{\"@id\":\"https:\/\/juritrans.ca\/qc\/#\/schema\/logo\/image\/\"}}]}<\/script>\n<!-- \/ Yoast SEO plugin. -->","yoast_head_json":{"title":"Liste de commissaires \u00e0 l'assermentation - Juritrans","description":"Liste de commissaires \u00e0 l'assermentation \"trans-friendly\" (qui acceptent ouvertement de desservir les communaut\u00e9s 2SLGBTQ+ et surtout trans).","robots":{"index":"index","follow":"follow","max-snippet":"max-snippet:-1","max-image-preview":"max-image-preview:large","max-video-preview":"max-video-preview:-1"},"canonical":"https:\/\/juritrans.ca\/qc\/fr\/liste-de-commissaires-a-lassermentation\/","og_locale":"en_US","og_type":"article","og_title":"Liste de commissaires \u00e0 l'assermentation - Juritrans","og_description":"Liste de commissaires \u00e0 l'assermentation \"trans-friendly\" (qui acceptent ouvertement de desservir les communaut\u00e9s 2SLGBTQ+ et surtout trans).","og_url":"https:\/\/juritrans.ca\/qc\/fr\/liste-de-commissaires-a-lassermentation\/","og_site_name":"Juritrans","article_modified_time":"2025-05-19T06:45:40+00:00","twitter_card":"summary_large_image","twitter_misc":{"Est. reading time":"3 minutes"},"schema":{"@context":"https:\/\/schema.org","@graph":[{"@type":"WebPage","@id":"https:\/\/juritrans.ca\/qc\/fr\/liste-de-commissaires-a-lassermentation\/","url":"https:\/\/juritrans.ca\/qc\/fr\/liste-de-commissaires-a-lassermentation\/","name":"Liste de commissaires \u00e0 l'assermentation - Juritrans","isPartOf":{"@id":"https:\/\/juritrans.ca\/qc\/#website"},"datePublished":"2024-03-20T23:52:06+00:00","dateModified":"2025-05-19T06:45:40+00:00","description":"Liste de commissaires \u00e0 l'assermentation \"trans-friendly\" (qui acceptent ouvertement de desservir les communaut\u00e9s 2SLGBTQ+ et surtout trans).","breadcrumb":{"@id":"https:\/\/juritrans.ca\/qc\/fr\/liste-de-commissaires-a-lassermentation\/#breadcrumb"},"inLanguage":"en-US","potentialAction":[{"@type":"ReadAction","target":["https:\/\/juritrans.ca\/qc\/fr\/liste-de-commissaires-a-lassermentation\/"]}]},{"@type":"BreadcrumbList","@id":"https:\/\/juritrans.ca\/qc\/fr\/liste-de-commissaires-a-lassermentation\/#breadcrumb","itemListElement":[{"@type":"ListItem","position":1,"name":"Home","item":"https:\/\/juritrans.ca\/qc\/en\/"},{"@type":"ListItem","position":2,"name":"Liste de commissaires \u00e0 l&#8217;assermentation"}]},{"@type":"WebSite","@id":"https:\/\/juritrans.ca\/qc\/#website","url":"https:\/\/juritrans.ca\/qc\/","name":"Juritrans - Qu\u00e9bec","description":"","publisher":{"@id":"https:\/\/juritrans.ca\/qc\/#organization"},"potentialAction":[{"@type":"SearchAction","target":{"@type":"EntryPoint","urlTemplate":"https:\/\/juritrans.ca\/qc\/?s={search_term_string}"},"query-input":{"@type":"PropertyValueSpecification","valueRequired":true,"valueName":"search_term_string"}}],"inLanguage":"en-US"},{"@type":"Organization","@id":"https:\/\/juritrans.ca\/qc\/#organization","name":"Juritrans","url":"https:\/\/juritrans.ca\/qc\/","logo":{"@type":"ImageObject","inLanguage":"en-US","@id":"https:\/\/juritrans.ca\/qc\/#\/schema\/logo\/image\/","url":"https:\/\/i0.wp.com\/juritrans.ca\/qc\/wp-content\/uploads\/sites\/3\/2024\/01\/Untitled-design.png?fit=1080%2C1080&ssl=1","contentUrl":"https:\/\/i0.wp.com\/juritrans.ca\/qc\/wp-content\/uploads\/sites\/3\/2024\/01\/Untitled-design.png?fit=1080%2C1080&ssl=1","width":1080,"height":1080,"caption":"Juritrans"},"image":{"@id":"https:\/\/juritrans.ca\/qc\/#\/schema\/logo\/image\/"}}]}},"jetpack_sharing_enabled":true,"_links":{"self":[{"href":"https:\/\/juritrans.ca\/qc\/wp-json\/wp\/v2\/pages\/131005","targetHints":{"allow":["GET"]}}],"collection":[{"href":"https:\/\/juritrans.ca\/qc\/wp-json\/wp\/v2\/pages"}],"about":[{"href":"https:\/\/juritrans.ca\/qc\/wp-json\/wp\/v2\/types\/page"}],"author":[{"embeddable":true,"href":"https:\/\/juritrans.ca\/qc\/wp-json\/wp\/v2\/users\/1"}],"replies":[{"embeddable":true,"href":"https:\/\/juritrans.ca\/qc\/wp-json\/wp\/v2\/comments?post=131005"}],"version-history":[{"count":23,"href":"https:\/\/juritrans.ca\/qc\/wp-json\/wp\/v2\/pages\/131005\/revisions"}],"predecessor-version":[{"id":131207,"href":"https:\/\/juritrans.ca\/qc\/wp-json\/wp\/v2\/pages\/131005\/revisions\/131207"}],"wp:attachment":[{"href":"https:\/\/juritrans.ca\/qc\/wp-json\/wp\/v2\/media?parent=131005"}],"curies":[{"name":"wp","href":"https:\/\/api.w.org\/{rel}","templated":true}]}}