{"id":131034,"date":"2024-03-21T00:28:22","date_gmt":"2024-03-21T04:28:22","guid":{"rendered":"https:\/\/juritrans.ca\/qc\/?page_id=131034"},"modified":"2024-03-21T00:28:22","modified_gmt":"2024-03-21T04:28:22","slug":"list-of-commissioners-for-oaths","status":"publish","type":"page","link":"https:\/\/juritrans.ca\/qc\/en\/list-of-commissioners-for-oaths\/","title":{"rendered":"List of commissioners for oaths"},"content":{"rendered":"<div class=\"wpb-content-wrapper\"><p>[vc_row row_height_percent=&#8221;50&#8243; override_padding=&#8221;yes&#8221; h_padding=&#8221;2&#8243; top_padding=&#8221;5&#8243; bottom_padding=&#8221;5&#8243; back_color=&#8221;color-wayh&#8221; back_image=&#8221;131011&#8243; back_position=&#8221;center bottom&#8221; kburns=&#8221;yes&#8221; overlay_color=&#8221;color-wayh&#8221; overlay_alpha=&#8221;50&#8243; gutter_size=&#8221;3&#8243; column_width_percent=&#8221;100&#8243; shift_y=&#8221;0&#8243; z_index=&#8221;0&#8243; bottom_divider=&#8221;gradient&#8221; uncode_shortcode_id=&#8221;146937&#8243; back_color_type=&#8221;uncode-palette&#8221; overlay_color_type=&#8221;uncode-palette&#8221;][vc_column column_width_use_pixel=&#8221;yes&#8221; position_vertical=&#8221;middle&#8221; align_horizontal=&#8221;align_center&#8221; gutter_size=&#8221;0&#8243; style=&#8221;dark&#8221; overlay_alpha=&#8221;50&#8243; shift_x=&#8221;0&#8243; shift_y=&#8221;0&#8243; shift_y_down=&#8221;0&#8243; z_index=&#8221;0&#8243; medium_width=&#8221;0&#8243; mobile_width=&#8221;0&#8243; css_animation=&#8221;bottom-t-top&#8221; animation_speed=&#8221;1000&#8243; animation_delay=&#8221;200&#8243; width=&#8221;1\/1&#8243; uncode_shortcode_id=&#8221;783658&#8243; column_width_pixel=&#8221;1000&#8243;][vc_custom_heading text_font=&#8221;font-213484&#8243; text_size=&#8221;h1&#8243; uncode_shortcode_id=&#8221;849051&#8243;]<em>List of trans &amp; trans-friendly<\/em>[\/vc_custom_heading][vc_custom_heading text_font=&#8221;font-249179&#8243; uncode_shortcode_id=&#8221;119072&#8243; el_id=&#8221;le-droit-0092741&#8243;]<span style=\"font-size: 2em;\">commissioners for oaths<br \/>\n<\/span>[\/vc_custom_heading][\/vc_column][\/vc_row][vc_row row_height_percent=&#8221;0&#8243; override_padding=&#8221;yes&#8221; h_padding=&#8221;2&#8243; top_padding=&#8221;0&#8243; bottom_padding=&#8221;2&#8243; overlay_alpha=&#8221;50&#8243; gutter_size=&#8221;3&#8243; column_width_percent=&#8221;100&#8243; shift_y=&#8221;0&#8243; z_index=&#8221;0&#8243; uncode_shortcode_id=&#8221;452387&#8243;][vc_column column_width_percent=&#8221;100&#8243; gutter_size=&#8221;2&#8243; overlay_alpha=&#8221;50&#8243; shift_x=&#8221;0&#8243; shift_y=&#8221;0&#8243; shift_y_down=&#8221;0&#8243; z_index=&#8221;0&#8243; medium_width=&#8221;0&#8243; mobile_width=&#8221;0&#8243; width=&#8221;1\/1&#8243; uncode_shortcode_id=&#8221;845396&#8243;][vc_empty_space empty_h=&#8221;2&#8243;][vc_column_text uncode_shortcode_id=&#8221;109005&#8243; css=&#8221;.vc_custom_1710994673139{padding-bottom: 0px !important;}&#8221;]As part of our access-to-justice efforts and to make certain legal and administrative affairs easier, we&#8217;ve developed \u2013 and are actively maintaining \u2013 a list of trans-friendly commissioners for oaths who work for, or who wish to specifically serve, trans and 2SLGBTQ+ communities. Additionally, this list includes many trans and non-binary commissioners for oaths themselves.<\/p>\n<p>Do you want to add yourself to this list, or wish to complain regarding someone on said list? Send an email to Celeste Trianon at <a href=\"mailto:celeste@juritrans.ca\">celeste@juritrans.ca<\/a>.[\/vc_column_text][\/vc_column][\/vc_row][vc_row row_height_percent=&#8221;0&#8243; override_padding=&#8221;yes&#8221; h_padding=&#8221;2&#8243; top_padding=&#8221;0&#8243; bottom_padding=&#8221;2&#8243; overlay_alpha=&#8221;50&#8243; gutter_size=&#8221;3&#8243; column_width_percent=&#8221;100&#8243; shift_y=&#8221;0&#8243; z_index=&#8221;0&#8243; uncode_shortcode_id=&#8221;452387&#8243;][vc_column column_width_percent=&#8221;100&#8243; gutter_size=&#8221;2&#8243; overlay_alpha=&#8221;50&#8243; shift_x=&#8221;0&#8243; shift_y=&#8221;0&#8243; shift_y_down=&#8221;0&#8243; z_index=&#8221;0&#8243; medium_width=&#8221;0&#8243; mobile_width=&#8221;0&#8243; width=&#8221;1\/1&#8243; uncode_shortcode_id=&#8221;845396&#8243;][vc_column_text uncode_shortcode_id=&#8221;415747&#8243; css=&#8221;.vc_custom_1710994698101{padding-bottom: 0px !important;}&#8221;]<iframe width=\"100%\" height=\"600px\" frameborder=\"0\" allowfullscreen allow=\"geolocation\" src=\"\/\/umap.openstreetmap.fr\/en\/map\/liste-de-commissaires-a-lassermentation-qc_1039796?scaleControl=false&miniMap=false&scrollWheelZoom=false&zoomControl=true&editMode=disabled&moreControl=true&searchControl=null&tilelayersControl=null&embedControl=null&datalayersControl=true&onLoadPanel=undefined&captionBar=false&captionMenus=true\"><\/iframe><\/p>\n<p>You can also <a href=\"https:\/\/umap.openstreetmap.fr\/en\/map\/liste-de-commissaires-a-lassermentation-qc_1039796\" target=\"_blank\" rel=\"noopener\">open this map in a new tab<\/a>.[\/vc_column_text][\/vc_column][\/vc_row][vc_row row_height_percent=&#8221;0&#8243; override_padding=&#8221;yes&#8221; h_padding=&#8221;2&#8243; top_padding=&#8221;0&#8243; bottom_padding=&#8221;2&#8243; overlay_alpha=&#8221;50&#8243; gutter_size=&#8221;3&#8243; column_width_percent=&#8221;100&#8243; shift_y=&#8221;0&#8243; z_index=&#8221;0&#8243; uncode_shortcode_id=&#8221;452387&#8243;][vc_column column_width_percent=&#8221;100&#8243; gutter_size=&#8221;2&#8243; overlay_alpha=&#8221;50&#8243; shift_x=&#8221;0&#8243; shift_y=&#8221;0&#8243; shift_y_down=&#8221;0&#8243; z_index=&#8221;0&#8243; medium_width=&#8221;0&#8243; mobile_width=&#8221;0&#8243; width=&#8221;1\/1&#8243; uncode_shortcode_id=&#8221;845396&#8243;][vc_column_text uncode_shortcode_id=&#8221;180303&#8243; css=&#8221;.vc_custom_1710995072717{padding-bottom: 0px !important;}&#8221;]<\/p>\n<h3>When should I contact a commissioner for oaths?<\/h3>\n<p>Commissioner for oaths can administer affidavits. These are required in many different scenarios:<\/p>\n<ul>\n<li>legal proceedings<\/li>\n<li>name change, gender marker change applications<\/li>\n<li>consent letters for children travelling outside of Canada<\/li>\n<li>obtaining certain documents, such as replacement diplomas and Alberta birth certificates<\/li>\n<\/ul>\n<p>All commissioners for oaths in our curated list offer services for free to 2SLGBTQ+ persons. Do note that if you seek another commissioner&#8217;s service, they can only legally charge you up to $5 per affidavit.[\/vc_column_text][vc_empty_space empty_h=&#8221;1&#8243;][\/vc_column][\/vc_row][vc_row row_height_percent=&#8221;0&#8243; override_padding=&#8221;yes&#8221; h_padding=&#8221;2&#8243; top_padding=&#8221;0&#8243; bottom_padding=&#8221;2&#8243; overlay_alpha=&#8221;50&#8243; gutter_size=&#8221;3&#8243; column_width_percent=&#8221;100&#8243; shift_y=&#8221;0&#8243; z_index=&#8221;0&#8243; uncode_shortcode_id=&#8221;452387&#8243;][vc_column column_width_percent=&#8221;100&#8243; gutter_size=&#8221;2&#8243; overlay_alpha=&#8221;50&#8243; shift_x=&#8221;0&#8243; shift_y=&#8221;0&#8243; shift_y_down=&#8221;0&#8243; z_index=&#8221;0&#8243; medium_width=&#8221;0&#8243; mobile_width=&#8221;0&#8243; width=&#8221;1\/1&#8243; uncode_shortcode_id=&#8221;845396&#8243;][vc_column_text uncode_shortcode_id=&#8221;350044&#8243; css=&#8221;.vc_custom_1710995197529{padding-bottom: 0px !important;}&#8221;]<\/p>\n<h3>Contact a commissioner for oaths with Juritrans<\/h3>\n<p>If you need the services of a commissioner for oaths, you can visit our <a href=\"https:\/\/juritrans.ca\/qc\/en\/in-person-trans-id-clinic\/\">in-person Trans ID Clinic<\/a>, offered notably in Montr\u00e9al and Qu\u00e9bec City.<\/p>\n<p>Remote affidavits is not available for the time being through us.[\/vc_column_text][vc_empty_space empty_h=&#8221;1&#8243;][\/vc_column][\/vc_row][vc_row row_height_percent=&#8221;0&#8243; override_padding=&#8221;yes&#8221; h_padding=&#8221;2&#8243; top_padding=&#8221;0&#8243; bottom_padding=&#8221;2&#8243; overlay_alpha=&#8221;50&#8243; gutter_size=&#8221;3&#8243; column_width_percent=&#8221;100&#8243; shift_y=&#8221;0&#8243; z_index=&#8221;0&#8243; uncode_shortcode_id=&#8221;452387&#8243;][vc_column column_width_percent=&#8221;100&#8243; gutter_size=&#8221;2&#8243; overlay_alpha=&#8221;50&#8243; shift_x=&#8221;0&#8243; shift_y=&#8221;0&#8243; shift_y_down=&#8221;0&#8243; z_index=&#8221;0&#8243; medium_width=&#8221;0&#8243; mobile_width=&#8221;0&#8243; width=&#8221;1\/1&#8243; uncode_shortcode_id=&#8221;845396&#8243;][vc_column_text uncode_shortcode_id=&#8221;494277&#8243; css=&#8221;.vc_custom_1710995225537{padding-bottom: 0px !important;}&#8221;]<\/p>\n<h3>This map was made possible by&#8230;<\/h3>\n<p>[\/vc_column_text][vc_row_inner][vc_column_inner width=&#8221;1\/4&#8243;][vc_single_image media=&#8221;130870&#8243; media_width_percent=&#8221;100&#8243; uncode_shortcode_id=&#8221;137440&#8243;][\/vc_column_inner][vc_column_inner width=&#8221;1\/4&#8243;][vc_column_text uncode_shortcode_id=&#8221;196948&#8243;]The <em>Coalition des groupes jeunesse LGBTQ+<\/em> was behind the project that led, amongst other things, to this map being developed.[\/vc_column_text][\/vc_column_inner][vc_column_inner width=&#8221;1\/4&#8243;][vc_single_image media=&#8221;131024&#8243; media_width_percent=&#8221;100&#8243; uncode_shortcode_id=&#8221;149810&#8243;][\/vc_column_inner][vc_column_inner width=&#8221;1\/4&#8243;][vc_column_text uncode_shortcode_id=&#8221;288641&#8243;]The <em>Secr\u00e9tariat \u00e0 la condition f\u00e9minine<\/em>&#8216;s financial contribution to the aforementioned Coalition has allowed this map to be developed.[\/vc_column_text][\/vc_column_inner][\/vc_row_inner][\/vc_column][\/vc_row]<\/p>\n<\/div>","protected":false},"excerpt":{"rendered":"<p>[vc_row row_height_percent=&#8221;50&#8243; override_padding=&#8221;yes&#8221; h_padding=&#8221;2&#8243; top_padding=&#8221;5&#8243; bottom_padding=&#8221;5&#8243; back_color=&#8221;color-wayh&#8221; back_image=&#8221;131011&#8243; back_position=&#8221;center bottom&#8221; kburns=&#8221;yes&#8221; overlay_color=&#8221;color-wayh&#8221; overlay_alpha=&#8221;50&#8243; gutter_size=&#8221;3&#8243; column_width_percent=&#8221;100&#8243; shift_y=&#8221;0&#8243; z_index=&#8221;0&#8243; bottom_divider=&#8221;gradient&#8221; uncode_shortcode_id=&#8221;146937&#8243; back_color_type=&#8221;uncode-palette&#8221; [&hellip;]<\/p>\n","protected":false},"author":1,"featured_media":0,"parent":0,"menu_order":0,"comment_status":"closed","ping_status":"closed","template":"","meta":{"footnotes":""},"class_list":["post-131034","page","type-page","status-publish","hentry"],"yoast_head":"<!-- This site is optimized with the Yoast SEO plugin v27.1.1 - https:\/\/yoast.com\/product\/yoast-seo-wordpress\/ -->\n<title>List of commissioners for oaths - Juritrans<\/title>\n<meta name=\"description\" content=\"Liste de commissaires \u00e0 l&#039;assermentation &quot;trans-friendly&quot; (qui acceptent ouvertement de desservir les communaut\u00e9s 2SLGBTQ+ et surtout trans).\" \/>\n<meta name=\"robots\" content=\"index, follow, max-snippet:-1, max-image-preview:large, max-video-preview:-1\" \/>\n<link rel=\"canonical\" href=\"https:\/\/juritrans.ca\/qc\/en\/list-of-commissioners-for-oaths\/\" \/>\n<meta property=\"og:locale\" content=\"en_US\" \/>\n<meta property=\"og:type\" content=\"article\" \/>\n<meta property=\"og:title\" content=\"List of commissioners for oaths - Juritrans\" \/>\n<meta property=\"og:description\" content=\"Liste de commissaires \u00e0 l&#039;assermentation &quot;trans-friendly&quot; (qui acceptent ouvertement de desservir les communaut\u00e9s 2SLGBTQ+ et surtout trans).\" \/>\n<meta property=\"og:url\" content=\"https:\/\/juritrans.ca\/qc\/en\/list-of-commissioners-for-oaths\/\" \/>\n<meta property=\"og:site_name\" content=\"Juritrans\" \/>\n<meta name=\"twitter:card\" content=\"summary_large_image\" \/>\n<meta name=\"twitter:label1\" content=\"Est. reading time\" \/>\n\t<meta name=\"twitter:data1\" content=\"3 minutes\" \/>\n<script type=\"application\/ld+json\" class=\"yoast-schema-graph\">{\"@context\":\"https:\/\/schema.org\",\"@graph\":[{\"@type\":\"WebPage\",\"@id\":\"https:\/\/juritrans.ca\/qc\/en\/list-of-commissioners-for-oaths\/\",\"url\":\"https:\/\/juritrans.ca\/qc\/en\/list-of-commissioners-for-oaths\/\",\"name\":\"List of commissioners for oaths - Juritrans\",\"isPartOf\":{\"@id\":\"https:\/\/juritrans.ca\/qc\/#website\"},\"datePublished\":\"2024-03-21T04:28:22+00:00\",\"description\":\"Liste de commissaires \u00e0 l'assermentation \\\"trans-friendly\\\" (qui acceptent ouvertement de desservir les communaut\u00e9s 2SLGBTQ+ et surtout trans).\",\"breadcrumb\":{\"@id\":\"https:\/\/juritrans.ca\/qc\/en\/list-of-commissioners-for-oaths\/#breadcrumb\"},\"inLanguage\":\"en-US\",\"potentialAction\":[{\"@type\":\"ReadAction\",\"target\":[\"https:\/\/juritrans.ca\/qc\/en\/list-of-commissioners-for-oaths\/\"]}]},{\"@type\":\"BreadcrumbList\",\"@id\":\"https:\/\/juritrans.ca\/qc\/en\/list-of-commissioners-for-oaths\/#breadcrumb\",\"itemListElement\":[{\"@type\":\"ListItem\",\"position\":1,\"name\":\"Home\",\"item\":\"https:\/\/juritrans.ca\/qc\/en\/\"},{\"@type\":\"ListItem\",\"position\":2,\"name\":\"List of commissioners for oaths\"}]},{\"@type\":\"WebSite\",\"@id\":\"https:\/\/juritrans.ca\/qc\/#website\",\"url\":\"https:\/\/juritrans.ca\/qc\/\",\"name\":\"Juritrans - Qu\u00e9bec\",\"description\":\"\",\"publisher\":{\"@id\":\"https:\/\/juritrans.ca\/qc\/#organization\"},\"potentialAction\":[{\"@type\":\"SearchAction\",\"target\":{\"@type\":\"EntryPoint\",\"urlTemplate\":\"https:\/\/juritrans.ca\/qc\/?s={search_term_string}\"},\"query-input\":{\"@type\":\"PropertyValueSpecification\",\"valueRequired\":true,\"valueName\":\"search_term_string\"}}],\"inLanguage\":\"en-US\"},{\"@type\":\"Organization\",\"@id\":\"https:\/\/juritrans.ca\/qc\/#organization\",\"name\":\"Juritrans\",\"url\":\"https:\/\/juritrans.ca\/qc\/\",\"logo\":{\"@type\":\"ImageObject\",\"inLanguage\":\"en-US\",\"@id\":\"https:\/\/juritrans.ca\/qc\/#\/schema\/logo\/image\/\",\"url\":\"https:\/\/i0.wp.com\/juritrans.ca\/qc\/wp-content\/uploads\/sites\/3\/2024\/01\/Untitled-design.png?fit=1080%2C1080&ssl=1\",\"contentUrl\":\"https:\/\/i0.wp.com\/juritrans.ca\/qc\/wp-content\/uploads\/sites\/3\/2024\/01\/Untitled-design.png?fit=1080%2C1080&ssl=1\",\"width\":1080,\"height\":1080,\"caption\":\"Juritrans\"},\"image\":{\"@id\":\"https:\/\/juritrans.ca\/qc\/#\/schema\/logo\/image\/\"}}]}<\/script>\n<!-- \/ Yoast SEO plugin. -->","yoast_head_json":{"title":"List of commissioners for oaths - Juritrans","description":"Liste de commissaires \u00e0 l'assermentation \"trans-friendly\" (qui acceptent ouvertement de desservir les communaut\u00e9s 2SLGBTQ+ et surtout trans).","robots":{"index":"index","follow":"follow","max-snippet":"max-snippet:-1","max-image-preview":"max-image-preview:large","max-video-preview":"max-video-preview:-1"},"canonical":"https:\/\/juritrans.ca\/qc\/en\/list-of-commissioners-for-oaths\/","og_locale":"en_US","og_type":"article","og_title":"List of commissioners for oaths - Juritrans","og_description":"Liste de commissaires \u00e0 l'assermentation \"trans-friendly\" (qui acceptent ouvertement de desservir les communaut\u00e9s 2SLGBTQ+ et surtout trans).","og_url":"https:\/\/juritrans.ca\/qc\/en\/list-of-commissioners-for-oaths\/","og_site_name":"Juritrans","twitter_card":"summary_large_image","twitter_misc":{"Est. reading time":"3 minutes"},"schema":{"@context":"https:\/\/schema.org","@graph":[{"@type":"WebPage","@id":"https:\/\/juritrans.ca\/qc\/en\/list-of-commissioners-for-oaths\/","url":"https:\/\/juritrans.ca\/qc\/en\/list-of-commissioners-for-oaths\/","name":"List of commissioners for oaths - Juritrans","isPartOf":{"@id":"https:\/\/juritrans.ca\/qc\/#website"},"datePublished":"2024-03-21T04:28:22+00:00","description":"Liste de commissaires \u00e0 l'assermentation \"trans-friendly\" (qui acceptent ouvertement de desservir les communaut\u00e9s 2SLGBTQ+ et surtout trans).","breadcrumb":{"@id":"https:\/\/juritrans.ca\/qc\/en\/list-of-commissioners-for-oaths\/#breadcrumb"},"inLanguage":"en-US","potentialAction":[{"@type":"ReadAction","target":["https:\/\/juritrans.ca\/qc\/en\/list-of-commissioners-for-oaths\/"]}]},{"@type":"BreadcrumbList","@id":"https:\/\/juritrans.ca\/qc\/en\/list-of-commissioners-for-oaths\/#breadcrumb","itemListElement":[{"@type":"ListItem","position":1,"name":"Home","item":"https:\/\/juritrans.ca\/qc\/en\/"},{"@type":"ListItem","position":2,"name":"List of commissioners for oaths"}]},{"@type":"WebSite","@id":"https:\/\/juritrans.ca\/qc\/#website","url":"https:\/\/juritrans.ca\/qc\/","name":"Juritrans - Qu\u00e9bec","description":"","publisher":{"@id":"https:\/\/juritrans.ca\/qc\/#organization"},"potentialAction":[{"@type":"SearchAction","target":{"@type":"EntryPoint","urlTemplate":"https:\/\/juritrans.ca\/qc\/?s={search_term_string}"},"query-input":{"@type":"PropertyValueSpecification","valueRequired":true,"valueName":"search_term_string"}}],"inLanguage":"en-US"},{"@type":"Organization","@id":"https:\/\/juritrans.ca\/qc\/#organization","name":"Juritrans","url":"https:\/\/juritrans.ca\/qc\/","logo":{"@type":"ImageObject","inLanguage":"en-US","@id":"https:\/\/juritrans.ca\/qc\/#\/schema\/logo\/image\/","url":"https:\/\/i0.wp.com\/juritrans.ca\/qc\/wp-content\/uploads\/sites\/3\/2024\/01\/Untitled-design.png?fit=1080%2C1080&ssl=1","contentUrl":"https:\/\/i0.wp.com\/juritrans.ca\/qc\/wp-content\/uploads\/sites\/3\/2024\/01\/Untitled-design.png?fit=1080%2C1080&ssl=1","width":1080,"height":1080,"caption":"Juritrans"},"image":{"@id":"https:\/\/juritrans.ca\/qc\/#\/schema\/logo\/image\/"}}]}},"jetpack_sharing_enabled":true,"_links":{"self":[{"href":"https:\/\/juritrans.ca\/qc\/wp-json\/wp\/v2\/pages\/131034","targetHints":{"allow":["GET"]}}],"collection":[{"href":"https:\/\/juritrans.ca\/qc\/wp-json\/wp\/v2\/pages"}],"about":[{"href":"https:\/\/juritrans.ca\/qc\/wp-json\/wp\/v2\/types\/page"}],"author":[{"embeddable":true,"href":"https:\/\/juritrans.ca\/qc\/wp-json\/wp\/v2\/users\/1"}],"replies":[{"embeddable":true,"href":"https:\/\/juritrans.ca\/qc\/wp-json\/wp\/v2\/comments?post=131034"}],"version-history":[{"count":4,"href":"https:\/\/juritrans.ca\/qc\/wp-json\/wp\/v2\/pages\/131034\/revisions"}],"predecessor-version":[{"id":131038,"href":"https:\/\/juritrans.ca\/qc\/wp-json\/wp\/v2\/pages\/131034\/revisions\/131038"}],"wp:attachment":[{"href":"https:\/\/juritrans.ca\/qc\/wp-json\/wp\/v2\/media?parent=131034"}],"curies":[{"name":"wp","href":"https:\/\/api.w.org\/{rel}","templated":true}]}}