{"id":131082,"date":"2024-07-29T20:30:02","date_gmt":"2024-07-30T00:30:02","guid":{"rendered":"https:\/\/juritrans.ca\/qc\/?page_id=131082"},"modified":"2026-03-05T15:03:50","modified_gmt":"2026-03-05T20:03:50","slug":"consultations-juridiques-gratuites-pour-personnes-trans","status":"publish","type":"page","link":"https:\/\/juritrans.ca\/qc\/fr\/consultations-juridiques-gratuites-pour-personnes-trans\/","title":{"rendered":"Consultations juridiques gratuites pour personnes trans"},"content":{"rendered":"<div class=\"wpb-content-wrapper\"><p>[vc_row row_height_percent=&#8221;0&#8243; override_padding=&#8221;yes&#8221; h_padding=&#8221;2&#8243; top_padding=&#8221;3&#8243; bottom_padding=&#8221;0&#8243; overlay_alpha=&#8221;50&#8243; gutter_size=&#8221;3&#8243; column_width_percent=&#8221;100&#8243; shift_y=&#8221;0&#8243; z_index=&#8221;0&#8243; uncode_shortcode_id=&#8221;134447&#8243;][vc_column column_width_percent=&#8221;100&#8243; gutter_size=&#8221;0&#8243; overlay_alpha=&#8221;50&#8243; shift_x=&#8221;0&#8243; shift_y=&#8221;0&#8243; shift_y_down=&#8221;0&#8243; z_index=&#8221;0&#8243; medium_width=&#8221;0&#8243; mobile_width=&#8221;0&#8243; width=&#8221;1\/1&#8243; uncode_shortcode_id=&#8221;124693&#8243;][vc_custom_heading text_font=&#8221;font-396876&#8243; text_size=&#8221;h1&#8243; sub_lead=&#8221;yes&#8221; uncode_shortcode_id=&#8221;195604&#8243;]Consultations juridiques gratuites pour personnes trans[\/vc_custom_heading][vc_custom_heading heading_semantic=&#8221;p&#8221; text_font=&#8221;font-396876&#8243; text_size=&#8221;h3&#8243; sub_lead=&#8221;yes&#8221; uncode_shortcode_id=&#8221;683473&#8243;](ainsi que leurs parents et leurs proches)[\/vc_custom_heading][\/vc_column][\/vc_row][vc_row row_height_percent=&#8221;0&#8243; override_padding=&#8221;yes&#8221; h_padding=&#8221;2&#8243; top_padding=&#8221;0&#8243; bottom_padding=&#8221;2&#8243; overlay_alpha=&#8221;50&#8243; gutter_size=&#8221;3&#8243; column_width_percent=&#8221;100&#8243; shift_y=&#8221;0&#8243; z_index=&#8221;0&#8243; uncode_shortcode_id=&#8221;452387&#8243;][vc_column column_width_percent=&#8221;100&#8243; gutter_size=&#8221;2&#8243; overlay_alpha=&#8221;50&#8243; shift_x=&#8221;0&#8243; shift_y=&#8221;0&#8243; shift_y_down=&#8221;0&#8243; z_index=&#8221;0&#8243; medium_width=&#8221;0&#8243; mobile_width=&#8221;0&#8243; width=&#8221;1\/1&#8243; uncode_shortcode_id=&#8221;845396&#8243;][vc_empty_space empty_h=&#8221;1&#8243;][vc_column_text uncode_shortcode_id=&#8221;166655&#8243; css=&#8221;.vc_custom_1772741027782{padding-bottom: 0px !important;}&#8221;]<strong>Ce projet-pilote est arriv\u00e9 \u00e0 terme. Nous esp\u00e9rons pouvoir le red\u00e9marrer en tant que service permanent dans une certaine \u00e9ventualit\u00e9.<\/strong><\/p>\n<p>Une premi\u00e8re qu\u00e9b\u00e9coise: des consultations juridiques gratuites pour personnes trans, leurs parents et leurs proches au Qu\u00e9bec! Ce projet pilote, ayant cours durant les mois d&#8217;ao\u00fbt et de septembre 2024, va permettre \u00e0 \u00e9ventuellement cr\u00e9er des services plus p\u00e9rennes au profit de ladite communaut\u00e9.<\/p>\n<p>Voici les domaines du droit que nous pouvons desservir:[\/vc_column_text][uncode_list icon=&#8221;fa fa-arrow-right&#8221; uncode_shortcode_id=&#8221;915115&#8243;]<\/p>\n<ul>\n<li>droit civil<\/li>\n<li>droit du logement (c\u00f4t\u00e9 locataires seulement)<\/li>\n<li>droit de l&#8217;emploi (c\u00f4t\u00e9 employ\u00e9\u00b7es seulement)<\/li>\n<li>droit de la famille<\/li>\n<li>droit des victimes (e.g. d&#8217;actes criminels, d&#8217;agressions sexuelles, etc.)<\/li>\n<li>droit criminel (8 ao\u00fbt seulement)<\/li>\n<li>droit de l&#8217;immigration (8-10 ao\u00fbt seulement)<\/li>\n<li>droit des r\u00e9fugi\u00e9\u00b7es*<\/li>\n<li>demandes d&#8217;\u00e9tat civil (changements de nom et\/ou de la mention du sexe, similairement \u00e0 notre <a href=\"https:\/\/juritrans.ca\/qc\/fr\/clinique-juridique-en-presentiel\/\">Service d&#8217;aide \u00e0 la transition l\u00e9gale<\/a>)<\/li>\n<li>v\u00e9rification et obtention de copie du casier judiciaire<\/li>\n<\/ul>\n<p>[\/uncode_list][vc_column_text uncode_shortcode_id=&#8221;133637&#8243;]*<em>Un processus sp\u00e9cifique sera mis en place pour la prise de rendez-vous en mati\u00e8re de droit des r\u00e9fugi\u00e9\u00b7es. Veuillez cliquer ici (TBA) afin de prendre connaissance de notre offre de services. <span style=\"text-decoration: underline;\">Aucune consultation en droit des r\u00e9fugi\u00e9\u00b7es ne sera d\u00e9cern\u00e9e \u00e0 nos kiosques pop-up.<\/span><\/em><em><br \/>\n<\/em><\/p>\n<p>Vous pouvez nous retrouver soit apr\u00e8s la <strong>Marche trans de Montr\u00e9al<\/strong> (<a href=\"http:\/\/marchetrans.com\/fr\/\">lien<\/a>), le <strong>3 ao\u00fbt 2024 entre 16h30 et 20h30 <\/strong>au parc Lafontaine, ou \u00e0 l&#8217;Esplanade du Stade Olympique dans le cadre du <strong>festival Fiert\u00e9 Montr\u00e9al<\/strong> (<a href=\"https:\/\/fiertemontreal.com\/fr\/artistes\/juritrans-2024\">lien<\/a>), les <strong>8, 9, 10 et 11 ao\u00fbt 2024 entre 17h et 20h <\/strong>(avec services limit\u00e9s jusqu&#8217;\u00e0 23h). Dans chaque cas, trouvez le kiosque <em>pop-up<\/em> avec la banni\u00e8re \u00e0 Juritrans, notre table d&#8217;accueil sera l\u00e0 pour vous accueillir![\/vc_column_text][vc_column_text uncode_shortcode_id=&#8221;183082&#8243;]Les avocat\u00b7es et notaires qui seront pr\u00e9sent\u00b7es ont \u00e9t\u00e9 pr\u00e9alablement form\u00e9\u00b7es et sensibilis\u00e9\u00b7es par nous afin d&#8217;assurer que celles\u00b7ux sont pr\u00eat\u00b7es \u00e0 aider la communaut\u00e9.[\/vc_column_text][vc_empty_space empty_h=&#8221;1&#8243;][vc_column_text uncode_shortcode_id=&#8221;135063&#8243;]<strong>Plus d&#8217;informations \u00e0 venir. <\/strong>Ce projet est gracieusement financ\u00e9 par l&#8217;entremise du Fonds d&#8217;\u00e9tudes notariales de la Chambre des notaires du Qu\u00e9bec, et impl\u00e9ment\u00e9 avec l&#8217;aide de nos partenaires chez Juripop.[\/vc_column_text][\/vc_column][\/vc_row]<\/p>\n<\/div>","protected":false},"excerpt":{"rendered":"<p>[vc_row row_height_percent=&#8221;0&#8243; override_padding=&#8221;yes&#8221; h_padding=&#8221;2&#8243; top_padding=&#8221;3&#8243; bottom_padding=&#8221;0&#8243; overlay_alpha=&#8221;50&#8243; gutter_size=&#8221;3&#8243; column_width_percent=&#8221;100&#8243; shift_y=&#8221;0&#8243; z_index=&#8221;0&#8243; uncode_shortcode_id=&#8221;134447&#8243;][vc_column column_width_percent=&#8221;100&#8243; gutter_size=&#8221;0&#8243; overlay_alpha=&#8221;50&#8243; shift_x=&#8221;0&#8243; shift_y=&#8221;0&#8243; shift_y_down=&#8221;0&#8243; z_index=&#8221;0&#8243; medium_width=&#8221;0&#8243; [&hellip;]<\/p>\n","protected":false},"author":1,"featured_media":0,"parent":0,"menu_order":0,"comment_status":"closed","ping_status":"closed","template":"","meta":{"footnotes":""},"class_list":["post-131082","page","type-page","status-publish","hentry"],"yoast_head":"<!-- This site is optimized with the Yoast SEO plugin v27.1.1 - https:\/\/yoast.com\/product\/yoast-seo-wordpress\/ -->\n<title>Consultations juridiques gratuites pour personnes trans - Juritrans<\/title>\n<meta name=\"description\" content=\"Pour les mois d&#039;ao\u00fbt et de septembre 2024, nous offrons des consultations juridiques gratuites dans une panoplie de domaines du droit.\" \/>\n<meta name=\"robots\" content=\"index, follow, max-snippet:-1, max-image-preview:large, max-video-preview:-1\" \/>\n<link rel=\"canonical\" href=\"https:\/\/juritrans.ca\/qc\/fr\/consultations-juridiques-gratuites-pour-personnes-trans\/\" \/>\n<meta property=\"og:locale\" content=\"en_US\" \/>\n<meta property=\"og:type\" content=\"article\" \/>\n<meta property=\"og:title\" content=\"Consultations juridiques gratuites pour personnes trans - Juritrans\" \/>\n<meta property=\"og:description\" content=\"Pour les mois d&#039;ao\u00fbt et de septembre 2024, nous offrons des consultations juridiques gratuites dans une panoplie de domaines du droit.\" \/>\n<meta property=\"og:url\" content=\"https:\/\/juritrans.ca\/qc\/fr\/consultations-juridiques-gratuites-pour-personnes-trans\/\" \/>\n<meta property=\"og:site_name\" content=\"Juritrans\" \/>\n<meta property=\"article:modified_time\" content=\"2026-03-05T20:03:50+00:00\" \/>\n<meta name=\"twitter:card\" content=\"summary_large_image\" \/>\n<meta name=\"twitter:label1\" content=\"Est. reading time\" \/>\n\t<meta name=\"twitter:data1\" content=\"2 minutes\" \/>\n<script type=\"application\/ld+json\" class=\"yoast-schema-graph\">{\"@context\":\"https:\/\/schema.org\",\"@graph\":[{\"@type\":\"WebPage\",\"@id\":\"https:\/\/juritrans.ca\/qc\/fr\/consultations-juridiques-gratuites-pour-personnes-trans\/\",\"url\":\"https:\/\/juritrans.ca\/qc\/fr\/consultations-juridiques-gratuites-pour-personnes-trans\/\",\"name\":\"Consultations juridiques gratuites pour personnes trans - Juritrans\",\"isPartOf\":{\"@id\":\"https:\/\/juritrans.ca\/qc\/#website\"},\"datePublished\":\"2024-07-30T00:30:02+00:00\",\"dateModified\":\"2026-03-05T20:03:50+00:00\",\"description\":\"Pour les mois d'ao\u00fbt et de septembre 2024, nous offrons des consultations juridiques gratuites dans une panoplie de domaines du droit.\",\"breadcrumb\":{\"@id\":\"https:\/\/juritrans.ca\/qc\/fr\/consultations-juridiques-gratuites-pour-personnes-trans\/#breadcrumb\"},\"inLanguage\":\"en-US\",\"potentialAction\":[{\"@type\":\"ReadAction\",\"target\":[\"https:\/\/juritrans.ca\/qc\/fr\/consultations-juridiques-gratuites-pour-personnes-trans\/\"]}]},{\"@type\":\"BreadcrumbList\",\"@id\":\"https:\/\/juritrans.ca\/qc\/fr\/consultations-juridiques-gratuites-pour-personnes-trans\/#breadcrumb\",\"itemListElement\":[{\"@type\":\"ListItem\",\"position\":1,\"name\":\"Home\",\"item\":\"https:\/\/juritrans.ca\/qc\/en\/\"},{\"@type\":\"ListItem\",\"position\":2,\"name\":\"Consultations juridiques gratuites pour personnes trans\"}]},{\"@type\":\"WebSite\",\"@id\":\"https:\/\/juritrans.ca\/qc\/#website\",\"url\":\"https:\/\/juritrans.ca\/qc\/\",\"name\":\"Juritrans - Qu\u00e9bec\",\"description\":\"\",\"publisher\":{\"@id\":\"https:\/\/juritrans.ca\/qc\/#organization\"},\"potentialAction\":[{\"@type\":\"SearchAction\",\"target\":{\"@type\":\"EntryPoint\",\"urlTemplate\":\"https:\/\/juritrans.ca\/qc\/?s={search_term_string}\"},\"query-input\":{\"@type\":\"PropertyValueSpecification\",\"valueRequired\":true,\"valueName\":\"search_term_string\"}}],\"inLanguage\":\"en-US\"},{\"@type\":\"Organization\",\"@id\":\"https:\/\/juritrans.ca\/qc\/#organization\",\"name\":\"Juritrans\",\"url\":\"https:\/\/juritrans.ca\/qc\/\",\"logo\":{\"@type\":\"ImageObject\",\"inLanguage\":\"en-US\",\"@id\":\"https:\/\/juritrans.ca\/qc\/#\/schema\/logo\/image\/\",\"url\":\"https:\/\/i0.wp.com\/juritrans.ca\/qc\/wp-content\/uploads\/sites\/3\/2024\/01\/Untitled-design.png?fit=1080%2C1080&ssl=1\",\"contentUrl\":\"https:\/\/i0.wp.com\/juritrans.ca\/qc\/wp-content\/uploads\/sites\/3\/2024\/01\/Untitled-design.png?fit=1080%2C1080&ssl=1\",\"width\":1080,\"height\":1080,\"caption\":\"Juritrans\"},\"image\":{\"@id\":\"https:\/\/juritrans.ca\/qc\/#\/schema\/logo\/image\/\"}}]}<\/script>\n<!-- \/ Yoast SEO plugin. -->","yoast_head_json":{"title":"Consultations juridiques gratuites pour personnes trans - Juritrans","description":"Pour les mois d'ao\u00fbt et de septembre 2024, nous offrons des consultations juridiques gratuites dans une panoplie de domaines du droit.","robots":{"index":"index","follow":"follow","max-snippet":"max-snippet:-1","max-image-preview":"max-image-preview:large","max-video-preview":"max-video-preview:-1"},"canonical":"https:\/\/juritrans.ca\/qc\/fr\/consultations-juridiques-gratuites-pour-personnes-trans\/","og_locale":"en_US","og_type":"article","og_title":"Consultations juridiques gratuites pour personnes trans - Juritrans","og_description":"Pour les mois d'ao\u00fbt et de septembre 2024, nous offrons des consultations juridiques gratuites dans une panoplie de domaines du droit.","og_url":"https:\/\/juritrans.ca\/qc\/fr\/consultations-juridiques-gratuites-pour-personnes-trans\/","og_site_name":"Juritrans","article_modified_time":"2026-03-05T20:03:50+00:00","twitter_card":"summary_large_image","twitter_misc":{"Est. reading time":"2 minutes"},"schema":{"@context":"https:\/\/schema.org","@graph":[{"@type":"WebPage","@id":"https:\/\/juritrans.ca\/qc\/fr\/consultations-juridiques-gratuites-pour-personnes-trans\/","url":"https:\/\/juritrans.ca\/qc\/fr\/consultations-juridiques-gratuites-pour-personnes-trans\/","name":"Consultations juridiques gratuites pour personnes trans - Juritrans","isPartOf":{"@id":"https:\/\/juritrans.ca\/qc\/#website"},"datePublished":"2024-07-30T00:30:02+00:00","dateModified":"2026-03-05T20:03:50+00:00","description":"Pour les mois d'ao\u00fbt et de septembre 2024, nous offrons des consultations juridiques gratuites dans une panoplie de domaines du droit.","breadcrumb":{"@id":"https:\/\/juritrans.ca\/qc\/fr\/consultations-juridiques-gratuites-pour-personnes-trans\/#breadcrumb"},"inLanguage":"en-US","potentialAction":[{"@type":"ReadAction","target":["https:\/\/juritrans.ca\/qc\/fr\/consultations-juridiques-gratuites-pour-personnes-trans\/"]}]},{"@type":"BreadcrumbList","@id":"https:\/\/juritrans.ca\/qc\/fr\/consultations-juridiques-gratuites-pour-personnes-trans\/#breadcrumb","itemListElement":[{"@type":"ListItem","position":1,"name":"Home","item":"https:\/\/juritrans.ca\/qc\/en\/"},{"@type":"ListItem","position":2,"name":"Consultations juridiques gratuites pour personnes trans"}]},{"@type":"WebSite","@id":"https:\/\/juritrans.ca\/qc\/#website","url":"https:\/\/juritrans.ca\/qc\/","name":"Juritrans - Qu\u00e9bec","description":"","publisher":{"@id":"https:\/\/juritrans.ca\/qc\/#organization"},"potentialAction":[{"@type":"SearchAction","target":{"@type":"EntryPoint","urlTemplate":"https:\/\/juritrans.ca\/qc\/?s={search_term_string}"},"query-input":{"@type":"PropertyValueSpecification","valueRequired":true,"valueName":"search_term_string"}}],"inLanguage":"en-US"},{"@type":"Organization","@id":"https:\/\/juritrans.ca\/qc\/#organization","name":"Juritrans","url":"https:\/\/juritrans.ca\/qc\/","logo":{"@type":"ImageObject","inLanguage":"en-US","@id":"https:\/\/juritrans.ca\/qc\/#\/schema\/logo\/image\/","url":"https:\/\/i0.wp.com\/juritrans.ca\/qc\/wp-content\/uploads\/sites\/3\/2024\/01\/Untitled-design.png?fit=1080%2C1080&ssl=1","contentUrl":"https:\/\/i0.wp.com\/juritrans.ca\/qc\/wp-content\/uploads\/sites\/3\/2024\/01\/Untitled-design.png?fit=1080%2C1080&ssl=1","width":1080,"height":1080,"caption":"Juritrans"},"image":{"@id":"https:\/\/juritrans.ca\/qc\/#\/schema\/logo\/image\/"}}]}},"jetpack_sharing_enabled":true,"_links":{"self":[{"href":"https:\/\/juritrans.ca\/qc\/wp-json\/wp\/v2\/pages\/131082","targetHints":{"allow":["GET"]}}],"collection":[{"href":"https:\/\/juritrans.ca\/qc\/wp-json\/wp\/v2\/pages"}],"about":[{"href":"https:\/\/juritrans.ca\/qc\/wp-json\/wp\/v2\/types\/page"}],"author":[{"embeddable":true,"href":"https:\/\/juritrans.ca\/qc\/wp-json\/wp\/v2\/users\/1"}],"replies":[{"embeddable":true,"href":"https:\/\/juritrans.ca\/qc\/wp-json\/wp\/v2\/comments?post=131082"}],"version-history":[{"count":8,"href":"https:\/\/juritrans.ca\/qc\/wp-json\/wp\/v2\/pages\/131082\/revisions"}],"predecessor-version":[{"id":131267,"href":"https:\/\/juritrans.ca\/qc\/wp-json\/wp\/v2\/pages\/131082\/revisions\/131267"}],"wp:attachment":[{"href":"https:\/\/juritrans.ca\/qc\/wp-json\/wp\/v2\/media?parent=131082"}],"curies":[{"name":"wp","href":"https:\/\/api.w.org\/{rel}","templated":true}]}}