{"id":131104,"date":"2024-08-22T14:09:45","date_gmt":"2024-08-22T18:09:45","guid":{"rendered":"https:\/\/juritrans.ca\/qc\/?page_id=131104"},"modified":"2024-08-23T15:21:39","modified_gmt":"2024-08-23T19:21:39","slug":"kb","status":"publish","type":"page","link":"https:\/\/juritrans.ca\/qc\/fr\/kb\/","title":{"rendered":"Point d&#8217;information sur l&#8217;\u00e9tat civil en contexte qu\u00e9b\u00e9cois"},"content":{"rendered":"<div class=\"wpb-content-wrapper\"><p>[vc_row row_height_percent=&#8221;66&#8243; override_padding=&#8221;yes&#8221; h_padding=&#8221;2&#8243; top_padding=&#8221;5&#8243; bottom_padding=&#8221;5&#8243; back_color=&#8221;color-wayh&#8221; back_image=&#8221;130648&#8243; back_position=&#8221;center bottom&#8221; kburns=&#8221;yes&#8221; overlay_color=&#8221;color-wayh&#8221; overlay_alpha=&#8221;50&#8243; gutter_size=&#8221;3&#8243; column_width_percent=&#8221;100&#8243; shift_y=&#8221;0&#8243; z_index=&#8221;0&#8243; bottom_divider=&#8221;gradient&#8221; medium_visibility=&#8221;yes&#8221; mobile_visibility=&#8221;yes&#8221; uncode_shortcode_id=&#8221;219158&#8243; back_color_type=&#8221;uncode-palette&#8221; overlay_color_type=&#8221;uncode-palette&#8221;][vc_column column_width_use_pixel=&#8221;yes&#8221; position_vertical=&#8221;middle&#8221; align_horizontal=&#8221;align_center&#8221; gutter_size=&#8221;0&#8243; style=&#8221;dark&#8221; overlay_alpha=&#8221;50&#8243; shift_x=&#8221;0&#8243; shift_y=&#8221;0&#8243; shift_y_down=&#8221;0&#8243; z_index=&#8221;0&#8243; medium_width=&#8221;0&#8243; mobile_width=&#8221;0&#8243; css_animation=&#8221;bottom-t-top&#8221; animation_speed=&#8221;1000&#8243; animation_delay=&#8221;200&#8243; width=&#8221;1\/1&#8243; uncode_shortcode_id=&#8221;783658&#8243; column_width_pixel=&#8221;1000&#8243;][vc_custom_heading text_font=&#8221;font-249179&#8243; uncode_shortcode_id=&#8221;796899&#8243; el_id=&#8221;le-droit-0092741&#8243;]<span style=\"font-size: 2.4em;\">Informations juridiques<br \/>\n<\/span>[\/vc_custom_heading][vc_custom_heading text_font=&#8221;font-213484&#8243; text_size=&#8221;h1&#8243; uncode_shortcode_id=&#8221;190212&#8243;]sur le processus de changement de nom<\/p>\n<p>et de la mention du sexe au Qu\u00e9bec[\/vc_custom_heading][\/vc_column][\/vc_row][vc_row][vc_column][vc_column_text]<\/p>\n<p class=\"\">Le changement de nom et de la mention du sexe sont des proc\u00e9dures souvent difficiles, notamment pour les personnes trans migrantes ou autrement victimis\u00e9es par la violence intersectionnelle. La quantit\u00e9 de paperasse requise pour effectuer un tel changement est souvent une barri\u00e8re significative. Obtenir son nom choisi, la mention du sexe correcte sur ses pi\u00e8ces d&#8217;identit\u00e9, c&#8217;est souvent un grand soulagement: \u00e7a peut mener \u00e0 une fin le m\u00e9genrage et morinommage constant qui pourrait autrement avoir lieu.<\/p>\n<p class=\"\">Cette ressource est directement reli\u00e9e \u00e0 nos services d&#8217;aide \u00e0 la transition l\u00e9gale \u2014 trouvez-les sur notre site web!<\/p>\n<p class=\"\">Cette page est un peu une table des mati\u00e8res pour expliquer le tout. Vous ne savez pas o\u00f9 commencer? <a href=\"https:\/\/celeste.lgbt\/fr\/transition-legale\/kb\/preface\/\">La page &#8220;Pr\u00e9face&#8221;<\/a> peut vous diriger vers les bons formulaires et les bonnes proc\u00e9dures!<\/p>\n<p>[\/vc_column_text][vc_custom_heading heading_semantic=&#8221;h3&#8243; uncode_shortcode_id=&#8221;553156&#8243;]Intenter une demande de changement d&#8217;\u00e9tat civil[\/vc_custom_heading][uncode_list icon=&#8221;fa fa-arrow-right&#8221; uncode_shortcode_id=&#8221;135505&#8243;]<\/p>\n<ul>\n<li><a href=\"https:\/\/juritrans.ca\/qc\/fr\/kb\/preface\/\">Pr\u00e9face: Quelle demande dois-je faire?<\/a><\/li>\n<li><a href=\"https:\/\/juritrans.ca\/qc\/fr\/kb\/changement-de-la-mention-du-sexe\/\">Changement de la mention du sexe (art. 70.1 ss. CcQ)<\/a>\n<ul>\n<li><a title=\"Demande de changement de la mention du sexe annot\u00e9e\" href=\"https:\/\/celeste.lgbt\/wp-content\/uploads\/2023\/01\/Demande-de-changement-de-la-mention-du-sexe-annotee.pdf\" target=\"_blank\" rel=\"noopener\">Formulaire &#8220;Demande de changement de la mention du sexe d&#8217;une personne de 18 ans ou plus&#8221; annot\u00e9 (PDF)<\/a><\/li>\n<\/ul>\n<\/li>\n<li><a href=\"https:\/\/juritrans.ca\/qc\/fr\/kb\/changement-de-nom\/\">Changement de nom (art. 58 ss. CcQ)<\/a><\/li>\n<li>Changement de l&#8217;ordre de ses pr\u00e9noms (art. 56.1 ss. CcQ) [\u00e0 venir]<\/li>\n<li><a href=\"https:\/\/juritrans.ca\/qc\/fr\/kb\/changement-de-designation-parentale\/\">Changement de d\u00e9signation parentale entre \u00abm\u00e8re\u00bb, \u00abp\u00e8re\u00bb, et \u00abparent\u00bb (art. 129.1 CcQ)<\/a><\/li>\n<li>Changement de la mention du sexe seulement au niveau f\u00e9d\u00e9ral [\u00e0 venir]<\/li>\n<\/ul>\n<p>[\/uncode_list][\/vc_column][\/vc_row]<\/p>\n<\/div>","protected":false},"excerpt":{"rendered":"<p>[vc_row row_height_percent=&#8221;66&#8243; override_padding=&#8221;yes&#8221; h_padding=&#8221;2&#8243; top_padding=&#8221;5&#8243; bottom_padding=&#8221;5&#8243; back_color=&#8221;color-wayh&#8221; back_image=&#8221;130648&#8243; back_position=&#8221;center bottom&#8221; kburns=&#8221;yes&#8221; overlay_color=&#8221;color-wayh&#8221; overlay_alpha=&#8221;50&#8243; gutter_size=&#8221;3&#8243; column_width_percent=&#8221;100&#8243; shift_y=&#8221;0&#8243; z_index=&#8221;0&#8243; bottom_divider=&#8221;gradient&#8221; medium_visibility=&#8221;yes&#8221; mobile_visibility=&#8221;yes&#8221; [&hellip;]<\/p>\n","protected":false},"author":1,"featured_media":0,"parent":0,"menu_order":0,"comment_status":"closed","ping_status":"closed","template":"","meta":{"footnotes":""},"class_list":["post-131104","page","type-page","status-publish","hentry","page_category-infos-transition-legale"],"yoast_head":"<!-- This site is optimized with the Yoast SEO plugin v27.1.1 - https:\/\/yoast.com\/product\/yoast-seo-wordpress\/ -->\n<title>Point d&#039;information sur l&#039;\u00e9tat civil en contexte qu\u00e9b\u00e9cois - Juritrans<\/title>\n<meta name=\"description\" content=\"Information sur la transition l\u00e9gale (changement de la mention du sexe et du nom) en contexte qu\u00e9b\u00e9cois, tout en une place.\" \/>\n<meta name=\"robots\" content=\"index, follow, max-snippet:-1, max-image-preview:large, max-video-preview:-1\" \/>\n<link rel=\"canonical\" href=\"https:\/\/juritrans.ca\/qc\/fr\/kb\/\" \/>\n<meta property=\"og:locale\" content=\"en_US\" \/>\n<meta property=\"og:type\" content=\"article\" \/>\n<meta property=\"og:title\" content=\"Point d&#039;information sur l&#039;\u00e9tat civil en contexte qu\u00e9b\u00e9cois - Juritrans\" \/>\n<meta property=\"og:description\" content=\"Information sur la transition l\u00e9gale (changement de la mention du sexe et du nom) en contexte qu\u00e9b\u00e9cois, tout en une place.\" \/>\n<meta property=\"og:url\" content=\"https:\/\/juritrans.ca\/qc\/fr\/kb\/\" \/>\n<meta property=\"og:site_name\" content=\"Juritrans\" \/>\n<meta property=\"article:modified_time\" content=\"2024-08-23T19:21:39+00:00\" \/>\n<meta name=\"twitter:card\" content=\"summary_large_image\" \/>\n<meta name=\"twitter:label1\" content=\"Est. reading time\" \/>\n\t<meta name=\"twitter:data1\" content=\"2 minutes\" \/>\n<script type=\"application\/ld+json\" class=\"yoast-schema-graph\">{\"@context\":\"https:\/\/schema.org\",\"@graph\":[{\"@type\":\"WebPage\",\"@id\":\"https:\/\/juritrans.ca\/qc\/fr\/kb\/\",\"url\":\"https:\/\/juritrans.ca\/qc\/fr\/kb\/\",\"name\":\"Point d'information sur l'\u00e9tat civil en contexte qu\u00e9b\u00e9cois - Juritrans\",\"isPartOf\":{\"@id\":\"https:\/\/juritrans.ca\/qc\/#website\"},\"datePublished\":\"2024-08-22T18:09:45+00:00\",\"dateModified\":\"2024-08-23T19:21:39+00:00\",\"description\":\"Information sur la transition l\u00e9gale (changement de la mention du sexe et du nom) en contexte qu\u00e9b\u00e9cois, tout en une place.\",\"breadcrumb\":{\"@id\":\"https:\/\/juritrans.ca\/qc\/fr\/kb\/#breadcrumb\"},\"inLanguage\":\"en-US\",\"potentialAction\":[{\"@type\":\"ReadAction\",\"target\":[\"https:\/\/juritrans.ca\/qc\/fr\/kb\/\"]}]},{\"@type\":\"BreadcrumbList\",\"@id\":\"https:\/\/juritrans.ca\/qc\/fr\/kb\/#breadcrumb\",\"itemListElement\":[{\"@type\":\"ListItem\",\"position\":1,\"name\":\"Home\",\"item\":\"https:\/\/juritrans.ca\/qc\/en\/\"},{\"@type\":\"ListItem\",\"position\":2,\"name\":\"Point d&#8217;information sur l&#8217;\u00e9tat civil en contexte qu\u00e9b\u00e9cois\"}]},{\"@type\":\"WebSite\",\"@id\":\"https:\/\/juritrans.ca\/qc\/#website\",\"url\":\"https:\/\/juritrans.ca\/qc\/\",\"name\":\"Juritrans - Qu\u00e9bec\",\"description\":\"\",\"publisher\":{\"@id\":\"https:\/\/juritrans.ca\/qc\/#organization\"},\"potentialAction\":[{\"@type\":\"SearchAction\",\"target\":{\"@type\":\"EntryPoint\",\"urlTemplate\":\"https:\/\/juritrans.ca\/qc\/?s={search_term_string}\"},\"query-input\":{\"@type\":\"PropertyValueSpecification\",\"valueRequired\":true,\"valueName\":\"search_term_string\"}}],\"inLanguage\":\"en-US\"},{\"@type\":\"Organization\",\"@id\":\"https:\/\/juritrans.ca\/qc\/#organization\",\"name\":\"Juritrans\",\"url\":\"https:\/\/juritrans.ca\/qc\/\",\"logo\":{\"@type\":\"ImageObject\",\"inLanguage\":\"en-US\",\"@id\":\"https:\/\/juritrans.ca\/qc\/#\/schema\/logo\/image\/\",\"url\":\"https:\/\/i0.wp.com\/juritrans.ca\/qc\/wp-content\/uploads\/sites\/3\/2024\/01\/Untitled-design.png?fit=1080%2C1080&ssl=1\",\"contentUrl\":\"https:\/\/i0.wp.com\/juritrans.ca\/qc\/wp-content\/uploads\/sites\/3\/2024\/01\/Untitled-design.png?fit=1080%2C1080&ssl=1\",\"width\":1080,\"height\":1080,\"caption\":\"Juritrans\"},\"image\":{\"@id\":\"https:\/\/juritrans.ca\/qc\/#\/schema\/logo\/image\/\"}}]}<\/script>\n<!-- \/ Yoast SEO plugin. -->","yoast_head_json":{"title":"Point d'information sur l'\u00e9tat civil en contexte qu\u00e9b\u00e9cois - Juritrans","description":"Information sur la transition l\u00e9gale (changement de la mention du sexe et du nom) en contexte qu\u00e9b\u00e9cois, tout en une place.","robots":{"index":"index","follow":"follow","max-snippet":"max-snippet:-1","max-image-preview":"max-image-preview:large","max-video-preview":"max-video-preview:-1"},"canonical":"https:\/\/juritrans.ca\/qc\/fr\/kb\/","og_locale":"en_US","og_type":"article","og_title":"Point d'information sur l'\u00e9tat civil en contexte qu\u00e9b\u00e9cois - Juritrans","og_description":"Information sur la transition l\u00e9gale (changement de la mention du sexe et du nom) en contexte qu\u00e9b\u00e9cois, tout en une place.","og_url":"https:\/\/juritrans.ca\/qc\/fr\/kb\/","og_site_name":"Juritrans","article_modified_time":"2024-08-23T19:21:39+00:00","twitter_card":"summary_large_image","twitter_misc":{"Est. reading time":"2 minutes"},"schema":{"@context":"https:\/\/schema.org","@graph":[{"@type":"WebPage","@id":"https:\/\/juritrans.ca\/qc\/fr\/kb\/","url":"https:\/\/juritrans.ca\/qc\/fr\/kb\/","name":"Point d'information sur l'\u00e9tat civil en contexte qu\u00e9b\u00e9cois - Juritrans","isPartOf":{"@id":"https:\/\/juritrans.ca\/qc\/#website"},"datePublished":"2024-08-22T18:09:45+00:00","dateModified":"2024-08-23T19:21:39+00:00","description":"Information sur la transition l\u00e9gale (changement de la mention du sexe et du nom) en contexte qu\u00e9b\u00e9cois, tout en une place.","breadcrumb":{"@id":"https:\/\/juritrans.ca\/qc\/fr\/kb\/#breadcrumb"},"inLanguage":"en-US","potentialAction":[{"@type":"ReadAction","target":["https:\/\/juritrans.ca\/qc\/fr\/kb\/"]}]},{"@type":"BreadcrumbList","@id":"https:\/\/juritrans.ca\/qc\/fr\/kb\/#breadcrumb","itemListElement":[{"@type":"ListItem","position":1,"name":"Home","item":"https:\/\/juritrans.ca\/qc\/en\/"},{"@type":"ListItem","position":2,"name":"Point d&#8217;information sur l&#8217;\u00e9tat civil en contexte qu\u00e9b\u00e9cois"}]},{"@type":"WebSite","@id":"https:\/\/juritrans.ca\/qc\/#website","url":"https:\/\/juritrans.ca\/qc\/","name":"Juritrans - Qu\u00e9bec","description":"","publisher":{"@id":"https:\/\/juritrans.ca\/qc\/#organization"},"potentialAction":[{"@type":"SearchAction","target":{"@type":"EntryPoint","urlTemplate":"https:\/\/juritrans.ca\/qc\/?s={search_term_string}"},"query-input":{"@type":"PropertyValueSpecification","valueRequired":true,"valueName":"search_term_string"}}],"inLanguage":"en-US"},{"@type":"Organization","@id":"https:\/\/juritrans.ca\/qc\/#organization","name":"Juritrans","url":"https:\/\/juritrans.ca\/qc\/","logo":{"@type":"ImageObject","inLanguage":"en-US","@id":"https:\/\/juritrans.ca\/qc\/#\/schema\/logo\/image\/","url":"https:\/\/i0.wp.com\/juritrans.ca\/qc\/wp-content\/uploads\/sites\/3\/2024\/01\/Untitled-design.png?fit=1080%2C1080&ssl=1","contentUrl":"https:\/\/i0.wp.com\/juritrans.ca\/qc\/wp-content\/uploads\/sites\/3\/2024\/01\/Untitled-design.png?fit=1080%2C1080&ssl=1","width":1080,"height":1080,"caption":"Juritrans"},"image":{"@id":"https:\/\/juritrans.ca\/qc\/#\/schema\/logo\/image\/"}}]}},"jetpack_sharing_enabled":true,"_links":{"self":[{"href":"https:\/\/juritrans.ca\/qc\/wp-json\/wp\/v2\/pages\/131104","targetHints":{"allow":["GET"]}}],"collection":[{"href":"https:\/\/juritrans.ca\/qc\/wp-json\/wp\/v2\/pages"}],"about":[{"href":"https:\/\/juritrans.ca\/qc\/wp-json\/wp\/v2\/types\/page"}],"author":[{"embeddable":true,"href":"https:\/\/juritrans.ca\/qc\/wp-json\/wp\/v2\/users\/1"}],"replies":[{"embeddable":true,"href":"https:\/\/juritrans.ca\/qc\/wp-json\/wp\/v2\/comments?post=131104"}],"version-history":[{"count":9,"href":"https:\/\/juritrans.ca\/qc\/wp-json\/wp\/v2\/pages\/131104\/revisions"}],"predecessor-version":[{"id":131135,"href":"https:\/\/juritrans.ca\/qc\/wp-json\/wp\/v2\/pages\/131104\/revisions\/131135"}],"wp:attachment":[{"href":"https:\/\/juritrans.ca\/qc\/wp-json\/wp\/v2\/media?parent=131104"}],"curies":[{"name":"wp","href":"https:\/\/api.w.org\/{rel}","templated":true}]}}