{"id":131113,"date":"2024-08-23T15:16:47","date_gmt":"2024-08-23T19:16:47","guid":{"rendered":"https:\/\/juritrans.ca\/qc\/?page_id=131113"},"modified":"2024-08-23T15:38:49","modified_gmt":"2024-08-23T19:38:49","slug":"preface","status":"publish","type":"page","link":"https:\/\/juritrans.ca\/qc\/fr\/kb\/preface\/","title":{"rendered":"Pr\u00e9face: Quelle demande devrais-je remplir?"},"content":{"rendered":"<div class=\"wpb-content-wrapper\"><p>[vc_row][vc_column][vc_column_text uncode_shortcode_id=&#8221;241921&#8243;]<\/p>\n<h1 class=\"\">Pr\u00e9face: Quelle demande dois-je faire?<\/h1>\n<p class=\"\">Le processus de transition l\u00e9gale varie d&#8217;une personne \u00e0 l&#8217;autre. Il existe plusieurs possibilit\u00e9s sur quoi faire. Les d\u00e9marches administratives vont d\u00e9pendre principalement de tes besoins: as-tu besoin de changer ta mention du sexe (c&#8217;est-\u00e0-dire ton &#8220;sexe l\u00e9gal&#8221;)? Ton pr\u00e9nom? Ton nom de famille? Deux des trois, ou tous les trois? Cette page va essayer de r\u00e9pondre \u00e0 tes questions avant que tu t&#8217;embarques dans toute la paperasse requise.<\/p>\n<p class=\"\">R\u00e9cemment, il y a eu beaucoup de changements dans le <em>Code civil du Qu\u00e9bec <\/em>qui ont fait en sorte \u00e0 ce que le processus de transition l\u00e9gale soit simplifi\u00e9 ou rendu possible pour certain.e.s. Notamment, depuis le 9 mars 2021, il n&#8217;existe plus d&#8217;exigence de citoyennet\u00e9, et depuis le 17 juin 2022, la non-binarit\u00e9 est reconnue au niveau du Directeur de l&#8217;\u00e9tat civil (le d\u00e9partement gouvernemental responsable derri\u00e8re les certificats de naissance et les changements de la mention du sexe).<\/p>\n<p>[\/vc_column_text][\/vc_column][\/vc_row][vc_row][vc_column width=&#8221;1\/1&#8243;][vc_column_text uncode_shortcode_id=&#8221;147082&#8243;]<\/p>\n<h2 class=\"\">Tableau r\u00e9capitulatif<\/h2>\n<p class=\"\">Ce tableau explique quelles demandes sont n\u00e9cessaires selon le cas. \u00c0 noter que ce tableau ne s&#8217;appliquera pas si tu n&#8217;as pas de certificat de naissance du tout et dois te pr\u00e9valoir de l&#8217;exception f\u00e9d\u00e9rale.<\/p>\n<div>\n<table data-num-cols=\"3\" data-num-rows=\"7\">\n<thead>\n<tr>\n<th class=\"\" style=\"width: 33%;\" data-label=\"Mention\">Que veux-tu changer?<\/th>\n<th class=\"\" style=\"width: 33%;\" data-label=\"&quot;M\u00e8re&quot;\"><span class=\"\"><em><strong>Changement de la mention du sexe<\/strong><\/em><br \/>\n<\/span><\/th>\n<th class=\"\" style=\"width: 33%;\" data-label=\"&quot;P\u00e8re&quot;\"><em>Changement du nom<br \/>\n<\/em><\/th>\n<\/tr>\n<\/thead>\n<tbody>\n<tr data-row=\"1\">\n<td class=\"\" data-label=\"Mention\"><span class=\"\">Mention du sexe seulement<\/span><\/td>\n<td class=\"\" data-label=\"&quot;M\u00e8re&quot;\">\u2705<\/td>\n<td class=\"\" data-label=\"&quot;P\u00e8re&quot;\">\u274c<\/td>\n<\/tr>\n<tr data-row=\"2\">\n<td class=\"\" data-label=\"Mention\"><span class=\"\">Pr\u00e9nom(s) seulement<br \/>\n<\/span><\/td>\n<td class=\"\" data-label=\"&quot;M\u00e8re&quot;\">\u274c<\/td>\n<td class=\"\" data-label=\"&quot;P\u00e8re&quot;\">\u2705<\/td>\n<\/tr>\n<tr>\n<td class=\"\">Ordre de tes pr\u00e9noms sur ton acte de naissance<\/td>\n<td class=\"\" style=\"font-weight: 400;\" colspan=\"2\" data-label=\"&quot;M\u00e8re&quot;\">Demande de substitution du pr\u00e9nom usuel<\/td>\n<\/tr>\n<tr data-row=\"3\">\n<td class=\"\" data-label=\"Mention\"><span class=\"\">Nom de famille seulement<br \/>\n<\/span><\/td>\n<td class=\"\" data-label=\"&quot;M\u00e8re&quot;\">\u274c<\/td>\n<td class=\"\" data-label=\"&quot;M\u00e8re&quot;\">\u2705<\/td>\n<\/tr>\n<tr>\n<td class=\"\">Mention du sexe et pr\u00e9nom(s)<\/td>\n<td class=\"\" data-label=\"&quot;M\u00e8re&quot;\">\u2705<\/td>\n<td class=\"\" data-label=\"&quot;M\u00e8re&quot;\">\u274c<\/td>\n<\/tr>\n<tr>\n<td class=\"\">Mention du sexe et nom de famille<\/td>\n<td class=\"\" style=\"font-weight: 400;\" colspan=\"2\" data-label=\"&quot;M\u00e8re&quot;\">Tu dois faire deux demandes s\u00e9par\u00e9ment (mention du sexe, nom de famille).<\/td>\n<\/tr>\n<tr>\n<td class=\"\">Les trois<\/td>\n<td class=\"\" style=\"font-weight: 400;\" colspan=\"2\" data-label=\"&quot;M\u00e8re&quot;\">Tu dois faire deux demandes s\u00e9par\u00e9ment (mention du sexe-pr\u00e9nom; nom de famille).<\/td>\n<\/tr>\n<\/tbody>\n<\/table>\n<\/div>\n<p>[\/vc_column_text][\/vc_column][\/vc_row][vc_row][vc_column][vc_column_text uncode_shortcode_id=&#8221;143405&#8243;]<\/p>\n<h2 class=\"\">Le changement de la mention du sexe<\/h2>\n<p class=\"\">Le changement de la mention du sexe est le processus administratif ou juridique par lequel une personne peut changer sa <strong>mention du sexe<\/strong> et, si elle le veut, <strong>son ou ses pr\u00e9nom(s)<\/strong>. Ce processus est r\u00e9gi par les articles 70.1 et suiv. du <em>Code civil du Qu\u00e9bec<\/em>. Pour pouvoir faire ainsi, une personne ou, selon son \u00e2ge, l&#8217;un de ses parents, doit envoyer une demande de changement de la mention du sexe par la poste au Directeur de l&#8217;\u00e9tat civil.<\/p>\n<p class=\"\">Le processus pour la demande varie selon l&#8217;\u00e2ge de la personne, mais peut \u00eatre fait par toute personne ayant habit\u00e9 au Qu\u00e9bec pendant un an (avec certaines exceptions). Une personne de 14 ans ou plus peut envoyer une demande soi-m\u00eame, sans consentement parental. Le parent d&#8217;une personne de 17 ans ou moins peut aussi envoyer une demande pour son enfant. Une exigence m\u00e9dicale (de fournir une lettre d&#8217;un.e professionel.le en sant\u00e9 ou en services sociaux) s&#8217;applique pour toute personne mineure voulant faire leur transition l\u00e9gale; le consentement de tous les parents de l&#8217;enfant s&#8217;applique si l&#8217;enfant a 13 ans ou moins.<\/p>\n<p>Cette demande permet de modifier ensuite sa carte d&#8217;assurance maladie, et si applicable, son permis de conduire. Les pi\u00e8ces d&#8217;identit\u00e9 f\u00e9d\u00e9rales peuvent aussi \u00eatre mis \u00e0 jour subs\u00e9quemment.<\/p>\n<p class=\"\">Le changement de la mention du sexe est gratuit la premi\u00e8re fois qu&#8217;une personne le fait pendant sa vie. Tout changement subs\u00e9quent va co\u00fbter 157 $ (index\u00e9 annuellement le 1er avril de chaque ann\u00e9e).<\/p>\n<p class=\"\">Pour plus d&#8217;information: <a href=\"https:\/\/juritrans.ca\/qc\/fr\/kb\/changement-de-la-mention-du-sexe\/\">Changement de la mention du sexe<\/a>.<\/p>\n<p>[\/vc_column_text][\/vc_column][\/vc_row][vc_row][vc_column][vc_column_text uncode_shortcode_id=&#8221;590875&#8243;]<\/p>\n<h2>Le changement de nom<\/h2>\n<p class=\"\">Le changement de nom est \u00e9galement un processus administratif, qui permet \u00e0 changer le(s) <strong>pr\u00e9nom(s)<\/strong> et\/ou le<strong> nom de famille <\/strong>d&#8217;une personne. Ce processus, r\u00e9gi par les articles 58 et suiv. du\u00a0<em>Code civil du Qu\u00e9bec<\/em>, n&#8217;implique pas de changement de la mention du sexe, donc est \u00e0 prendre seulement si tu veux changer ton nom de famille, ou si tu veux changer ton ou tes pr\u00e9nom(s) seul.<\/p>\n<p class=\"\">Le processus pour faire la demande varie selon l&#8217;\u00e2ge de la personne, mais peut \u00eatre fait par toute personne ayant habit\u00e9 au Qu\u00e9bec pendant un an. La personne voulant le changement peut envoyer la demande soi-m\u00eame d\u00e8s l&#8217;\u00e2ge de quatorze ans, mais va devoir demande un consentement de tous ses parents si elle n&#8217;a pas encore atteint l&#8217;\u00e2ge de la majorit\u00e9 (sous r\u00e9serve du de la possibilit\u00e9 d&#8217;aller au tribunal pour revendiquer le changement), <em>sauf <\/em>si la demande est intent\u00e9e \u00e0 cause de l&#8217;identit\u00e9 de genre de la demanderesse. Les parents d&#8217;un.e enfant mineur.e peut aussi envoyer une demande de changement de nom elleux-m\u00eames. Une exigence de prouver la pertinence du changement sera demand\u00e9: il faudra prouver la pertinence de la demande, notamment par la voie de d\u00e9clarations asserment\u00e9es de personnes dans ton entourage prouvant que ton ancien nom te cause des souffrances psychologiques, ou alternativement une lettre d&#8217;un.e professionel.le en sant\u00e9 ou en services sociaux expliquant la pertinence du changement.<\/p>\n<p class=\"\">Le changement de nom co\u00fbte 157 $, index\u00e9 au 1er avril de chaque ann\u00e9e.<\/p>\n<p class=\"\">Pour plus d&#8217;information: <a href=\"https:\/\/juritrans.ca\/qc\/fr\/kb\/changement-de-nom\/\">Changement de nom<\/a>.<\/p>\n<p>[\/vc_column_text][\/vc_column][\/vc_row][vc_row][vc_column][vc_column_text uncode_shortcode_id=&#8221;125613&#8243;]<\/p>\n<h2 class=\"\">Le changement de d\u00e9signation parentale<\/h2>\n<p class=\"\">Le changement de d\u00e9signation parentale permet \u00e0 un parent trans, ou \u00e0 toute autre personne voulant tout simplement \u00eatre reconnue comme &#8220;parent&#8221;, de faire refl\u00e9ter ses volont\u00e9s sur le certificat de naissance de son ou ses enfant(s). Cette proc\u00e9dure est gratuite, et varie d\u00e9pendamment de l&#8217;\u00e2ge de l&#8217;enfant concern\u00e9\u00b7e.<\/p>\n<p class=\"\">Pour plus d&#8217;information: <a href=\"https:\/\/juritrans.ca\/qc\/fr\/kb\/changement-de-designation-parentale\/\">Changement de d\u00e9signation parentale<\/a>.<\/p>\n<p>[\/vc_column_text][\/vc_column][\/vc_row][vc_row][vc_column][vc_column_text uncode_shortcode_id=&#8221;685332&#8243;]<\/p>\n<h2 class=\"\">Changer sa mention du sexe et nom de famille en m\u00eame temps<\/h2>\n<p class=\"\">Juridiquement parlant, il est impossible de faire une demande de changement de la mention du sexe et du nom de famille en m\u00eame temps: c&#8217;est interdit par r\u00e8glement. Par contre, une demande de changement de la mention du sexe ou du nom de famille peut \u00eatre d\u00e9pos\u00e9 imm\u00e9diatement apr\u00e8s qu&#8217;une autre demande est approuv\u00e9e et entr\u00e9e en vigueur (c&#8217;est-\u00e0-dire, aussit\u00f4t que tu re\u00e7ois le premier certificat de changement).<\/p>\n<p class=\"\">Si tu as besoin de changer ta mention du sexe et ton nom de famille seulement, il est important \u00e0 noter qu&#8217;une exigence de publication existe pour la partie &#8220;nom de famille&#8221;. L&#8217;ordre dans lequel tu devrais proc\u00e9der d\u00e9pend de qu&#8217;est-ce qui serait prioritaire pour toi \u2014 le changement de la mention du sexe, ou le changement de nom de famille.<\/p>\n<p class=\"\">Si tu veux changer ta mention du sexe, ton ou tes pr\u00e9nom(s), et ton nom de famille, je recommande de proc\u00e9der avec <strong>une demande de changement de la mention du sexe comprenant le changement de pr\u00e9nom<\/strong>, <strong>suivie par une demande de changement de nom de famille<\/strong>. Presque toutes les demandes de changement de nom de famille vont devoir \u00eatre publi\u00e9es; m\u00eame si une demande de changement de <em>pr\u00e9nom seulement<\/em> portant sur l&#8217;identit\u00e9 de genre ne serait pas publi\u00e9e, le Directeur de l&#8217;\u00e9tat civil ne peut utiliser cette justification pour ne pas publier un changement de <em>nom de famille <\/em>ou un changement de nom complet. Ainsi, pour minimiser la publication de tes changements, changer ta mention du sexe et ton ou tes pr\u00e9nom(s) en m\u00eame temps va faire en sorte \u00e0 ce que ton morinom (ancien pr\u00e9nom(s)) ne va pas \u00eatre publiquement reli\u00e9 \u00e0 ton ou tes nouveau(x) pr\u00e9nom(s); seul ton changement de nom de famille va l&#8217;\u00eatre.<\/p>\n<p>[\/vc_column_text][\/vc_column][\/vc_row]<\/p>\n<\/div>","protected":false},"excerpt":{"rendered":"<p>[vc_row][vc_column][vc_column_text uncode_shortcode_id=&#8221;241921&#8243;] Pr\u00e9face: Quelle demande dois-je faire? Le processus de transition l\u00e9gale varie d&#8217;une personne \u00e0 l&#8217;autre. Il existe plusieurs [&hellip;]<\/p>\n","protected":false},"author":1,"featured_media":0,"parent":131104,"menu_order":0,"comment_status":"closed","ping_status":"closed","template":"","meta":{"footnotes":""},"class_list":["post-131113","page","type-page","status-publish","hentry","page_category-infos-transition-legale"],"yoast_head":"<!-- This site is optimized with the Yoast SEO plugin v27.1.1 - https:\/\/yoast.com\/product\/yoast-seo-wordpress\/ -->\n<title>Pr\u00e9face: Quelle demande devrais-je remplir? - Juritrans<\/title>\n<meta name=\"description\" content=\"Cette page explique les diff\u00e9rentes demandes possibles dans le cadre d&#039;une transition l\u00e9gale, tel que le changement de la mention du sexe et le changement du nom.\" \/>\n<meta name=\"robots\" content=\"index, follow, max-snippet:-1, max-image-preview:large, max-video-preview:-1\" \/>\n<link rel=\"canonical\" href=\"https:\/\/juritrans.ca\/qc\/fr\/kb\/preface\/\" \/>\n<meta property=\"og:locale\" content=\"en_US\" \/>\n<meta property=\"og:type\" content=\"article\" \/>\n<meta property=\"og:title\" content=\"Pr\u00e9face: Quelle demande devrais-je remplir? - Juritrans\" \/>\n<meta property=\"og:description\" content=\"Cette page explique les diff\u00e9rentes demandes possibles dans le cadre d&#039;une transition l\u00e9gale, tel que le changement de la mention du sexe et le changement du nom.\" \/>\n<meta property=\"og:url\" content=\"https:\/\/juritrans.ca\/qc\/fr\/kb\/preface\/\" \/>\n<meta property=\"og:site_name\" content=\"Juritrans\" \/>\n<meta property=\"article:modified_time\" content=\"2024-08-23T19:38:49+00:00\" \/>\n<meta name=\"twitter:card\" content=\"summary_large_image\" \/>\n<meta name=\"twitter:label1\" content=\"Est. reading time\" \/>\n\t<meta name=\"twitter:data1\" content=\"6 minutes\" \/>\n<script type=\"application\/ld+json\" class=\"yoast-schema-graph\">{\"@context\":\"https:\/\/schema.org\",\"@graph\":[{\"@type\":\"WebPage\",\"@id\":\"https:\/\/juritrans.ca\/qc\/fr\/kb\/preface\/\",\"url\":\"https:\/\/juritrans.ca\/qc\/fr\/kb\/preface\/\",\"name\":\"Pr\u00e9face: Quelle demande devrais-je remplir? - Juritrans\",\"isPartOf\":{\"@id\":\"https:\/\/juritrans.ca\/qc\/#website\"},\"datePublished\":\"2024-08-23T19:16:47+00:00\",\"dateModified\":\"2024-08-23T19:38:49+00:00\",\"description\":\"Cette page explique les diff\u00e9rentes demandes possibles dans le cadre d'une transition l\u00e9gale, tel que le changement de la mention du sexe et le changement du nom.\",\"breadcrumb\":{\"@id\":\"https:\/\/juritrans.ca\/qc\/fr\/kb\/preface\/#breadcrumb\"},\"inLanguage\":\"en-US\",\"potentialAction\":[{\"@type\":\"ReadAction\",\"target\":[\"https:\/\/juritrans.ca\/qc\/fr\/kb\/preface\/\"]}]},{\"@type\":\"BreadcrumbList\",\"@id\":\"https:\/\/juritrans.ca\/qc\/fr\/kb\/preface\/#breadcrumb\",\"itemListElement\":[{\"@type\":\"ListItem\",\"position\":1,\"name\":\"Home\",\"item\":\"https:\/\/juritrans.ca\/qc\/en\/\"},{\"@type\":\"ListItem\",\"position\":2,\"name\":\"Point d&#8217;information sur l&#8217;\u00e9tat civil en contexte qu\u00e9b\u00e9cois\",\"item\":\"https:\/\/juritrans.ca\/qc\/fr\/kb\/\"},{\"@type\":\"ListItem\",\"position\":3,\"name\":\"Pr\u00e9face: Quelle demande devrais-je remplir?\"}]},{\"@type\":\"WebSite\",\"@id\":\"https:\/\/juritrans.ca\/qc\/#website\",\"url\":\"https:\/\/juritrans.ca\/qc\/\",\"name\":\"Juritrans - Qu\u00e9bec\",\"description\":\"\",\"publisher\":{\"@id\":\"https:\/\/juritrans.ca\/qc\/#organization\"},\"potentialAction\":[{\"@type\":\"SearchAction\",\"target\":{\"@type\":\"EntryPoint\",\"urlTemplate\":\"https:\/\/juritrans.ca\/qc\/?s={search_term_string}\"},\"query-input\":{\"@type\":\"PropertyValueSpecification\",\"valueRequired\":true,\"valueName\":\"search_term_string\"}}],\"inLanguage\":\"en-US\"},{\"@type\":\"Organization\",\"@id\":\"https:\/\/juritrans.ca\/qc\/#organization\",\"name\":\"Juritrans\",\"url\":\"https:\/\/juritrans.ca\/qc\/\",\"logo\":{\"@type\":\"ImageObject\",\"inLanguage\":\"en-US\",\"@id\":\"https:\/\/juritrans.ca\/qc\/#\/schema\/logo\/image\/\",\"url\":\"https:\/\/i0.wp.com\/juritrans.ca\/qc\/wp-content\/uploads\/sites\/3\/2024\/01\/Untitled-design.png?fit=1080%2C1080&ssl=1\",\"contentUrl\":\"https:\/\/i0.wp.com\/juritrans.ca\/qc\/wp-content\/uploads\/sites\/3\/2024\/01\/Untitled-design.png?fit=1080%2C1080&ssl=1\",\"width\":1080,\"height\":1080,\"caption\":\"Juritrans\"},\"image\":{\"@id\":\"https:\/\/juritrans.ca\/qc\/#\/schema\/logo\/image\/\"}}]}<\/script>\n<!-- \/ Yoast SEO plugin. -->","yoast_head_json":{"title":"Pr\u00e9face: Quelle demande devrais-je remplir? - Juritrans","description":"Cette page explique les diff\u00e9rentes demandes possibles dans le cadre d'une transition l\u00e9gale, tel que le changement de la mention du sexe et le changement du nom.","robots":{"index":"index","follow":"follow","max-snippet":"max-snippet:-1","max-image-preview":"max-image-preview:large","max-video-preview":"max-video-preview:-1"},"canonical":"https:\/\/juritrans.ca\/qc\/fr\/kb\/preface\/","og_locale":"en_US","og_type":"article","og_title":"Pr\u00e9face: Quelle demande devrais-je remplir? - Juritrans","og_description":"Cette page explique les diff\u00e9rentes demandes possibles dans le cadre d'une transition l\u00e9gale, tel que le changement de la mention du sexe et le changement du nom.","og_url":"https:\/\/juritrans.ca\/qc\/fr\/kb\/preface\/","og_site_name":"Juritrans","article_modified_time":"2024-08-23T19:38:49+00:00","twitter_card":"summary_large_image","twitter_misc":{"Est. reading time":"6 minutes"},"schema":{"@context":"https:\/\/schema.org","@graph":[{"@type":"WebPage","@id":"https:\/\/juritrans.ca\/qc\/fr\/kb\/preface\/","url":"https:\/\/juritrans.ca\/qc\/fr\/kb\/preface\/","name":"Pr\u00e9face: Quelle demande devrais-je remplir? - Juritrans","isPartOf":{"@id":"https:\/\/juritrans.ca\/qc\/#website"},"datePublished":"2024-08-23T19:16:47+00:00","dateModified":"2024-08-23T19:38:49+00:00","description":"Cette page explique les diff\u00e9rentes demandes possibles dans le cadre d'une transition l\u00e9gale, tel que le changement de la mention du sexe et le changement du nom.","breadcrumb":{"@id":"https:\/\/juritrans.ca\/qc\/fr\/kb\/preface\/#breadcrumb"},"inLanguage":"en-US","potentialAction":[{"@type":"ReadAction","target":["https:\/\/juritrans.ca\/qc\/fr\/kb\/preface\/"]}]},{"@type":"BreadcrumbList","@id":"https:\/\/juritrans.ca\/qc\/fr\/kb\/preface\/#breadcrumb","itemListElement":[{"@type":"ListItem","position":1,"name":"Home","item":"https:\/\/juritrans.ca\/qc\/en\/"},{"@type":"ListItem","position":2,"name":"Point d&#8217;information sur l&#8217;\u00e9tat civil en contexte qu\u00e9b\u00e9cois","item":"https:\/\/juritrans.ca\/qc\/fr\/kb\/"},{"@type":"ListItem","position":3,"name":"Pr\u00e9face: Quelle demande devrais-je remplir?"}]},{"@type":"WebSite","@id":"https:\/\/juritrans.ca\/qc\/#website","url":"https:\/\/juritrans.ca\/qc\/","name":"Juritrans - Qu\u00e9bec","description":"","publisher":{"@id":"https:\/\/juritrans.ca\/qc\/#organization"},"potentialAction":[{"@type":"SearchAction","target":{"@type":"EntryPoint","urlTemplate":"https:\/\/juritrans.ca\/qc\/?s={search_term_string}"},"query-input":{"@type":"PropertyValueSpecification","valueRequired":true,"valueName":"search_term_string"}}],"inLanguage":"en-US"},{"@type":"Organization","@id":"https:\/\/juritrans.ca\/qc\/#organization","name":"Juritrans","url":"https:\/\/juritrans.ca\/qc\/","logo":{"@type":"ImageObject","inLanguage":"en-US","@id":"https:\/\/juritrans.ca\/qc\/#\/schema\/logo\/image\/","url":"https:\/\/i0.wp.com\/juritrans.ca\/qc\/wp-content\/uploads\/sites\/3\/2024\/01\/Untitled-design.png?fit=1080%2C1080&ssl=1","contentUrl":"https:\/\/i0.wp.com\/juritrans.ca\/qc\/wp-content\/uploads\/sites\/3\/2024\/01\/Untitled-design.png?fit=1080%2C1080&ssl=1","width":1080,"height":1080,"caption":"Juritrans"},"image":{"@id":"https:\/\/juritrans.ca\/qc\/#\/schema\/logo\/image\/"}}]}},"jetpack_sharing_enabled":true,"_links":{"self":[{"href":"https:\/\/juritrans.ca\/qc\/wp-json\/wp\/v2\/pages\/131113","targetHints":{"allow":["GET"]}}],"collection":[{"href":"https:\/\/juritrans.ca\/qc\/wp-json\/wp\/v2\/pages"}],"about":[{"href":"https:\/\/juritrans.ca\/qc\/wp-json\/wp\/v2\/types\/page"}],"author":[{"embeddable":true,"href":"https:\/\/juritrans.ca\/qc\/wp-json\/wp\/v2\/users\/1"}],"replies":[{"embeddable":true,"href":"https:\/\/juritrans.ca\/qc\/wp-json\/wp\/v2\/comments?post=131113"}],"version-history":[{"count":11,"href":"https:\/\/juritrans.ca\/qc\/wp-json\/wp\/v2\/pages\/131113\/revisions"}],"predecessor-version":[{"id":131142,"href":"https:\/\/juritrans.ca\/qc\/wp-json\/wp\/v2\/pages\/131113\/revisions\/131142"}],"up":[{"embeddable":true,"href":"https:\/\/juritrans.ca\/qc\/wp-json\/wp\/v2\/pages\/131104"}],"wp:attachment":[{"href":"https:\/\/juritrans.ca\/qc\/wp-json\/wp\/v2\/media?parent=131113"}],"curies":[{"name":"wp","href":"https:\/\/api.w.org\/{rel}","templated":true}]}}