{"id":131132,"date":"2024-08-23T15:16:51","date_gmt":"2024-08-23T19:16:51","guid":{"rendered":"https:\/\/juritrans.ca\/qc\/?page_id=131132"},"modified":"2024-08-23T15:16:51","modified_gmt":"2024-08-23T19:16:51","slug":"changement-de-designation-parentale","status":"publish","type":"page","link":"https:\/\/juritrans.ca\/qc\/fr\/kb\/changement-de-designation-parentale\/","title":{"rendered":"Changement de d\u00e9signation parentale"},"content":{"rendered":"<div class=\"wpb-content-wrapper\"><p>[vc_row][vc_column width=&#8221;1\/1&#8243;][vc_column_text uncode_shortcode_id=&#8221;134917&#8243;]<\/p>\n<h1 class=\"\">Changement de d\u00e9signation parentale<\/h1>\n<p class=\"\">Le changement de d\u00e9signation parentale est un processus pour que les <strong>parents trans <\/strong>puissent voir leur identit\u00e9 de genre refl\u00e9t\u00e9 sur les certificats de naissance de leurs enfants. Il permet aussi \u00e0 ce que <strong>tout parent voulant simplement se faire r\u00e9f\u00e9rer comme &#8220;parent&#8221;<\/strong> puisse avoir cela refl\u00e9t\u00e9 l\u00e9galement. La d\u00e9signation parentale r\u00e9f\u00e8re \u00e0 comment l&#8217;on est appel\u00e9 \u2014 comme m\u00e8re, p\u00e8re, ou parent \u2014 sur un tel certificat.<\/p>\n<p class=\"\">Ce processus a \u00e9t\u00e9 introduit tout r\u00e9cemment en droit qu\u00e9b\u00e9cois. Par contre, il comprend de nombreuses particularit\u00e9s qui font en sorte \u00e0 ce que le processus varie \u2014 notamment selon l&#8217;\u00e2ge de l&#8217;enfant. Cette page explique comment le changement de la d\u00e9signation parentale, ainsi que le changement de nom, fonctionne aupr\u00e8s des parents trans.<\/p>\n<p class=\"\">Cette demande se fait<strong> par<\/strong> <strong>enfant<\/strong>, et ainsi, la d\u00e9signation comme &#8220;m\u00e8re&#8221;, &#8220;p\u00e8re&#8221; ou &#8220;parent&#8221; de l&#8217;un.e des parents d&#8217;un enfant par varier entre les multiples enfants d&#8217;un parent. Chaque demande doit \u00eatre trait\u00e9e comme sa propre demande: ainsi, si un parent a trois enfants, iel va devoir r\u00e9p\u00e9ter cette proc\u00e9dure trois fois pour changer sa d\u00e9signation parentale aupr\u00e8s desdits enfants.<\/p>\n<p>[\/vc_column_text][\/vc_column][\/vc_row][vc_row][vc_column width=&#8221;1\/1&#8243;][vc_column_text uncode_shortcode_id=&#8221;146980&#8243;]<\/p>\n<h2 class=\"\">Le r\u00e9gime de changement de d\u00e9signation parentale<\/h2>\n<p class=\"\">Une demande de changement de la d\u00e9signation parentale peut s&#8217;effectuer avec un changement de la mention du sexe, ou peut s&#8217;envoyer toute seule. Elle est gratuite.<\/p>\n<p class=\"\">La d\u00e9signation demand\u00e9e est restreinte selon la mention du sexe actuelle ou demand\u00e9e du parent en question. Celui-ci est restreint \u00e0 soit <strong>la d\u00e9signation\u00a0 typiquement correspondant \u00e0 la mention du sexe actuelle ou demand\u00e9e <\/strong>de la personne, ou <strong>la d\u00e9signation &#8220;parent&#8221;<\/strong>. Ce tableau va te montrer comment ceci est refl\u00e9t\u00e9:<\/p>\n<div>\n<table class=\"bg-table table table-bordered\" data-num-cols=\"4\" data-num-rows=\"3\">\n<thead>\n<tr>\n<th class=\"\" data-label=\"Mention\">Mention du sexe<\/th>\n<th class=\"\" data-label=\"&quot;M\u00e8re&quot;\"><span class=\"hidden-xs hidden-sm\">\u00ab <\/span>M\u00e8re<span class=\"hidden-xs hidden-sm\"> \u00bb<\/span><\/th>\n<th class=\"\" data-label=\"&quot;P\u00e8re&quot;\"><span class=\"hidden-xs hidden-sm\">\u00ab <\/span>P\u00e8re<span class=\"hidden-xs hidden-sm\"> \u00bb<\/span><\/th>\n<th class=\"\" data-label=\"&quot;Parent&quot;\"><span class=\"hidden-xs hidden-sm\">\u00ab <\/span>Parent<span class=\"hidden-xs hidden-sm\"> \u00bb<\/span><\/th>\n<\/tr>\n<\/thead>\n<tbody>\n<tr data-row=\"1\">\n<td class=\"\" data-label=\"Mention\">F\u00e9minin (F)<\/td>\n<td class=\"\" data-label=\"&quot;M\u00e8re&quot;\">\u2705<\/td>\n<td class=\"\" data-label=\"&quot;P\u00e8re&quot;\">\u274c<\/td>\n<td class=\"\" data-label=\"&quot;Parent&quot;\">\u2705<\/td>\n<\/tr>\n<tr data-row=\"2\">\n<td class=\"\" data-label=\"Mention\">Masculin (M)<\/td>\n<td class=\"\" data-label=\"&quot;M\u00e8re&quot;\">\u274c<\/td>\n<td class=\"\" data-label=\"&quot;P\u00e8re&quot;\">\u2705<\/td>\n<td class=\"\" data-label=\"&quot;Parent&quot;\">\u2705<\/td>\n<\/tr>\n<tr data-row=\"3\">\n<td class=\"\" data-label=\"Mention\">Non-binaire (X)<\/td>\n<td class=\"\" data-label=\"&quot;M\u00e8re&quot;\">\u274c<\/td>\n<td class=\"\" data-label=\"&quot;P\u00e8re&quot;\">\u274c<\/td>\n<td class=\"\" data-label=\"&quot;Parent&quot;\">\u2705<\/td>\n<\/tr>\n<\/tbody>\n<\/table>\n<\/div>\n<p class=\"\">Dans le cas qu&#8217;un changement de la mention du sexe am\u00e8nerait quelqu&#8217;un \u00e0 avoir une d\u00e9signation parentale qui n&#8217;est pas permise, l&#8217;ancienne d\u00e9signation parentale peut \u00eatre conserv\u00e9e, mais tout nouvel enfant va devoir avoir une d\u00e9signation permise. Par exemple, si Sacha, assign\u00e9.e f\u00e9minin (&#8220;F&#8221;) \u00e0 la naissance et ayant une d\u00e9signation parentale de &#8220;m\u00e8re&#8221; aupr\u00e8s de son 1er enfant, change sa mention du sexe pour la mention non-binaire (&#8220;X&#8221;), son premier enfant peut conserver la d\u00e9signation en tant que &#8220;m\u00e8re&#8221;. Par contre, si iel a un autre enfant, cellui-ci ne peut qu&#8217;avoir Sacha comme son &#8220;parent&#8221;, et non comme sa &#8220;m\u00e8re&#8221;.<\/p>\n<p class=\"\">Le r\u00e9gime varie selon si l&#8217;enfant en question a moins de quatorze (14) ans, ou quatorze ans ou plus. Peu importe l&#8217;\u00e2ge de l&#8217;enfant, le parent en question est oblig\u00e9.e par la loi d&#8217;informer son enfant du changement. Par contre, <strong>si l&#8217;enfant a quatorze ans ou plus, iel aura droit d&#8217;opposition au changement<\/strong>, et le parent va devoir <strong>soit obtenir sa signature <\/strong>sur le formulaire m\u00eame, ou <strong>notifier sa demande de changement de d\u00e9signation parentale par courrier enregistr\u00e9 <\/strong>ou huissier, en envoyant une photocopie du formulaire en question, donnant ainsi la possibilit\u00e9 \u00e0 l&#8217;enfant d&#8217;exprimer son opposition. <strong>S&#8217;il y a opposition, le Directeur de l&#8217;\u00e9tat civil peut soit pr\u00e9server ta d\u00e9signation parentale actuelle, ou effectuer le changement \u00e0 la mention &#8220;parent&#8221;<\/strong>: ainsi, ceci veut dire que le droit d&#8217;opposition n&#8217;entre en jeu que si le parent veut obtenir la d\u00e9signation de &#8220;m\u00e8re&#8221; ou de &#8220;p\u00e8re&#8221;.<\/p>\n<p class=\"\">Lorsque la notification est faite, l&#8217;enfant aura vingt jours suivant la date qu&#8217;iel re\u00e7oit le formulaire pour consentir ou s&#8217;opposer \u00e0 la demande de son parent. S&#8217;iel veut exprimer son opposition, iel doit faire ainsi au Directeur de l&#8217;\u00e9tat civil ainsi qu&#8217;au parent demandeur.se. S&#8217;iel n\u00e9glige de soit apposer son consentement ou son opposition, le changement de la d\u00e9signation parentale va \u00eatre accord\u00e9 comme si l&#8217;enfant avait consenti.<\/p>\n<p class=\"\">Si le parent n&#8217;est pas capable de notifier l&#8217;enfant, iel peut toujours envoyer sa demande au Directeur de l&#8217;\u00e9tat civil, mais cellui-ci va maintenant devoir le d\u00e9montrer qu&#8217;il est dans l&#8217;impossibilit\u00e9 \u00e0 notifier son enfant.<\/p>\n<p class=\"\">Si la demande de changement de d\u00e9signation parentale accompagne une demande de changement de la mention du sexe incluant un changement de(s) pr\u00e9nom(s), le nouveau pr\u00e9nom va toujours appara\u00eetre sur le certificat de naissance de l&#8217;enfant, sans exception. Ceci est le cas m\u00eame lorsqu&#8217;aucune demande n&#8217;est faite pour changer la d\u00e9signation parentale.<\/p>\n<p class=\"\">Il est important \u00e0 noter que lorsque la d\u00e9signation parentale est chang\u00e9e, tout comme lorsqu&#8217;un changement de nom prend effet aupr\u00e8s du parent en question, elle ne va pas faire automatiquement dispara\u00eetre le(s) certificat(s) de naissance de l&#8217;enfant! Il demeure la responsabilit\u00e9 soit du parent, ou de l&#8217;enfant, \u00e0 en commander un nouveau.<\/p>\n<p>[\/vc_column_text][\/vc_column][\/vc_row]<\/p>\n<\/div>","protected":false},"excerpt":{"rendered":"<p>[vc_row][vc_column width=&#8221;1\/1&#8243;][vc_column_text uncode_shortcode_id=&#8221;134917&#8243;] Changement de d\u00e9signation parentale Le changement de d\u00e9signation parentale est un processus pour que les parents trans [&hellip;]<\/p>\n","protected":false},"author":1,"featured_media":0,"parent":131104,"menu_order":0,"comment_status":"closed","ping_status":"closed","template":"","meta":{"footnotes":""},"class_list":["post-131132","page","type-page","status-publish","hentry","page_category-infos-transition-legale"],"yoast_head":"<!-- This site is optimized with the Yoast SEO plugin v27.1.1 - https:\/\/yoast.com\/product\/yoast-seo-wordpress\/ -->\n<title>Changement de d\u00e9signation parentale - Juritrans<\/title>\n<meta name=\"description\" content=\"Le changement de d\u00e9signation parentale est un processus par lequel un parent peut changer s&#039;iel est reconnu.e comme &quot;m\u00e8re&quot;, &quot;p\u00e8re&quot;, ou &quot;parent&quot; sur le certificat de naissance de son enfant.\" \/>\n<meta name=\"robots\" content=\"index, follow, max-snippet:-1, max-image-preview:large, max-video-preview:-1\" \/>\n<link rel=\"canonical\" href=\"https:\/\/juritrans.ca\/qc\/fr\/kb\/changement-de-designation-parentale\/\" \/>\n<meta property=\"og:locale\" content=\"en_US\" \/>\n<meta property=\"og:type\" content=\"article\" \/>\n<meta property=\"og:title\" content=\"Changement de d\u00e9signation parentale - Juritrans\" \/>\n<meta property=\"og:description\" content=\"Le changement de d\u00e9signation parentale est un processus par lequel un parent peut changer s&#039;iel est reconnu.e comme &quot;m\u00e8re&quot;, &quot;p\u00e8re&quot;, ou &quot;parent&quot; sur le certificat de naissance de son enfant.\" \/>\n<meta property=\"og:url\" content=\"https:\/\/juritrans.ca\/qc\/fr\/kb\/changement-de-designation-parentale\/\" \/>\n<meta property=\"og:site_name\" content=\"Juritrans\" \/>\n<meta name=\"twitter:card\" content=\"summary_large_image\" \/>\n<meta name=\"twitter:label1\" content=\"Est. reading time\" \/>\n\t<meta name=\"twitter:data1\" content=\"4 minutes\" \/>\n<script type=\"application\/ld+json\" class=\"yoast-schema-graph\">{\"@context\":\"https:\/\/schema.org\",\"@graph\":[{\"@type\":\"WebPage\",\"@id\":\"https:\/\/juritrans.ca\/qc\/fr\/kb\/changement-de-designation-parentale\/\",\"url\":\"https:\/\/juritrans.ca\/qc\/fr\/kb\/changement-de-designation-parentale\/\",\"name\":\"Changement de d\u00e9signation parentale - Juritrans\",\"isPartOf\":{\"@id\":\"https:\/\/juritrans.ca\/qc\/#website\"},\"datePublished\":\"2024-08-23T19:16:51+00:00\",\"description\":\"Le changement de d\u00e9signation parentale est un processus par lequel un parent peut changer s'iel est reconnu.e comme \\\"m\u00e8re\\\", \\\"p\u00e8re\\\", ou \\\"parent\\\" sur le certificat de naissance de son enfant.\",\"breadcrumb\":{\"@id\":\"https:\/\/juritrans.ca\/qc\/fr\/kb\/changement-de-designation-parentale\/#breadcrumb\"},\"inLanguage\":\"en-US\",\"potentialAction\":[{\"@type\":\"ReadAction\",\"target\":[\"https:\/\/juritrans.ca\/qc\/fr\/kb\/changement-de-designation-parentale\/\"]}]},{\"@type\":\"BreadcrumbList\",\"@id\":\"https:\/\/juritrans.ca\/qc\/fr\/kb\/changement-de-designation-parentale\/#breadcrumb\",\"itemListElement\":[{\"@type\":\"ListItem\",\"position\":1,\"name\":\"Home\",\"item\":\"https:\/\/juritrans.ca\/qc\/en\/\"},{\"@type\":\"ListItem\",\"position\":2,\"name\":\"Point d&#8217;information sur l&#8217;\u00e9tat civil en contexte qu\u00e9b\u00e9cois\",\"item\":\"https:\/\/juritrans.ca\/qc\/fr\/kb\/\"},{\"@type\":\"ListItem\",\"position\":3,\"name\":\"Changement de d\u00e9signation parentale\"}]},{\"@type\":\"WebSite\",\"@id\":\"https:\/\/juritrans.ca\/qc\/#website\",\"url\":\"https:\/\/juritrans.ca\/qc\/\",\"name\":\"Juritrans - Qu\u00e9bec\",\"description\":\"\",\"publisher\":{\"@id\":\"https:\/\/juritrans.ca\/qc\/#organization\"},\"potentialAction\":[{\"@type\":\"SearchAction\",\"target\":{\"@type\":\"EntryPoint\",\"urlTemplate\":\"https:\/\/juritrans.ca\/qc\/?s={search_term_string}\"},\"query-input\":{\"@type\":\"PropertyValueSpecification\",\"valueRequired\":true,\"valueName\":\"search_term_string\"}}],\"inLanguage\":\"en-US\"},{\"@type\":\"Organization\",\"@id\":\"https:\/\/juritrans.ca\/qc\/#organization\",\"name\":\"Juritrans\",\"url\":\"https:\/\/juritrans.ca\/qc\/\",\"logo\":{\"@type\":\"ImageObject\",\"inLanguage\":\"en-US\",\"@id\":\"https:\/\/juritrans.ca\/qc\/#\/schema\/logo\/image\/\",\"url\":\"https:\/\/i0.wp.com\/juritrans.ca\/qc\/wp-content\/uploads\/sites\/3\/2024\/01\/Untitled-design.png?fit=1080%2C1080&ssl=1\",\"contentUrl\":\"https:\/\/i0.wp.com\/juritrans.ca\/qc\/wp-content\/uploads\/sites\/3\/2024\/01\/Untitled-design.png?fit=1080%2C1080&ssl=1\",\"width\":1080,\"height\":1080,\"caption\":\"Juritrans\"},\"image\":{\"@id\":\"https:\/\/juritrans.ca\/qc\/#\/schema\/logo\/image\/\"}}]}<\/script>\n<!-- \/ Yoast SEO plugin. -->","yoast_head_json":{"title":"Changement de d\u00e9signation parentale - Juritrans","description":"Le changement de d\u00e9signation parentale est un processus par lequel un parent peut changer s'iel est reconnu.e comme \"m\u00e8re\", \"p\u00e8re\", ou \"parent\" sur le certificat de naissance de son enfant.","robots":{"index":"index","follow":"follow","max-snippet":"max-snippet:-1","max-image-preview":"max-image-preview:large","max-video-preview":"max-video-preview:-1"},"canonical":"https:\/\/juritrans.ca\/qc\/fr\/kb\/changement-de-designation-parentale\/","og_locale":"en_US","og_type":"article","og_title":"Changement de d\u00e9signation parentale - Juritrans","og_description":"Le changement de d\u00e9signation parentale est un processus par lequel un parent peut changer s'iel est reconnu.e comme \"m\u00e8re\", \"p\u00e8re\", ou \"parent\" sur le certificat de naissance de son enfant.","og_url":"https:\/\/juritrans.ca\/qc\/fr\/kb\/changement-de-designation-parentale\/","og_site_name":"Juritrans","twitter_card":"summary_large_image","twitter_misc":{"Est. reading time":"4 minutes"},"schema":{"@context":"https:\/\/schema.org","@graph":[{"@type":"WebPage","@id":"https:\/\/juritrans.ca\/qc\/fr\/kb\/changement-de-designation-parentale\/","url":"https:\/\/juritrans.ca\/qc\/fr\/kb\/changement-de-designation-parentale\/","name":"Changement de d\u00e9signation parentale - Juritrans","isPartOf":{"@id":"https:\/\/juritrans.ca\/qc\/#website"},"datePublished":"2024-08-23T19:16:51+00:00","description":"Le changement de d\u00e9signation parentale est un processus par lequel un parent peut changer s'iel est reconnu.e comme \"m\u00e8re\", \"p\u00e8re\", ou \"parent\" sur le certificat de naissance de son enfant.","breadcrumb":{"@id":"https:\/\/juritrans.ca\/qc\/fr\/kb\/changement-de-designation-parentale\/#breadcrumb"},"inLanguage":"en-US","potentialAction":[{"@type":"ReadAction","target":["https:\/\/juritrans.ca\/qc\/fr\/kb\/changement-de-designation-parentale\/"]}]},{"@type":"BreadcrumbList","@id":"https:\/\/juritrans.ca\/qc\/fr\/kb\/changement-de-designation-parentale\/#breadcrumb","itemListElement":[{"@type":"ListItem","position":1,"name":"Home","item":"https:\/\/juritrans.ca\/qc\/en\/"},{"@type":"ListItem","position":2,"name":"Point d&#8217;information sur l&#8217;\u00e9tat civil en contexte qu\u00e9b\u00e9cois","item":"https:\/\/juritrans.ca\/qc\/fr\/kb\/"},{"@type":"ListItem","position":3,"name":"Changement de d\u00e9signation parentale"}]},{"@type":"WebSite","@id":"https:\/\/juritrans.ca\/qc\/#website","url":"https:\/\/juritrans.ca\/qc\/","name":"Juritrans - Qu\u00e9bec","description":"","publisher":{"@id":"https:\/\/juritrans.ca\/qc\/#organization"},"potentialAction":[{"@type":"SearchAction","target":{"@type":"EntryPoint","urlTemplate":"https:\/\/juritrans.ca\/qc\/?s={search_term_string}"},"query-input":{"@type":"PropertyValueSpecification","valueRequired":true,"valueName":"search_term_string"}}],"inLanguage":"en-US"},{"@type":"Organization","@id":"https:\/\/juritrans.ca\/qc\/#organization","name":"Juritrans","url":"https:\/\/juritrans.ca\/qc\/","logo":{"@type":"ImageObject","inLanguage":"en-US","@id":"https:\/\/juritrans.ca\/qc\/#\/schema\/logo\/image\/","url":"https:\/\/i0.wp.com\/juritrans.ca\/qc\/wp-content\/uploads\/sites\/3\/2024\/01\/Untitled-design.png?fit=1080%2C1080&ssl=1","contentUrl":"https:\/\/i0.wp.com\/juritrans.ca\/qc\/wp-content\/uploads\/sites\/3\/2024\/01\/Untitled-design.png?fit=1080%2C1080&ssl=1","width":1080,"height":1080,"caption":"Juritrans"},"image":{"@id":"https:\/\/juritrans.ca\/qc\/#\/schema\/logo\/image\/"}}]}},"jetpack_sharing_enabled":true,"_links":{"self":[{"href":"https:\/\/juritrans.ca\/qc\/wp-json\/wp\/v2\/pages\/131132","targetHints":{"allow":["GET"]}}],"collection":[{"href":"https:\/\/juritrans.ca\/qc\/wp-json\/wp\/v2\/pages"}],"about":[{"href":"https:\/\/juritrans.ca\/qc\/wp-json\/wp\/v2\/types\/page"}],"author":[{"embeddable":true,"href":"https:\/\/juritrans.ca\/qc\/wp-json\/wp\/v2\/users\/1"}],"replies":[{"embeddable":true,"href":"https:\/\/juritrans.ca\/qc\/wp-json\/wp\/v2\/comments?post=131132"}],"version-history":[{"count":1,"href":"https:\/\/juritrans.ca\/qc\/wp-json\/wp\/v2\/pages\/131132\/revisions"}],"predecessor-version":[{"id":131133,"href":"https:\/\/juritrans.ca\/qc\/wp-json\/wp\/v2\/pages\/131132\/revisions\/131133"}],"up":[{"embeddable":true,"href":"https:\/\/juritrans.ca\/qc\/wp-json\/wp\/v2\/pages\/131104"}],"wp:attachment":[{"href":"https:\/\/juritrans.ca\/qc\/wp-json\/wp\/v2\/media?parent=131132"}],"curies":[{"name":"wp","href":"https:\/\/api.w.org\/{rel}","templated":true}]}}