{"id":131312,"date":"2026-03-22T19:42:21","date_gmt":"2026-03-22T23:42:21","guid":{"rendered":"https:\/\/juritrans.ca\/qc\/?page_id=131312"},"modified":"2026-03-22T20:02:59","modified_gmt":"2026-03-23T00:02:59","slug":"pourquoi-nous-intervenons-a-la-cour-supreme-dans-laffaire-de-la-loi-21","status":"publish","type":"page","link":"https:\/\/juritrans.ca\/qc\/fr\/pourquoi-nous-intervenons-a-la-cour-supreme-dans-laffaire-de-la-loi-21\/","title":{"rendered":"Pourquoi nous intervenons \u00e0 la Cour supr\u00eame dans l\u2019affaire de la Loi 21"},"content":{"rendered":"<div class=\"wpb-content-wrapper\"><p>[vc_row][vc_column width=&#8221;1\/1&#8243;][vc_custom_heading uncode_shortcode_id=&#8221;201805&#8243;]Pourquoi nous intervenons \u00e0 la Cour supr\u00eame dans l\u2019affaire de la Loi 21[\/vc_custom_heading][vc_column_text uncode_shortcode_id=&#8221;171376&#8243;]<em>Publi\u00e9 le 22 mars 2026<\/em><\/p>\n<p><span data-olk-copy-source=\"MessageBody\">Cette semaine, la <i>Loi sur la la\u00efcit\u00e9 de l\u2019\u00c9tat<\/i> (la \u00ab\u00a0Loi 21\u00a0\u00bb) sera d\u00e9battue devant la plus haute instance judiciaire du pays. Une des questions fondamentales de l\u2019appel est la suivante : les tribunaux ont-ils le devoir de se prononcer sur la constitutionnalit\u00e9 d\u2019une loi, m\u00eame lorsque la clause d\u00e9rogatoire (un m\u00e9canisme permettant de contourner les droits et libert\u00e9s garantis par la <i>Charte canadienne<\/i>) est invoqu\u00e9e? Ou bien, le gouvernement peut-il agir sans restrictions, m\u00eame en cas d\u2019abus, sans que les tribunaux puissent se prononcer sur la violation des droits fondamentaux des Canadien\u00b7es?<\/span><\/p>\n<p>Depuis son adoption en 2019, la Loi 21 a eu des cons\u00e9quences n\u00e9fastes, notamment pour plusieurs minorit\u00e9s religieuses. Des femmes musulmanes, entre autres, ont perdu leur emploi pour avoir exerc\u00e9 leur libert\u00e9 de religion \u2013 un droit qui fait l\u2019objet d\u2019une utilisation de la clause d\u00e9rogatoire par le l\u00e9gislateur, d\u00e9rogation renouvel\u00e9e en 2024. Aujourd\u2019hui, des situations similaires se produisent notamment en Saskatchewan et en Alberta, o\u00f9 des jeunes trans voient leurs droits fondamentaux restreints, notamment le droit d\u2019\u00eatre identifi\u00e9 par leur pr\u00e9nom choisi ou d\u2019acc\u00e9der \u00e0 des soins de sant\u00e9 essentiels, \u00e0 cause de l\u2019utilisation de la clause d\u00e9rogatoire.<\/p>\n<p>Si la position du gouvernement du Qu\u00e9bec, confirm\u00e9e par la Cour d\u2019appel, est maintenue, les tribunaux seraient impuissants face \u00e0 de telles lois, et ne pourraient m\u00eame pas examiner si les droits fondamentaux des justiciables sont affect\u00e9s par la loi. Ceci repr\u00e9senterait un recul majeur pour les droits constitutionnels au Canada et un retour en arri\u00e8re de quarante-cinq ans, avant l\u2019entr\u00e9e en vigueur de la Charte.<\/p>\n<p>\u00ab En principe, chaque personne au Canada b\u00e9n\u00e9ficie des m\u00eames droits et libert\u00e9s, et ce, peu importe sa religion ou son identit\u00e9 de genre \u00bb, souligne C\u00e9leste Trianon, fondatrice de la Clinique juridique Juritrans. \u00ab Cette affaire offre \u00e0 la Cour supr\u00eame une occasion historique de clarifier l&#8217;application de la clause d\u00e9rogatoire et de se prononcer sur la possibilit\u00e9 pour les tribunaux d\u2019\u00e9valuer une loi malgr\u00e9 l\u2019utilisation de ladite clause. Il est temps de mettre fin \u00e0 la \u00ab carte blanche \u00bb revendiqu\u00e9e par certains gouvernements provinciaux. \u00bb<\/p>\n<p><span data-olk-copy-source=\"MessageBody\">En tant que seul groupe par et pour les personnes trans \u00e0 intervenir dans ce dossier, notre position est claire : les tribunaux doivent pouvoir se prononcer sur la validit\u00e9 des lois, notamment au nom de l\u2019ind\u00e9pendance judiciaire, de la primaut\u00e9 du droit et de la protection des minorit\u00e9s, m\u00eame si la clause d\u00e9rogatoire est invoqu\u00e9e. C\u2019est le fondement m\u00eame d\u2019une d\u00e9mocratie saine.<\/span><\/p>\n<p>Nous serons entendu\u00b7es ce jeudi devant la Cour supr\u00eame. Nous remercions chaleureusement nos avocat\u00b7es Sajeda Hedaraly, Steeves Bujold, Ad. E. et Mariame Tour\u00e9 (McCarthy T\u00e9trault LLP, Montr\u00e9al) pour leur repr\u00e9sentation pro bono dans cette intervention judiciaire.<\/p>\n<p><em>Demandes m\u00e9dias: \u00e9crire \u00e0 C\u00e9leste Trianon au celeste &lt;@&gt; juritrans.ca.<\/em><\/p>\n<p>[\/vc_column_text][\/vc_column][\/vc_row]<\/p>\n<\/div>","protected":false},"excerpt":{"rendered":"<p>[vc_row][vc_column width=&#8221;1\/1&#8243;][vc_custom_heading uncode_shortcode_id=&#8221;201805&#8243;]Pourquoi nous intervenons \u00e0 la Cour supr\u00eame dans l\u2019affaire de la Loi 21[\/vc_custom_heading][vc_column_text uncode_shortcode_id=&#8221;171376&#8243;]Publi\u00e9 le 22 mars 2026 [&hellip;]<\/p>\n","protected":false},"author":1,"featured_media":0,"parent":0,"menu_order":0,"comment_status":"closed","ping_status":"closed","template":"","meta":{"footnotes":""},"class_list":["post-131312","page","type-page","status-publish","hentry"],"yoast_head":"<!-- This site is optimized with the Yoast SEO plugin v27.1.1 - https:\/\/yoast.com\/product\/yoast-seo-wordpress\/ -->\n<title>Notre intervention \u00e0 la Cour supr\u00eame portant sur la loi 21 - Juritrans<\/title>\n<meta name=\"description\" content=\"En tant que seul groupe par et pour les personnes trans \u00e0 intervenir dans ce dossier, notre position est claire : les tribunaux doivent pouvoir se prononcer sur la validit\u00e9 des lois.\" \/>\n<meta name=\"robots\" content=\"index, follow, max-snippet:-1, max-image-preview:large, max-video-preview:-1\" \/>\n<link rel=\"canonical\" href=\"https:\/\/juritrans.ca\/qc\/fr\/pourquoi-nous-intervenons-a-la-cour-supreme-dans-laffaire-de-la-loi-21\/\" \/>\n<meta property=\"og:locale\" content=\"en_US\" \/>\n<meta property=\"og:type\" content=\"article\" \/>\n<meta property=\"og:title\" content=\"Notre intervention \u00e0 la Cour supr\u00eame portant sur la loi 21 - Juritrans\" \/>\n<meta property=\"og:description\" content=\"En tant que seul groupe par et pour les personnes trans \u00e0 intervenir dans ce dossier, notre position est claire : les tribunaux doivent pouvoir se prononcer sur la validit\u00e9 des lois.\" \/>\n<meta property=\"og:url\" content=\"https:\/\/juritrans.ca\/qc\/fr\/pourquoi-nous-intervenons-a-la-cour-supreme-dans-laffaire-de-la-loi-21\/\" \/>\n<meta property=\"og:site_name\" content=\"Juritrans\" \/>\n<meta property=\"article:modified_time\" content=\"2026-03-23T00:02:59+00:00\" \/>\n<meta name=\"twitter:card\" content=\"summary_large_image\" \/>\n<meta name=\"twitter:label1\" content=\"Est. reading time\" \/>\n\t<meta name=\"twitter:data1\" content=\"3 minutes\" \/>\n<script type=\"application\/ld+json\" class=\"yoast-schema-graph\">{\"@context\":\"https:\/\/schema.org\",\"@graph\":[{\"@type\":\"WebPage\",\"@id\":\"https:\/\/juritrans.ca\/qc\/fr\/pourquoi-nous-intervenons-a-la-cour-supreme-dans-laffaire-de-la-loi-21\/\",\"url\":\"https:\/\/juritrans.ca\/qc\/fr\/pourquoi-nous-intervenons-a-la-cour-supreme-dans-laffaire-de-la-loi-21\/\",\"name\":\"Notre intervention \u00e0 la Cour supr\u00eame portant sur la loi 21 - Juritrans\",\"isPartOf\":{\"@id\":\"https:\/\/juritrans.ca\/qc\/#website\"},\"datePublished\":\"2026-03-22T23:42:21+00:00\",\"dateModified\":\"2026-03-23T00:02:59+00:00\",\"description\":\"En tant que seul groupe par et pour les personnes trans \u00e0 intervenir dans ce dossier, notre position est claire : les tribunaux doivent pouvoir se prononcer sur la validit\u00e9 des lois.\",\"breadcrumb\":{\"@id\":\"https:\/\/juritrans.ca\/qc\/fr\/pourquoi-nous-intervenons-a-la-cour-supreme-dans-laffaire-de-la-loi-21\/#breadcrumb\"},\"inLanguage\":\"en-US\",\"potentialAction\":[{\"@type\":\"ReadAction\",\"target\":[\"https:\/\/juritrans.ca\/qc\/fr\/pourquoi-nous-intervenons-a-la-cour-supreme-dans-laffaire-de-la-loi-21\/\"]}]},{\"@type\":\"BreadcrumbList\",\"@id\":\"https:\/\/juritrans.ca\/qc\/fr\/pourquoi-nous-intervenons-a-la-cour-supreme-dans-laffaire-de-la-loi-21\/#breadcrumb\",\"itemListElement\":[{\"@type\":\"ListItem\",\"position\":1,\"name\":\"Home\",\"item\":\"https:\/\/juritrans.ca\/qc\/en\/\"},{\"@type\":\"ListItem\",\"position\":2,\"name\":\"Pourquoi nous intervenons \u00e0 la Cour supr\u00eame dans l\u2019affaire de la Loi 21\"}]},{\"@type\":\"WebSite\",\"@id\":\"https:\/\/juritrans.ca\/qc\/#website\",\"url\":\"https:\/\/juritrans.ca\/qc\/\",\"name\":\"Juritrans - Qu\u00e9bec\",\"description\":\"\",\"publisher\":{\"@id\":\"https:\/\/juritrans.ca\/qc\/#organization\"},\"potentialAction\":[{\"@type\":\"SearchAction\",\"target\":{\"@type\":\"EntryPoint\",\"urlTemplate\":\"https:\/\/juritrans.ca\/qc\/?s={search_term_string}\"},\"query-input\":{\"@type\":\"PropertyValueSpecification\",\"valueRequired\":true,\"valueName\":\"search_term_string\"}}],\"inLanguage\":\"en-US\"},{\"@type\":\"Organization\",\"@id\":\"https:\/\/juritrans.ca\/qc\/#organization\",\"name\":\"Juritrans\",\"url\":\"https:\/\/juritrans.ca\/qc\/\",\"logo\":{\"@type\":\"ImageObject\",\"inLanguage\":\"en-US\",\"@id\":\"https:\/\/juritrans.ca\/qc\/#\/schema\/logo\/image\/\",\"url\":\"https:\/\/i0.wp.com\/juritrans.ca\/qc\/wp-content\/uploads\/sites\/3\/2024\/01\/Untitled-design.png?fit=1080%2C1080&ssl=1\",\"contentUrl\":\"https:\/\/i0.wp.com\/juritrans.ca\/qc\/wp-content\/uploads\/sites\/3\/2024\/01\/Untitled-design.png?fit=1080%2C1080&ssl=1\",\"width\":1080,\"height\":1080,\"caption\":\"Juritrans\"},\"image\":{\"@id\":\"https:\/\/juritrans.ca\/qc\/#\/schema\/logo\/image\/\"}}]}<\/script>\n<!-- \/ Yoast SEO plugin. -->","yoast_head_json":{"title":"Notre intervention \u00e0 la Cour supr\u00eame portant sur la loi 21 - Juritrans","description":"En tant que seul groupe par et pour les personnes trans \u00e0 intervenir dans ce dossier, notre position est claire : les tribunaux doivent pouvoir se prononcer sur la validit\u00e9 des lois.","robots":{"index":"index","follow":"follow","max-snippet":"max-snippet:-1","max-image-preview":"max-image-preview:large","max-video-preview":"max-video-preview:-1"},"canonical":"https:\/\/juritrans.ca\/qc\/fr\/pourquoi-nous-intervenons-a-la-cour-supreme-dans-laffaire-de-la-loi-21\/","og_locale":"en_US","og_type":"article","og_title":"Notre intervention \u00e0 la Cour supr\u00eame portant sur la loi 21 - Juritrans","og_description":"En tant que seul groupe par et pour les personnes trans \u00e0 intervenir dans ce dossier, notre position est claire : les tribunaux doivent pouvoir se prononcer sur la validit\u00e9 des lois.","og_url":"https:\/\/juritrans.ca\/qc\/fr\/pourquoi-nous-intervenons-a-la-cour-supreme-dans-laffaire-de-la-loi-21\/","og_site_name":"Juritrans","article_modified_time":"2026-03-23T00:02:59+00:00","twitter_card":"summary_large_image","twitter_misc":{"Est. reading time":"3 minutes"},"schema":{"@context":"https:\/\/schema.org","@graph":[{"@type":"WebPage","@id":"https:\/\/juritrans.ca\/qc\/fr\/pourquoi-nous-intervenons-a-la-cour-supreme-dans-laffaire-de-la-loi-21\/","url":"https:\/\/juritrans.ca\/qc\/fr\/pourquoi-nous-intervenons-a-la-cour-supreme-dans-laffaire-de-la-loi-21\/","name":"Notre intervention \u00e0 la Cour supr\u00eame portant sur la loi 21 - Juritrans","isPartOf":{"@id":"https:\/\/juritrans.ca\/qc\/#website"},"datePublished":"2026-03-22T23:42:21+00:00","dateModified":"2026-03-23T00:02:59+00:00","description":"En tant que seul groupe par et pour les personnes trans \u00e0 intervenir dans ce dossier, notre position est claire : les tribunaux doivent pouvoir se prononcer sur la validit\u00e9 des lois.","breadcrumb":{"@id":"https:\/\/juritrans.ca\/qc\/fr\/pourquoi-nous-intervenons-a-la-cour-supreme-dans-laffaire-de-la-loi-21\/#breadcrumb"},"inLanguage":"en-US","potentialAction":[{"@type":"ReadAction","target":["https:\/\/juritrans.ca\/qc\/fr\/pourquoi-nous-intervenons-a-la-cour-supreme-dans-laffaire-de-la-loi-21\/"]}]},{"@type":"BreadcrumbList","@id":"https:\/\/juritrans.ca\/qc\/fr\/pourquoi-nous-intervenons-a-la-cour-supreme-dans-laffaire-de-la-loi-21\/#breadcrumb","itemListElement":[{"@type":"ListItem","position":1,"name":"Home","item":"https:\/\/juritrans.ca\/qc\/en\/"},{"@type":"ListItem","position":2,"name":"Pourquoi nous intervenons \u00e0 la Cour supr\u00eame dans l\u2019affaire de la Loi 21"}]},{"@type":"WebSite","@id":"https:\/\/juritrans.ca\/qc\/#website","url":"https:\/\/juritrans.ca\/qc\/","name":"Juritrans - Qu\u00e9bec","description":"","publisher":{"@id":"https:\/\/juritrans.ca\/qc\/#organization"},"potentialAction":[{"@type":"SearchAction","target":{"@type":"EntryPoint","urlTemplate":"https:\/\/juritrans.ca\/qc\/?s={search_term_string}"},"query-input":{"@type":"PropertyValueSpecification","valueRequired":true,"valueName":"search_term_string"}}],"inLanguage":"en-US"},{"@type":"Organization","@id":"https:\/\/juritrans.ca\/qc\/#organization","name":"Juritrans","url":"https:\/\/juritrans.ca\/qc\/","logo":{"@type":"ImageObject","inLanguage":"en-US","@id":"https:\/\/juritrans.ca\/qc\/#\/schema\/logo\/image\/","url":"https:\/\/i0.wp.com\/juritrans.ca\/qc\/wp-content\/uploads\/sites\/3\/2024\/01\/Untitled-design.png?fit=1080%2C1080&ssl=1","contentUrl":"https:\/\/i0.wp.com\/juritrans.ca\/qc\/wp-content\/uploads\/sites\/3\/2024\/01\/Untitled-design.png?fit=1080%2C1080&ssl=1","width":1080,"height":1080,"caption":"Juritrans"},"image":{"@id":"https:\/\/juritrans.ca\/qc\/#\/schema\/logo\/image\/"}}]}},"jetpack_sharing_enabled":true,"_links":{"self":[{"href":"https:\/\/juritrans.ca\/qc\/wp-json\/wp\/v2\/pages\/131312","targetHints":{"allow":["GET"]}}],"collection":[{"href":"https:\/\/juritrans.ca\/qc\/wp-json\/wp\/v2\/pages"}],"about":[{"href":"https:\/\/juritrans.ca\/qc\/wp-json\/wp\/v2\/types\/page"}],"author":[{"embeddable":true,"href":"https:\/\/juritrans.ca\/qc\/wp-json\/wp\/v2\/users\/1"}],"replies":[{"embeddable":true,"href":"https:\/\/juritrans.ca\/qc\/wp-json\/wp\/v2\/comments?post=131312"}],"version-history":[{"count":4,"href":"https:\/\/juritrans.ca\/qc\/wp-json\/wp\/v2\/pages\/131312\/revisions"}],"predecessor-version":[{"id":131324,"href":"https:\/\/juritrans.ca\/qc\/wp-json\/wp\/v2\/pages\/131312\/revisions\/131324"}],"wp:attachment":[{"href":"https:\/\/juritrans.ca\/qc\/wp-json\/wp\/v2\/media?parent=131312"}],"curies":[{"name":"wp","href":"https:\/\/api.w.org\/{rel}","templated":true}]}}